{"id":3240,"date":"2010-03-24T20:12:52","date_gmt":"2010-03-24T20:12:52","guid":{"rendered":"http:\/\/www.kaminakeskus.ee\/?page_id=3240"},"modified":"2010-04-23T12:51:48","modified_gmt":"2010-04-23T12:51:48","slug":"invicta","status":"publish","type":"page","link":"https:\/\/www.kaminakeskus.ee\/fi\/takat\/takkasydamet\/invicta\/","title":{"rendered":"Invicta"},"content":{"rendered":"<div class=\"pagecontent\">\n<h1>Invicta<\/h1>\n<div>\n<strong><img decoding=\"async\" src=\"http:\/\/www.kaminakeskus.ee\/docs\/pics\/invicta.gif\" alt=\"\" width=\"109\" height=\"41\" \/> <\/strong><strong><br \/>\n<\/strong><span style=\"color: #ff0000; font-size: x-small;\"><a href=\"http:\/\/www.invicta-sa.com\/pages\/produits\/chauffage\/foyers_inserts\/flameo.html\"><strong>http:\/\/www.invicta-sa.com\/pages\/produits\/chauffage\/foyers_inserts\/flameo.html<\/strong><\/a><\/span><\/p>\n<\/div>\n<\/div>\n","protected":false},"excerpt":{"rendered":"<p>Invicta http:\/\/www.invicta-sa.com\/pages\/produits\/chauffage\/foyers_inserts\/flameo.html<\/p>\n","protected":false},"author":3,"featured_media":0,"parent":3219,"menu_order":0,"comment_status":"open","ping_status":"open","template":"","meta":{"footnotes":""},"class_list":["post-3240","page","type-page","status-publish","hentry"],"yoast_head":"<!-- This site is optimized with the Yoast SEO Premium plugin v27.3 (Yoast SEO v27.3) - https:\/\/yoast.com\/product\/yoast-seo-premium-wordpress\/ -->\n<title>KaminaKeskus<\/title>\n<meta name=\"description\" content=\"Kaminate, pliitide, ahjude ja korstnate m\u00fc\u00fck\" \/>\n<meta name=\"robots\" content=\"index, follow, max-snippet:-1, max-image-preview:large, max-video-preview:-1\" \/>\n<link rel=\"canonical\" href=\"https:\/\/www.kaminakeskus.ee\/fi\/takat\/takkasydamet\/invicta\/\" \/>\n<meta property=\"og:locale\" content=\"fi_FI\" \/>\n<meta property=\"og:type\" content=\"article\" \/>\n<meta property=\"og:title\" content=\"Invicta - Kaminakeskus | Kaminad, Ahjud, Pliidid, Saunaahjud, Korstnad, Katlad\" \/>\n<meta property=\"og:description\" content=\"Kaminate, pliitide, ahjude ja korstnate m\u00fc\u00fck\" \/>\n<meta property=\"og:url\" content=\"https:\/\/www.kaminakeskus.ee\/fi\/takat\/takkasydamet\/invicta\/\" \/>\n<meta property=\"og:site_name\" content=\"Kaminakeskus | Kaminad, Ahjud, Pliidid, Saunaahjud, Korstnad, Katlad\" \/>\n<meta property=\"article:publisher\" content=\"https:\/\/www.facebook.com\/kaminakeskus\/yoast\" \/>\n<meta property=\"article:modified_time\" content=\"2010-04-23T12:51:48+00:00\" \/>\n<meta property=\"og:image\" content=\"http:\/\/www.kaminakeskus.ee\/docs\/pics\/invicta.gif\" \/>\n<meta name=\"twitter:card\" content=\"summary_large_image\" \/>\n<script type=\"application\/ld+json\" class=\"yoast-schema-graph\">{\"@context\":\"https:\\\/\\\/schema.org\",\"@graph\":[{\"@type\":\"WebPage\",\"@id\":\"https:\\\/\\\/www.kaminakeskus.ee\\\/fi\\\/takat\\\/takkasydamet\\\/invicta\\\/\",\"url\":\"https:\\\/\\\/www.kaminakeskus.ee\\\/fi\\\/takat\\\/takkasydamet\\\/invicta\\\/\",\"name\":\"KaminaKeskus\",\"isPartOf\":{\"@id\":\"https:\\\/\\\/www.kaminakeskus.ee\\\/fi\\\/#website\"},\"primaryImageOfPage\":{\"@id\":\"https:\\\/\\\/www.kaminakeskus.ee\\\/fi\\\/takat\\\/takkasydamet\\\/invicta\\\/#primaryimage\"},\"image\":{\"@id\":\"https:\\\/\\\/www.kaminakeskus.ee\\\/fi\\\/takat\\\/takkasydamet\\\/invicta\\\/#primaryimage\"},\"thumbnailUrl\":\"http:\\\/\\\/www.kaminakeskus.ee\\\/docs\\\/pics\\\/invicta.gif\",\"datePublished\":\"2010-03-24T20:12:52+00:00\",\"dateModified\":\"2010-04-23T12:51:48+00:00\",\"description\":\"Kaminate, pliitide, ahjude ja korstnate m\u00fc\u00fck\",\"breadcrumb\":{\"@id\":\"https:\\\/\\\/www.kaminakeskus.ee\\\/fi\\\/takat\\\/takkasydamet\\\/invicta\\\/#breadcrumb\"},\"inLanguage\":\"fi-FI\",\"potentialAction\":[{\"@type\":\"ReadAction\",\"target\":[\"https:\\\/\\\/www.kaminakeskus.ee\\\/fi\\\/takat\\\/takkasydamet\\\/invicta\\\/\"]}]},{\"@type\":\"ImageObject\",\"inLanguage\":\"fi-FI\",\"@id\":\"https:\\\/\\\/www.kaminakeskus.ee\\\/fi\\\/takat\\\/takkasydamet\\\/invicta\\\/#primaryimage\",\"url\":\"http:\\\/\\\/www.kaminakeskus.ee\\\/docs\\\/pics\\\/invicta.gif\",\"contentUrl\":\"http:\\\/\\\/www.kaminakeskus.ee\\\/docs\\\/pics\\\/invicta.gif\"},{\"@type\":\"BreadcrumbList\",\"@id\":\"https:\\\/\\\/www.kaminakeskus.ee\\\/fi\\\/takat\\\/takkasydamet\\\/invicta\\\/#breadcrumb\",\"itemListElement\":[{\"@type\":\"ListItem\",\"position\":1,\"name\":\"Home\",\"item\":\"https:\\\/\\\/www.kaminakeskus.ee\\\/fi\\\/\"},{\"@type\":\"ListItem\",\"position\":2,\"name\":\"TAKAT 1\",\"item\":\"https:\\\/\\\/www.kaminakeskus.ee\\\/fi\\\/takat\\\/\"},{\"@type\":\"ListItem\",\"position\":3,\"name\":\"\u0422akkasydamet\",\"item\":\"https:\\\/\\\/www.kaminakeskus.ee\\\/fi\\\/takat\\\/takkasydamet\\\/\"},{\"@type\":\"ListItem\",\"position\":4,\"name\":\"Invicta\"}]},{\"@type\":\"WebSite\",\"@id\":\"https:\\\/\\\/www.kaminakeskus.ee\\\/fi\\\/#website\",\"url\":\"https:\\\/\\\/www.kaminakeskus.ee\\\/fi\\\/\",\"name\":\"Kaminakeskus | Kaminad, Ahjud, Pliidid, Saunaahjud, Korstnad, Korsten, Moodulkorsten, Katlad\",\"description\":\"Kamin Kaminad Ahi Ahjud Pliit Pliidid Korstnad Katlad\",\"publisher\":{\"@id\":\"https:\\\/\\\/www.kaminakeskus.ee\\\/fi\\\/#organization\"},\"potentialAction\":[{\"@type\":\"SearchAction\",\"target\":{\"@type\":\"EntryPoint\",\"urlTemplate\":\"https:\\\/\\\/www.kaminakeskus.ee\\\/fi\\\/?s={search_term_string}\"},\"query-input\":{\"@type\":\"PropertyValueSpecification\",\"valueRequired\":true,\"valueName\":\"search_term_string\"}}],\"inLanguage\":\"fi-FI\"},{\"@type\":[\"Organization\",\"Place\"],\"@id\":\"https:\\\/\\\/www.kaminakeskus.ee\\\/fi\\\/#organization\",\"name\":\"R\u00e4ndr\u00fc\u00fctel HP O\u00dc\",\"alternateName\":\"KaminaKeskus\",\"url\":\"https:\\\/\\\/www.kaminakeskus.ee\\\/\",\"logo\":{\"@type\":\"ImageObject\",\"inLanguage\":\"fi-FI\",\"@id\":\"https:\\\/\\\/www.kaminakeskus.ee\\\/fi\\\/#\\\/schema\\\/logo\\\/image\\\/\",\"url\":\"https:\\\/\\\/www.kaminakeskus.ee\\\/wp-content\\\/uploads\\\/2026\\\/02\\\/Kaminakeskus-logo-1-1.jpg\",\"contentUrl\":\"https:\\\/\\\/www.kaminakeskus.ee\\\/wp-content\\\/uploads\\\/2026\\\/02\\\/Kaminakeskus-logo-1-1.jpg\",\"width\":2068,\"height\":532,\"caption\":\"R\u00e4ndr\u00fc\u00fctel HP O\u00dc\"},\"image\":{\"@id\":\"https:\\\/\\\/www.kaminakeskus.ee\\\/fi\\\/#\\\/schema\\\/logo\\\/image\\\/\"},\"sameAs\":[\"https:\\\/\\\/www.facebook.com\\\/kaminakeskus\\\/yoast\"],\"description\":\"Sales of fireplaces, chimneys and related goods. Kaminate, ahjude, pliitide, korstnate ja nendega seotud toodete m\u00fc\u00fck.\",\"legalName\":\"R\u00e4ndr\u00fc\u00fctel HP O\u00dc\",\"foundingDate\":\"1997-05-13\",\"leiCode\":\"9845007FC4HB963C8D65\",\"numberOfEmployees\":{\"@type\":\"QuantitativeValue\",\"minValue\":\"1\",\"maxValue\":\"10\"},\"telephone\":[\"+372 5543239\",\"+372 58812360\"],\"contactPoint\":{\"@type\":\"ContactPoint\",\"telephone\":\"+372 5543239\",\"email\":\"kaminakeskus@gmail.com\"},\"email\":\"kaminakeskus@gmail.com\",\"vatID\":\"EE100831739\",\"taxID\":\"10208374\"}]}<\/script>\n<!-- \/ Yoast SEO Premium plugin. -->","yoast_head_json":{"title":"KaminaKeskus","description":"Kaminate, pliitide, ahjude ja korstnate m\u00fc\u00fck","robots":{"index":"index","follow":"follow","max-snippet":"max-snippet:-1","max-image-preview":"max-image-preview:large","max-video-preview":"max-video-preview:-1"},"canonical":"https:\/\/www.kaminakeskus.ee\/fi\/takat\/takkasydamet\/invicta\/","og_locale":"fi_FI","og_type":"article","og_title":"Invicta - Kaminakeskus | Kaminad, Ahjud, Pliidid, Saunaahjud, Korstnad, Katlad","og_description":"Kaminate, pliitide, ahjude ja korstnate m\u00fc\u00fck","og_url":"https:\/\/www.kaminakeskus.ee\/fi\/takat\/takkasydamet\/invicta\/","og_site_name":"Kaminakeskus | Kaminad, Ahjud, Pliidid, Saunaahjud, Korstnad, Katlad","article_publisher":"https:\/\/www.facebook.com\/kaminakeskus\/yoast","article_modified_time":"2010-04-23T12:51:48+00:00","og_image":[{"url":"http:\/\/www.kaminakeskus.ee\/docs\/pics\/invicta.gif","type":"","width":"","height":""}],"twitter_card":"summary_large_image","schema":{"@context":"https:\/\/schema.org","@graph":[{"@type":"WebPage","@id":"https:\/\/www.kaminakeskus.ee\/fi\/takat\/takkasydamet\/invicta\/","url":"https:\/\/www.kaminakeskus.ee\/fi\/takat\/takkasydamet\/invicta\/","name":"KaminaKeskus","isPartOf":{"@id":"https:\/\/www.kaminakeskus.ee\/fi\/#website"},"primaryImageOfPage":{"@id":"https:\/\/www.kaminakeskus.ee\/fi\/takat\/takkasydamet\/invicta\/#primaryimage"},"image":{"@id":"https:\/\/www.kaminakeskus.ee\/fi\/takat\/takkasydamet\/invicta\/#primaryimage"},"thumbnailUrl":"http:\/\/www.kaminakeskus.ee\/docs\/pics\/invicta.gif","datePublished":"2010-03-24T20:12:52+00:00","dateModified":"2010-04-23T12:51:48+00:00","description":"Kaminate, pliitide, ahjude ja korstnate m\u00fc\u00fck","breadcrumb":{"@id":"https:\/\/www.kaminakeskus.ee\/fi\/takat\/takkasydamet\/invicta\/#breadcrumb"},"inLanguage":"fi-FI","potentialAction":[{"@type":"ReadAction","target":["https:\/\/www.kaminakeskus.ee\/fi\/takat\/takkasydamet\/invicta\/"]}]},{"@type":"ImageObject","inLanguage":"fi-FI","@id":"https:\/\/www.kaminakeskus.ee\/fi\/takat\/takkasydamet\/invicta\/#primaryimage","url":"http:\/\/www.kaminakeskus.ee\/docs\/pics\/invicta.gif","contentUrl":"http:\/\/www.kaminakeskus.ee\/docs\/pics\/invicta.gif"},{"@type":"BreadcrumbList","@id":"https:\/\/www.kaminakeskus.ee\/fi\/takat\/takkasydamet\/invicta\/#breadcrumb","itemListElement":[{"@type":"ListItem","position":1,"name":"Home","item":"https:\/\/www.kaminakeskus.ee\/fi\/"},{"@type":"ListItem","position":2,"name":"TAKAT 1","item":"https:\/\/www.kaminakeskus.ee\/fi\/takat\/"},{"@type":"ListItem","position":3,"name":"\u0422akkasydamet","item":"https:\/\/www.kaminakeskus.ee\/fi\/takat\/takkasydamet\/"},{"@type":"ListItem","position":4,"name":"Invicta"}]},{"@type":"WebSite","@id":"https:\/\/www.kaminakeskus.ee\/fi\/#website","url":"https:\/\/www.kaminakeskus.ee\/fi\/","name":"Kaminakeskus | Kaminad, Ahjud, Pliidid, Saunaahjud, Korstnad, Korsten, Moodulkorsten, Katlad","description":"Kamin Kaminad Ahi Ahjud Pliit Pliidid Korstnad Katlad","publisher":{"@id":"https:\/\/www.kaminakeskus.ee\/fi\/#organization"},"potentialAction":[{"@type":"SearchAction","target":{"@type":"EntryPoint","urlTemplate":"https:\/\/www.kaminakeskus.ee\/fi\/?s={search_term_string}"},"query-input":{"@type":"PropertyValueSpecification","valueRequired":true,"valueName":"search_term_string"}}],"inLanguage":"fi-FI"},{"@type":["Organization","Place"],"@id":"https:\/\/www.kaminakeskus.ee\/fi\/#organization","name":"R\u00e4ndr\u00fc\u00fctel HP O\u00dc","alternateName":"KaminaKeskus","url":"https:\/\/www.kaminakeskus.ee\/","logo":{"@type":"ImageObject","inLanguage":"fi-FI","@id":"https:\/\/www.kaminakeskus.ee\/fi\/#\/schema\/logo\/image\/","url":"https:\/\/www.kaminakeskus.ee\/wp-content\/uploads\/2026\/02\/Kaminakeskus-logo-1-1.jpg","contentUrl":"https:\/\/www.kaminakeskus.ee\/wp-content\/uploads\/2026\/02\/Kaminakeskus-logo-1-1.jpg","width":2068,"height":532,"caption":"R\u00e4ndr\u00fc\u00fctel HP O\u00dc"},"image":{"@id":"https:\/\/www.kaminakeskus.ee\/fi\/#\/schema\/logo\/image\/"},"sameAs":["https:\/\/www.facebook.com\/kaminakeskus\/yoast"],"description":"Sales of fireplaces, chimneys and related goods. Kaminate, ahjude, pliitide, korstnate ja nendega seotud toodete m\u00fc\u00fck.","legalName":"R\u00e4ndr\u00fc\u00fctel HP O\u00dc","foundingDate":"1997-05-13","leiCode":"9845007FC4HB963C8D65","numberOfEmployees":{"@type":"QuantitativeValue","minValue":"1","maxValue":"10"},"telephone":["+372 5543239","+372 58812360"],"contactPoint":{"@type":"ContactPoint","telephone":"+372 5543239","email":"kaminakeskus@gmail.com"},"email":"kaminakeskus@gmail.com","vatID":"EE100831739","taxID":"10208374"}]}},"_links":{"self":[{"href":"https:\/\/www.kaminakeskus.ee\/fi\/wp-json\/wp\/v2\/pages\/3240","targetHints":{"allow":["GET"]}}],"collection":[{"href":"https:\/\/www.kaminakeskus.ee\/fi\/wp-json\/wp\/v2\/pages"}],"about":[{"href":"https:\/\/www.kaminakeskus.ee\/fi\/wp-json\/wp\/v2\/types\/page"}],"author":[{"embeddable":true,"href":"https:\/\/www.kaminakeskus.ee\/fi\/wp-json\/wp\/v2\/users\/3"}],"replies":[{"embeddable":true,"href":"https:\/\/www.kaminakeskus.ee\/fi\/wp-json\/wp\/v2\/comments?post=3240"}],"version-history":[{"count":4,"href":"https:\/\/www.kaminakeskus.ee\/fi\/wp-json\/wp\/v2\/pages\/3240\/revisions"}],"predecessor-version":[{"id":4697,"href":"https:\/\/www.kaminakeskus.ee\/fi\/wp-json\/wp\/v2\/pages\/3240\/revisions\/4697"}],"up":[{"embeddable":true,"href":"https:\/\/www.kaminakeskus.ee\/fi\/wp-json\/wp\/v2\/pages\/3219"}],"wp:attachment":[{"href":"https:\/\/www.kaminakeskus.ee\/fi\/wp-json\/wp\/v2\/media?parent=3240"}],"curies":[{"name":"wp","href":"https:\/\/api.w.org\/{rel}","templated":true}]}}