{"id":54100,"date":"2021-08-29T08:35:09","date_gmt":"2021-08-29T08:35:09","guid":{"rendered":"https:\/\/www.kaminakeskus.ee\/stoves-senko\/"},"modified":"2021-09-02T15:56:05","modified_gmt":"2021-09-02T15:56:05","slug":"stoves-senko","status":"publish","type":"page","link":"https:\/\/www.kaminakeskus.ee\/fi\/stoves-senko\/","title":{"rendered":"STOVES SENKO"},"content":{"rendered":"<p><div class=\"fusion-fullwidth fullwidth-box fusion-builder-row-1 fusion-flex-container hundred-percent-fullwidth non-hundred-percent-height-scrolling\" style=\"--awb-border-radius-top-left:0px;--awb-border-radius-top-right:0px;--awb-border-radius-bottom-right:0px;--awb-border-radius-bottom-left:0px;--awb-margin-top:40px;--awb-flex-wrap:wrap;\" ><div class=\"fusion-builder-row fusion-row fusion-flex-align-items-flex-start fusion-flex-content-wrap\" style=\"width:104% !important;max-width:104% !important;margin-left: calc(-4% \/ 2 );margin-right: calc(-4% \/ 2 );\"><div class=\"fusion-layout-column fusion_builder_column fusion-builder-column-0 fusion_builder_column_1_1 1_1 fusion-flex-column\" style=\"--awb-bg-size:cover;--awb-width-large:100%;--awb-margin-top-large:0px;--awb-spacing-right-large:1.92%;--awb-margin-bottom-large:20px;--awb-spacing-left-large:1.92%;--awb-width-medium:100%;--awb-order-medium:0;--awb-spacing-right-medium:1.92%;--awb-spacing-left-medium:1.92%;--awb-width-small:100%;--awb-order-small:0;--awb-spacing-right-small:1.92%;--awb-spacing-left-small:1.92%;\"><div class=\"fusion-column-wrapper fusion-column-has-shadow fusion-flex-justify-content-flex-start fusion-content-layout-column\"><div class=\"fusion-blog-shortcode fusion-blog-shortcode-1 fusion-blog-archive fusion-blog-layout-grid-wrapper fusion-blog-no\"><style type=\"text\/css\">.fusion-blog-shortcode-1 .fusion-blog-layout-grid .fusion-post-grid{padding:12.5px;}.fusion-blog-shortcode-1 .fusion-posts-container{margin-left: -12.5px !important; margin-right:-12.5px !important;}<\/style><div class=\"fusion-posts-container fusion-posts-container-no fusion-no-meta-info fusion-blog-rollover fusion-blog-layout-grid fusion-blog-layout-grid-4 isotope fusion-blog-equal-heights\" data-pages=\"0\" data-grid-col-space=\"25\" style=\"margin: -12.5px -12.5px 0;min-height:500px;\"><article id=\"blog-1-post-77798\" class=\"fusion-post-grid post-77798 post type-post status-publish format-standard hentry category-liedet category-liedet-liedet category-liedet-senko\">\n<div class=\"fusion-post-wrapper\" style=\"background-color:rgba(255,255,255,1);border:1px solid #a82c23;border-bottom-width:3px;\">\n\n<div class=\"fusion-post-content-wrapper\" style=\"padding:30px 25px 25px 25px;\"><div class=\"fusion-post-content post-content\"><h2 class=\"blog-shortcode-post-title entry-title\"><a href=\"https:\/\/www.kaminakeskus.ee\/fi\/puupliit-senko-sg-60-premium\/\">Puupliit Senko SG-60 Premium<\/a><\/h2><div class=\"fusion-post-content-container\"><div id=\"attachment_77793\" style=\"width: 160px\" class=\"wp-caption aligncenter\"><a href=\"https:\/\/www.kaminakeskus.ee\/wp-content\/uploads\/2024\/07\/puupliit-senko-sg-60-premium-150x150.jpg\"><img decoding=\"async\" aria-describedby=\"caption-attachment-77793\" class=\"size-thumbnail wp-image-77793\" src=\"https:\/\/www.kaminakeskus.ee\/wp-content\/uploads\/2024\/07\/puupliit-senko-sg-60-premium-150x150.jpg\" alt=\"\" width=\"150\" height=\"150\" srcset=\"https:\/\/www.kaminakeskus.ee\/wp-content\/uploads\/2024\/07\/puupliit-senko-sg-60-premium-66x66.jpg 66w, https:\/\/www.kaminakeskus.ee\/wp-content\/uploads\/2024\/07\/puupliit-senko-sg-60-premium-150x150.jpg 150w, https:\/\/www.kaminakeskus.ee\/wp-content\/uploads\/2024\/07\/puupliit-senko-sg-60-premium-200x200.jpg 200w, https:\/\/www.kaminakeskus.ee\/wp-content\/uploads\/2024\/07\/puupliit-senko-sg-60-premium-300x300.jpg 300w, https:\/\/www.kaminakeskus.ee\/wp-content\/uploads\/2024\/07\/puupliit-senko-sg-60-premium-400x400.jpg 400w, https:\/\/www.kaminakeskus.ee\/wp-content\/uploads\/2024\/07\/puupliit-senko-sg-60-premium-600x600.jpg 600w, https:\/\/www.kaminakeskus.ee\/wp-content\/uploads\/2024\/07\/puupliit-senko-sg-60-premium.jpg 768w\" sizes=\"(max-width: 150px) 100vw, 150px\" \/><\/a><p id=\"caption-attachment-77793\" class=\"wp-caption-text\"><strong>Puupliit Senko SG-60 Premium<\/strong><\/p><\/div>\n<p style=\"text-align: center;\">V\u00f5imsus: 7,5 KW<br \/>\nK\u00f5rgus: 850 mm<br \/>\nLaius: 600 mm<br \/>\nS\u00fcgavus: 650 mm<br \/>\nL\u00f5\u00f5ri l\u00e4bim\u00f5\u00f5t: \u00d8 120 mm<br \/>\nKaal:158kg<br \/>\n<a href=\"https:\/\/en.senko.hr\/wp-content\/uploads\/2024\/05\/Senko-Installation-Manual-SG50607590_EN-ver-03.24.pdf\">Juhendi<\/a><br \/>\n<a href=\"https:\/\/en.senko.hr\/proizvod\/solid-fuel-cooker-75-kw-sg-60-premium\/\">V\u00e4rv: Must;hall;punane, beez<\/a><br \/>\n<strong>Hind: 2549 EUR<br \/>\n<\/strong><\/p>\n<\/div><\/div><\/div><div class=\"fusion-clearfix\"><\/div><\/div>\n<\/article>\n<article id=\"blog-1-post-46025\" class=\"fusion-post-grid post-46025 post type-post status-publish format-standard hentry category-liedet-liedet category-liedet-senko\">\n<div class=\"fusion-post-wrapper\" style=\"background-color:rgba(255,255,255,1);border:1px solid #a82c23;border-bottom-width:3px;\">\n\n<div class=\"fusion-post-content-wrapper\" style=\"padding:30px 25px 25px 25px;\"><div class=\"fusion-post-content post-content\"><h2 class=\"blog-shortcode-post-title entry-title\"><a href=\"https:\/\/www.kaminakeskus.ee\/fi\/puuhella-senko-sg-50\/\">Puuhella Senko SG-50<\/a><\/h2><div class=\"fusion-post-content-container\"><p><a href=\"https:\/\/www.kaminakeskus.ee\/wp-content\/uploads\/2021\/05\/puupliit_senko_sg-50-inox-150x150.jpg\"><img decoding=\"async\" class=\"size-thumbnail wp-image-28988 aligncenter\" src=\"https:\/\/www.kaminakeskus.ee\/wp-content\/uploads\/2021\/05\/puupliit_senko_sg-50-inox-150x150.jpg\" alt=\"\" width=\"150\" height=\"150\" srcset=\"https:\/\/www.kaminakeskus.ee\/wp-content\/uploads\/2021\/05\/puupliit_senko_sg-50-inox-150x150.jpg 150w, https:\/\/www.kaminakeskus.ee\/wp-content\/uploads\/2021\/05\/puupliit_senko_sg-50-inox-300x300.jpg 300w, https:\/\/www.kaminakeskus.ee\/wp-content\/uploads\/2021\/05\/puupliit_senko_sg-50-inox.jpg 600w\" sizes=\"(max-width: 150px) 100vw, 150px\" \/><\/a><\/p>\n<p style=\"text-align: center;\"><a href=\"https:\/\/en.senko.hr\/proizvod\/solid-fuel-cooker-6-kw\/\"><strong>Liesi SG-50<\/strong><\/a><br \/>\n Teho: 6 kW<br \/>\n Korkeus: 850 mm<br \/>\n Leveys: 500 mm<br \/>\n Syvyys: 660 mm<br \/>\n Savuhormin halkaisija: \u00d8 120 mm<br \/>\n Paino: 149 kg<br \/>\n V\u00e4ri: Ruostumaton ter\u00e4s<br \/>\n <strong>Hinta: 1868 euroa<br \/>\n V\u00e4rivalinta: +128 EUR<\/strong><\/p>\n<\/div><\/div><\/div><div class=\"fusion-clearfix\"><\/div><\/div>\n<\/article>\n<article id=\"blog-1-post-46070\" class=\"fusion-post-grid post-46070 post type-post status-publish format-standard hentry category-liedet-liedet category-liedet-senko\">\n<div class=\"fusion-post-wrapper\" style=\"background-color:rgba(255,255,255,1);border:1px solid #a82c23;border-bottom-width:3px;\">\n\n<div class=\"fusion-post-content-wrapper\" style=\"padding:30px 25px 25px 25px;\"><div class=\"fusion-post-content post-content\"><h2 class=\"blog-shortcode-post-title entry-title\"><a href=\"https:\/\/www.kaminakeskus.ee\/fi\/puuhella-senko-sg-60\/\">Puuhella Senko SG-60<\/a><\/h2><div class=\"fusion-post-content-container\"><div id=\"attachment_43376\" style=\"width: 160px\" class=\"wp-caption aligncenter\"><a href=\"https:\/\/www.kaminakeskus.ee\/wp-content\/uploads\/2021\/05\/puupliit_senko_SG-60_inox-150x150.jpg\"><img decoding=\"async\" aria-describedby=\"caption-attachment-43376\" class=\"size-thumbnail wp-image-28985\" src=\"https:\/\/www.kaminakeskus.ee\/wp-content\/uploads\/2021\/05\/puupliit_senko_SG-60_inox-150x150.jpg\" alt=\"\" width=\"150\" height=\"150\" srcset=\"https:\/\/www.kaminakeskus.ee\/wp-content\/uploads\/2021\/05\/puupliit_senko_SG-60_inox-150x150.jpg 150w, https:\/\/www.kaminakeskus.ee\/wp-content\/uploads\/2021\/05\/puupliit_senko_SG-60_inox-300x300.jpg 300w, https:\/\/www.kaminakeskus.ee\/wp-content\/uploads\/2021\/05\/puupliit_senko_SG-60_inox.jpg 600w\" sizes=\"(max-width: 150px) 100vw, 150px\" \/><\/a><p id=\"caption-attachment-43376\" class=\"wp-caption-text\">Puuhella SG-60 Inox<\/p><\/div>\n<p style=\"text-align: center;\"><a href=\"https:\/\/en.senko.hr\/proizvod\/solid-fuel-cooker-75-kw-2\/\"><strong>Liesi SG-60<\/strong><\/a><br \/>\n Teho: 7,5 kW<br \/>\n Korkeus: 850 mm<br \/>\n Leveys: 600 mm<br \/>\n Syvyys: 660 mm<br \/>\n Savuhormin halkaisija: \u00d8 120 mm<br \/>\n Paino: 158 kg<br \/>\n V\u00e4ri: Ruostumaton; harmaa; punainen, beige<br \/>\n <strong>Hinta: 1995 euroa<br \/>\n V\u00e4rivalinta: +128 EUR<\/strong><\/p>\n<\/div><\/div><\/div><div class=\"fusion-clearfix\"><\/div><\/div>\n<\/article>\n<article id=\"blog-1-post-46080\" class=\"fusion-post-grid post-46080 post type-post status-publish format-standard hentry category-liedet-liedet category-liedet-senko\">\n<div class=\"fusion-post-wrapper\" style=\"background-color:rgba(255,255,255,1);border:1px solid #a82c23;border-bottom-width:3px;\">\n\n<div class=\"fusion-post-content-wrapper\" style=\"padding:30px 25px 25px 25px;\"><div class=\"fusion-post-content post-content\"><h2 class=\"blog-shortcode-post-title entry-title\"><a href=\"https:\/\/www.kaminakeskus.ee\/fi\/puuhella-senko-sg-75\/\">Puuhella Senko SG-75<\/a><\/h2><div class=\"fusion-post-content-container\"><p> <img decoding=\"async\" class=\"size-thumbnail wp-image-28982\" src=\"https:\/\/www.kaminakeskus.ee\/wp-content\/uploads\/2021\/05\/puupliit_senko_sg-75_Premium-150x150.jpg\" alt=\"\" width=\"150\" height=\"150\" srcset=\"https:\/\/www.kaminakeskus.ee\/wp-content\/uploads\/2021\/05\/puupliit_senko_sg-75_Premium-150x150.jpg 150w, https:\/\/www.kaminakeskus.ee\/wp-content\/uploads\/2021\/05\/puupliit_senko_sg-75_Premium.jpg 265w\" sizes=\"(max-width: 150px) 100vw, 150px\" \/>Liesi SG-75 <a href=\"https:\/\/en.senko.hr\/proizvod\/solid-fuel-cooker-75-kw\/\"><strong>Kiuas SG-75<\/strong><\/a> Teho: 7,5 KW Korkeus: 850 mm Leveys: 650 mm Savuhormin halkaisija: \u00d8 120 mm Paino: 135 kg V\u00e4ri: Ruostumaton harmaa, beige <strong>Hinta: 2074 EUR V\u00e4rivalikoima: +135 euroa<\/strong><\/p>\n<\/div><\/div><\/div><div class=\"fusion-clearfix\"><\/div><\/div>\n<\/article>\n<article id=\"blog-1-post-46092\" class=\"fusion-post-grid post-46092 post type-post status-publish format-standard hentry category-liedet-liedet category-liedet-senko\">\n<div class=\"fusion-post-wrapper\" style=\"background-color:rgba(255,255,255,1);border:1px solid #a82c23;border-bottom-width:3px;\">\n\n<div class=\"fusion-post-content-wrapper\" style=\"padding:30px 25px 25px 25px;\"><div class=\"fusion-post-content post-content\"><h2 class=\"blog-shortcode-post-title entry-title\"><a href=\"https:\/\/www.kaminakeskus.ee\/fi\/liesi-senko-sg-90-premium\/\">Liesi Senko SG-90<\/a><\/h2><div class=\"fusion-post-content-container\"><div id=\"attachment_43276\" style=\"width: 160px\" class=\"wp-caption aligncenter\"><a href=\"http:\/\/www.kaminakeskus.ee\/wp-content\/uploads\/2021\/05\/puupliit_senko_SG-90_premium.jpg\"><img decoding=\"async\" aria-describedby=\"caption-attachment-43276\" class=\"size-thumbnail wp-image-28922\" src=\"http:\/\/www.kaminakeskus.ee\/wp-content\/uploads\/2021\/05\/puupliit_senko_SG-90_premium-150x150.jpg\" alt=\"\" width=\"150\" height=\"150\" srcset=\"https:\/\/www.kaminakeskus.ee\/wp-content\/uploads\/2021\/05\/puupliit_senko_SG-90_premium-150x150.jpg 150w, https:\/\/www.kaminakeskus.ee\/wp-content\/uploads\/2021\/05\/puupliit_senko_SG-90_premium-300x300.jpg 300w, https:\/\/www.kaminakeskus.ee\/wp-content\/uploads\/2021\/05\/puupliit_senko_SG-90_premium.jpg 768w\" sizes=\"(max-width: 150px) 100vw, 150px\" \/><\/a><p id=\"caption-attachment-43276\" class=\"wp-caption-text\"><strong>Puuhella Senko SG-90<\/strong><\/p><\/div>\n<p style=\"text-align: center;\">Teho: 7,5 <a href=\"https:\/\/en.senko.hr\/proizvod\/solid-fuel-cooker-8-6-kw-sg-90\/\">KW<\/a> Korkeus: 850 <strong>mm<\/strong> Leveys: 900 mm.<\/p>\n<p>&nbsp;<\/p>\n<\/div><\/div><\/div><div class=\"fusion-clearfix\"><\/div><\/div>\n<\/article>\n<div class=\"fusion-clearfix\"><\/div><\/div><\/div><\/div><\/div><\/div><\/div><div class=\"fusion-fullwidth fullwidth-box fusion-builder-row-2 fusion-flex-container nonhundred-percent-fullwidth non-hundred-percent-height-scrolling\" style=\"--awb-border-radius-top-left:0px;--awb-border-radius-top-right:0px;--awb-border-radius-bottom-right:0px;--awb-border-radius-bottom-left:0px;--awb-flex-wrap:wrap;\" ><div class=\"fusion-builder-row fusion-row fusion-flex-align-items-flex-start fusion-flex-content-wrap\" style=\"max-width:2392px;margin-left: calc(-4% \/ 2 );margin-right: calc(-4% \/ 2 );\"><div class=\"fusion-layout-column fusion_builder_column fusion-builder-column-1 fusion_builder_column_1_1 1_1 fusion-flex-column\" style=\"--awb-bg-size:cover;--awb-width-large:100%;--awb-margin-top-large:0px;--awb-spacing-right-large:1.92%;--awb-margin-bottom-large:20px;--awb-spacing-left-large:1.92%;--awb-width-medium:100%;--awb-order-medium:0;--awb-spacing-right-medium:1.92%;--awb-spacing-left-medium:1.92%;--awb-width-small:100%;--awb-order-small:0;--awb-spacing-right-small:1.92%;--awb-spacing-left-small:1.92%;\"><div class=\"fusion-column-wrapper fusion-column-has-shadow fusion-flex-justify-content-flex-start fusion-content-layout-column\"><\/div><\/div><\/div><\/div><\/p>\n","protected":false},"excerpt":{"rendered":"","protected":false},"author":3,"featured_media":0,"parent":0,"menu_order":0,"comment_status":"closed","ping_status":"closed","template":"","meta":{"footnotes":""},"class_list":["post-54100","page","type-page","status-publish","hentry"],"yoast_head":"<!-- This site is optimized with the Yoast SEO Premium plugin v27.3 (Yoast SEO v27.3) - https:\/\/yoast.com\/product\/yoast-seo-premium-wordpress\/ -->\n<title>KaminaKeskus<\/title>\n<meta name=\"description\" content=\"Kaminate, pliitide, ahjude ja korstnate m\u00fc\u00fck\" \/>\n<meta name=\"robots\" content=\"index, follow, max-snippet:-1, max-image-preview:large, max-video-preview:-1\" \/>\n<link rel=\"canonical\" href=\"https:\/\/www.kaminakeskus.ee\/fi\/stoves-senko\/\" \/>\n<meta property=\"og:locale\" content=\"fi_FI\" \/>\n<meta property=\"og:type\" content=\"article\" \/>\n<meta property=\"og:title\" content=\"STOVES SENKO - Kaminakeskus | Kaminad, Ahjud, Pliidid, Saunaahjud, Korstnad, Katlad\" \/>\n<meta property=\"og:description\" content=\"Kaminate, pliitide, ahjude ja korstnate m\u00fc\u00fck\" \/>\n<meta property=\"og:url\" content=\"https:\/\/www.kaminakeskus.ee\/fi\/stoves-senko\/\" \/>\n<meta property=\"og:site_name\" content=\"Kaminakeskus | Kaminad, Ahjud, Pliidid, Saunaahjud, Korstnad, Katlad\" \/>\n<meta property=\"article:publisher\" content=\"https:\/\/www.facebook.com\/kaminakeskus\/yoast\" \/>\n<meta property=\"article:modified_time\" content=\"2021-09-02T15:56:05+00:00\" \/>\n<meta name=\"twitter:card\" content=\"summary_large_image\" \/>\n<meta name=\"twitter:label1\" content=\"Est. reading time\" \/>\n\t<meta name=\"twitter:data1\" content=\"6 minutes\" \/>\n<script type=\"application\/ld+json\" class=\"yoast-schema-graph\">{\"@context\":\"https:\\\/\\\/schema.org\",\"@graph\":[{\"@type\":\"WebPage\",\"@id\":\"https:\\\/\\\/www.kaminakeskus.ee\\\/fi\\\/stoves-senko\\\/\",\"url\":\"https:\\\/\\\/www.kaminakeskus.ee\\\/fi\\\/stoves-senko\\\/\",\"name\":\"KaminaKeskus\",\"isPartOf\":{\"@id\":\"https:\\\/\\\/www.kaminakeskus.ee\\\/fi\\\/#website\"},\"datePublished\":\"2021-08-29T08:35:09+00:00\",\"dateModified\":\"2021-09-02T15:56:05+00:00\",\"description\":\"Kaminate, pliitide, ahjude ja korstnate m\u00fc\u00fck\",\"breadcrumb\":{\"@id\":\"https:\\\/\\\/www.kaminakeskus.ee\\\/fi\\\/stoves-senko\\\/#breadcrumb\"},\"inLanguage\":\"fi-FI\",\"potentialAction\":[{\"@type\":\"ReadAction\",\"target\":[\"https:\\\/\\\/www.kaminakeskus.ee\\\/fi\\\/stoves-senko\\\/\"]}]},{\"@type\":\"BreadcrumbList\",\"@id\":\"https:\\\/\\\/www.kaminakeskus.ee\\\/fi\\\/stoves-senko\\\/#breadcrumb\",\"itemListElement\":[{\"@type\":\"ListItem\",\"position\":1,\"name\":\"Home\",\"item\":\"https:\\\/\\\/www.kaminakeskus.ee\\\/fi\\\/\"},{\"@type\":\"ListItem\",\"position\":2,\"name\":\"STOVES SENKO\"}]},{\"@type\":\"WebSite\",\"@id\":\"https:\\\/\\\/www.kaminakeskus.ee\\\/fi\\\/#website\",\"url\":\"https:\\\/\\\/www.kaminakeskus.ee\\\/fi\\\/\",\"name\":\"Kaminakeskus | Kaminad, Ahjud, Pliidid, Saunaahjud, Korstnad, Korsten, Moodulkorsten, Katlad\",\"description\":\"Kamin Kaminad Ahi Ahjud Pliit Pliidid Korstnad Katlad\",\"publisher\":{\"@id\":\"https:\\\/\\\/www.kaminakeskus.ee\\\/fi\\\/#organization\"},\"potentialAction\":[{\"@type\":\"SearchAction\",\"target\":{\"@type\":\"EntryPoint\",\"urlTemplate\":\"https:\\\/\\\/www.kaminakeskus.ee\\\/fi\\\/?s={search_term_string}\"},\"query-input\":{\"@type\":\"PropertyValueSpecification\",\"valueRequired\":true,\"valueName\":\"search_term_string\"}}],\"inLanguage\":\"fi-FI\"},{\"@type\":[\"Organization\",\"Place\"],\"@id\":\"https:\\\/\\\/www.kaminakeskus.ee\\\/fi\\\/#organization\",\"name\":\"R\u00e4ndr\u00fc\u00fctel HP O\u00dc\",\"alternateName\":\"KaminaKeskus\",\"url\":\"https:\\\/\\\/www.kaminakeskus.ee\\\/\",\"logo\":{\"@type\":\"ImageObject\",\"inLanguage\":\"fi-FI\",\"@id\":\"https:\\\/\\\/www.kaminakeskus.ee\\\/fi\\\/#\\\/schema\\\/logo\\\/image\\\/\",\"url\":\"https:\\\/\\\/www.kaminakeskus.ee\\\/wp-content\\\/uploads\\\/2026\\\/02\\\/Kaminakeskus-logo-1-1.jpg\",\"contentUrl\":\"https:\\\/\\\/www.kaminakeskus.ee\\\/wp-content\\\/uploads\\\/2026\\\/02\\\/Kaminakeskus-logo-1-1.jpg\",\"width\":2068,\"height\":532,\"caption\":\"R\u00e4ndr\u00fc\u00fctel HP O\u00dc\"},\"image\":{\"@id\":\"https:\\\/\\\/www.kaminakeskus.ee\\\/fi\\\/#\\\/schema\\\/logo\\\/image\\\/\"},\"sameAs\":[\"https:\\\/\\\/www.facebook.com\\\/kaminakeskus\\\/yoast\"],\"description\":\"Sales of fireplaces, chimneys and related goods. Kaminate, ahjude, pliitide, korstnate ja nendega seotud toodete m\u00fc\u00fck.\",\"legalName\":\"R\u00e4ndr\u00fc\u00fctel HP O\u00dc\",\"foundingDate\":\"1997-05-13\",\"leiCode\":\"9845007FC4HB963C8D65\",\"numberOfEmployees\":{\"@type\":\"QuantitativeValue\",\"minValue\":\"1\",\"maxValue\":\"10\"},\"telephone\":[\"+372 5543239\",\"+372 58812360\"],\"contactPoint\":{\"@type\":\"ContactPoint\",\"telephone\":\"+372 5543239\",\"email\":\"kaminakeskus@gmail.com\"},\"email\":\"kaminakeskus@gmail.com\",\"vatID\":\"EE100831739\",\"taxID\":\"10208374\"}]}<\/script>\n<!-- \/ Yoast SEO Premium plugin. -->","yoast_head_json":{"title":"KaminaKeskus","description":"Kaminate, pliitide, ahjude ja korstnate m\u00fc\u00fck","robots":{"index":"index","follow":"follow","max-snippet":"max-snippet:-1","max-image-preview":"max-image-preview:large","max-video-preview":"max-video-preview:-1"},"canonical":"https:\/\/www.kaminakeskus.ee\/fi\/stoves-senko\/","og_locale":"fi_FI","og_type":"article","og_title":"STOVES SENKO - Kaminakeskus | Kaminad, Ahjud, Pliidid, Saunaahjud, Korstnad, Katlad","og_description":"Kaminate, pliitide, ahjude ja korstnate m\u00fc\u00fck","og_url":"https:\/\/www.kaminakeskus.ee\/fi\/stoves-senko\/","og_site_name":"Kaminakeskus | Kaminad, Ahjud, Pliidid, Saunaahjud, Korstnad, Katlad","article_publisher":"https:\/\/www.facebook.com\/kaminakeskus\/yoast","article_modified_time":"2021-09-02T15:56:05+00:00","twitter_card":"summary_large_image","twitter_misc":{"Est. reading time":"6 minutes"},"schema":{"@context":"https:\/\/schema.org","@graph":[{"@type":"WebPage","@id":"https:\/\/www.kaminakeskus.ee\/fi\/stoves-senko\/","url":"https:\/\/www.kaminakeskus.ee\/fi\/stoves-senko\/","name":"KaminaKeskus","isPartOf":{"@id":"https:\/\/www.kaminakeskus.ee\/fi\/#website"},"datePublished":"2021-08-29T08:35:09+00:00","dateModified":"2021-09-02T15:56:05+00:00","description":"Kaminate, pliitide, ahjude ja korstnate m\u00fc\u00fck","breadcrumb":{"@id":"https:\/\/www.kaminakeskus.ee\/fi\/stoves-senko\/#breadcrumb"},"inLanguage":"fi-FI","potentialAction":[{"@type":"ReadAction","target":["https:\/\/www.kaminakeskus.ee\/fi\/stoves-senko\/"]}]},{"@type":"BreadcrumbList","@id":"https:\/\/www.kaminakeskus.ee\/fi\/stoves-senko\/#breadcrumb","itemListElement":[{"@type":"ListItem","position":1,"name":"Home","item":"https:\/\/www.kaminakeskus.ee\/fi\/"},{"@type":"ListItem","position":2,"name":"STOVES SENKO"}]},{"@type":"WebSite","@id":"https:\/\/www.kaminakeskus.ee\/fi\/#website","url":"https:\/\/www.kaminakeskus.ee\/fi\/","name":"Kaminakeskus | Kaminad, Ahjud, Pliidid, Saunaahjud, Korstnad, Korsten, Moodulkorsten, Katlad","description":"Kamin Kaminad Ahi Ahjud Pliit Pliidid Korstnad Katlad","publisher":{"@id":"https:\/\/www.kaminakeskus.ee\/fi\/#organization"},"potentialAction":[{"@type":"SearchAction","target":{"@type":"EntryPoint","urlTemplate":"https:\/\/www.kaminakeskus.ee\/fi\/?s={search_term_string}"},"query-input":{"@type":"PropertyValueSpecification","valueRequired":true,"valueName":"search_term_string"}}],"inLanguage":"fi-FI"},{"@type":["Organization","Place"],"@id":"https:\/\/www.kaminakeskus.ee\/fi\/#organization","name":"R\u00e4ndr\u00fc\u00fctel HP O\u00dc","alternateName":"KaminaKeskus","url":"https:\/\/www.kaminakeskus.ee\/","logo":{"@type":"ImageObject","inLanguage":"fi-FI","@id":"https:\/\/www.kaminakeskus.ee\/fi\/#\/schema\/logo\/image\/","url":"https:\/\/www.kaminakeskus.ee\/wp-content\/uploads\/2026\/02\/Kaminakeskus-logo-1-1.jpg","contentUrl":"https:\/\/www.kaminakeskus.ee\/wp-content\/uploads\/2026\/02\/Kaminakeskus-logo-1-1.jpg","width":2068,"height":532,"caption":"R\u00e4ndr\u00fc\u00fctel HP O\u00dc"},"image":{"@id":"https:\/\/www.kaminakeskus.ee\/fi\/#\/schema\/logo\/image\/"},"sameAs":["https:\/\/www.facebook.com\/kaminakeskus\/yoast"],"description":"Sales of fireplaces, chimneys and related goods. Kaminate, ahjude, pliitide, korstnate ja nendega seotud toodete m\u00fc\u00fck.","legalName":"R\u00e4ndr\u00fc\u00fctel HP O\u00dc","foundingDate":"1997-05-13","leiCode":"9845007FC4HB963C8D65","numberOfEmployees":{"@type":"QuantitativeValue","minValue":"1","maxValue":"10"},"telephone":["+372 5543239","+372 58812360"],"contactPoint":{"@type":"ContactPoint","telephone":"+372 5543239","email":"kaminakeskus@gmail.com"},"email":"kaminakeskus@gmail.com","vatID":"EE100831739","taxID":"10208374"}]}},"_links":{"self":[{"href":"https:\/\/www.kaminakeskus.ee\/fi\/wp-json\/wp\/v2\/pages\/54100","targetHints":{"allow":["GET"]}}],"collection":[{"href":"https:\/\/www.kaminakeskus.ee\/fi\/wp-json\/wp\/v2\/pages"}],"about":[{"href":"https:\/\/www.kaminakeskus.ee\/fi\/wp-json\/wp\/v2\/types\/page"}],"author":[{"embeddable":true,"href":"https:\/\/www.kaminakeskus.ee\/fi\/wp-json\/wp\/v2\/users\/3"}],"replies":[{"embeddable":true,"href":"https:\/\/www.kaminakeskus.ee\/fi\/wp-json\/wp\/v2\/comments?post=54100"}],"version-history":[{"count":1,"href":"https:\/\/www.kaminakeskus.ee\/fi\/wp-json\/wp\/v2\/pages\/54100\/revisions"}],"predecessor-version":[{"id":54106,"href":"https:\/\/www.kaminakeskus.ee\/fi\/wp-json\/wp\/v2\/pages\/54100\/revisions\/54106"}],"wp:attachment":[{"href":"https:\/\/www.kaminakeskus.ee\/fi\/wp-json\/wp\/v2\/media?parent=54100"}],"curies":[{"name":"wp","href":"https:\/\/api.w.org\/{rel}","templated":true}]}}