{"id":55099,"date":"2021-08-29T11:03:24","date_gmt":"2021-08-29T11:03:24","guid":{"rendered":"https:\/\/www.kaminakeskus.ee\/pelletti-ja-hybridikattot-vaskuissa\/"},"modified":"2021-09-02T16:14:31","modified_gmt":"2021-09-02T16:14:31","slug":"pelletti-ja-hybridikattot-vaskuissa","status":"publish","type":"page","link":"https:\/\/www.kaminakeskus.ee\/fi\/pelletti-ja-hybridikattot-vaskuissa\/","title":{"rendered":"PELLETTI- JA HYBRIDIKATTOT VASKUISSA"},"content":{"rendered":"<p><div class=\"fusion-fullwidth fullwidth-box fusion-builder-row-1 fusion-flex-container hundred-percent-fullwidth non-hundred-percent-height-scrolling\" style=\"--awb-border-radius-top-left:0px;--awb-border-radius-top-right:0px;--awb-border-radius-bottom-right:0px;--awb-border-radius-bottom-left:0px;--awb-margin-top:40px;--awb-flex-wrap:wrap;\" ><div class=\"fusion-builder-row fusion-row fusion-flex-align-items-flex-start fusion-flex-content-wrap\" style=\"width:104% !important;max-width:104% !important;margin-left: calc(-4% \/ 2 );margin-right: calc(-4% \/ 2 );\"><div class=\"fusion-layout-column fusion_builder_column fusion-builder-column-0 fusion_builder_column_1_1 1_1 fusion-flex-column\" style=\"--awb-bg-size:cover;--awb-width-large:100%;--awb-margin-top-large:0px;--awb-spacing-right-large:1.92%;--awb-margin-bottom-large:20px;--awb-spacing-left-large:1.92%;--awb-width-medium:100%;--awb-order-medium:0;--awb-spacing-right-medium:1.92%;--awb-spacing-left-medium:1.92%;--awb-width-small:100%;--awb-order-small:0;--awb-spacing-right-small:1.92%;--awb-spacing-left-small:1.92%;\"><div class=\"fusion-column-wrapper fusion-column-has-shadow fusion-flex-justify-content-flex-start fusion-content-layout-column\"><div class=\"fusion-blog-shortcode fusion-blog-shortcode-1 fusion-blog-archive fusion-blog-layout-grid-wrapper fusion-blog-no\"><style type=\"text\/css\">.fusion-blog-shortcode-1 .fusion-blog-layout-grid .fusion-post-grid{padding:12.5px;}.fusion-blog-shortcode-1 .fusion-posts-container{margin-left: -12.5px !important; margin-right:-12.5px !important;}<\/style><div class=\"fusion-posts-container fusion-posts-container-no fusion-no-meta-info fusion-blog-rollover fusion-blog-layout-grid fusion-blog-layout-grid-4 isotope fusion-blog-equal-heights\" data-pages=\"0\" data-grid-col-space=\"25\" style=\"margin: -12.5px -12.5px 0;min-height:500px;\"><article id=\"blog-1-post-48730\" class=\"fusion-post-grid post-48730 post type-post status-publish format-standard hentry category-kattilat category-kattilat-kalvis category-pelletti-ja-hybridikattilat-kalvis\">\n<div class=\"fusion-post-wrapper\" style=\"background-color:rgba(255,255,255,1);border:1px solid #a82c23;border-bottom-width:3px;\">\n\n<div class=\"fusion-post-content-wrapper\" style=\"padding:30px 25px 25px 25px;\"><div class=\"fusion-post-content post-content\"><h2 class=\"blog-shortcode-post-title entry-title\"><a href=\"https:\/\/www.kaminakeskus.ee\/fi\/pellettikattila-kalvis-k-8-16dg\/\">Pellettikattila Kalvis K-8-16DG<\/a><\/h2><div class=\"fusion-post-content-container\"><p style=\"text-align: center;\"><strong><a href=\"https:\/\/www.kaminakeskus.ee\/wp-content\/uploads\/2020\/07\/pelletkatel-kalvis-K-8-16DG-1-150x150.jpg\"><img decoding=\"async\" class=\"size-thumbnail wp-image-27102 aligncenter\" src=\"https:\/\/www.kaminakeskus.ee\/wp-content\/uploads\/2020\/07\/pelletkatel-kalvis-K-8-16DG-1-150x150.jpg\" alt=\"\" width=\"150\" height=\"150\"><\/a>K8-16DG<br \/>\n<\/strong> Teho: 5\u201316 kW<br \/>\n L\u00e4mmitetty pinta-ala: jopa 267 (560) m\u00b2<br \/>\n Polttoaine: pelletti (\u00d86-8mm)<br \/>\n Vesitilavuus: 70 l<br \/>\n S\u00e4ili\u00f6: 155 l<br \/>\n K\/L\/S: 1320x635x1045 mm<br \/>\n Savuhormi: \u00d8160 mm<br \/>\n <strong>Hinta: 5457 \u20ac<\/strong><\/p>\n<\/div><\/div><\/div><div class=\"fusion-clearfix\"><\/div><\/div>\n<\/article>\n<article id=\"blog-1-post-48577\" class=\"fusion-post-grid post-48577 post type-post status-publish format-standard hentry category-kattilat category-kattilat-kalvis category-pelletti-ja-hybridikattilat-kalvis\">\n<div class=\"fusion-post-wrapper\" style=\"background-color:rgba(255,255,255,1);border:1px solid #a82c23;border-bottom-width:3px;\">\n\n<div class=\"fusion-post-content-wrapper\" style=\"padding:30px 25px 25px 25px;\"><div class=\"fusion-post-content post-content\"><h2 class=\"blog-shortcode-post-title entry-title\"><a href=\"https:\/\/www.kaminakeskus.ee\/fi\/pellettikattila-kalvis-k-8-20dg\/\">Pellettikattila Kalvis K-8-20DG<\/a><\/h2><div class=\"fusion-post-content-container\"><p><a href=\"https:\/\/www.kaminakeskus.ee\/wp-content\/uploads\/2020\/07\/pelletkatel-kalvis-K-8-20DG-150x150.jpg\"><img decoding=\"async\" class=\"size-thumbnail wp-image-41932\" src=\"https:\/\/www.kaminakeskus.ee\/wp-content\/uploads\/2020\/07\/pelletkatel-kalvis-K-8-20DG-150x150.jpg\" alt=\"\" width=\"150\" height=\"150\"><\/a><\/p>\n<p><strong>Sepp\u00e4 K8-20DG<br \/>\n<\/strong> Teho: 5-20kW<br \/>\nL\u00e4mmitetty alue: jopa 334 (700) m2<br \/>\nPolttoaine: pelletti (\u00d86-8mm) puuta<br \/>\nVesitilavuus: 74 l<br \/>\nS\u00e4ili\u00f6: 155 l<br \/>\nK \/ L \/ S: 1380x615x940mm<br \/>\nSavupiippu: \u00d8160mm<br \/>\nPaino: 276kg<br \/>\n<strong>Hinta: 5742 \u20ac<\/strong><\/p>\n<\/div><\/div><\/div><div class=\"fusion-clearfix\"><\/div><\/div>\n<\/article>\n<article id=\"blog-1-post-48535\" class=\"fusion-post-grid post-48535 post type-post status-publish format-standard hentry category-kattilat category-kattilat-kalvis category-pelletti-ja-hybridikattilat-kalvis\">\n<div class=\"fusion-post-wrapper\" style=\"background-color:rgba(255,255,255,1);border:1px solid #a82c23;border-bottom-width:3px;\">\n\n<div class=\"fusion-post-content-wrapper\" style=\"padding:30px 25px 25px 25px;\"><div class=\"fusion-post-content post-content\"><h2 class=\"blog-shortcode-post-title entry-title\"><a href=\"https:\/\/www.kaminakeskus.ee\/fi\/pellettikattila-kalvis-k-2-12dg\/\">Pellettikattila Kalvis K-2-12DG<\/a><\/h2><div class=\"fusion-post-content-container\"><p><a href=\"https:\/\/www.kaminakeskus.ee\/wp-content\/uploads\/2020\/07\/pelletkatel-kalvis-K-2-12NDG-150x150.jpg\"><img decoding=\"async\" class=\"size-thumbnail wp-image-41928\" src=\"https:\/\/www.kaminakeskus.ee\/wp-content\/uploads\/2020\/07\/pelletkatel-kalvis-K-2-12NDG-150x150.jpg\" alt=\"\" width=\"150\" height=\"150\"><\/a><\/p>\n<p><strong>Kalvis-2-12NDG<br \/>\n<\/strong> Teho: 5-12kW<br \/>\nL\u00e4mmitetty alue: jopa 200 (420) m2<br \/>\nPolttoaine: pelletti (\u00d86-8mm) puuta<br \/>\nVeden m\u00e4\u00e4r\u00e4: 28l<br \/>\nK \/ L \/ S: 880x630x1200mm<br \/>\nSavupiippu: \u00d8160mm<br \/>\nPaino: 253 kg<br \/>\n<strong>Hinta: 4774 \u20ac<\/strong><\/p>\n<\/div><\/div><\/div><div class=\"fusion-clearfix\"><\/div><\/div>\n<\/article>\n<article id=\"blog-1-post-48569\" class=\"fusion-post-grid post-48569 post type-post status-publish format-standard hentry category-kattilat category-kattilat-kalvis category-pelletti-ja-hybridikattilat-kalvis\">\n<div class=\"fusion-post-wrapper\" style=\"background-color:rgba(255,255,255,1);border:1px solid #a82c23;border-bottom-width:3px;\">\n\n<div class=\"fusion-post-content-wrapper\" style=\"padding:30px 25px 25px 25px;\"><div class=\"fusion-post-content post-content\"><h2 class=\"blog-shortcode-post-title entry-title\"><a href=\"https:\/\/www.kaminakeskus.ee\/fi\/hybridikattila-kalvis-k2-40ndg\/\">Hybridikattila Kalvis K2-40NDG<\/a><\/h2><div class=\"fusion-post-content-container\"><p><a href=\"https:\/\/www.kaminakeskus.ee\/wp-content\/uploads\/2020\/07\/pelletkatel-kalvis-K-2-20NDG-150x150.jpg\"><img decoding=\"async\" class=\"size-thumbnail wp-image-41924\" src=\"https:\/\/www.kaminakeskus.ee\/wp-content\/uploads\/2020\/07\/pelletkatel-kalvis-K-2-20NDG-150x150.jpg\" alt=\"\" width=\"150\" height=\"150\"><\/a><\/p>\n<p><strong>Calvis-2-40-NDG<br \/>\n<\/strong> Teho: 10-40kW<br \/>\nL\u00e4mmitetty alue: jopa 668 (1400) m2<br \/>\nPolttoaine: pelletti (\u00d86-8mm) puuta<br \/>\nVeden m\u00e4\u00e4r\u00e4: 80l<br \/>\nK \/ L \/ S: 1360x930x1600mm<br \/>\nSavupiippu: \u00d8180mm<br \/>\nPaino: 605kg<br \/>\n<strong>Hinta: 8930 \u20ac<\/strong><\/p>\n<\/div><\/div><\/div><div class=\"fusion-clearfix\"><\/div><\/div>\n<\/article>\n<article id=\"blog-1-post-49716\" class=\"fusion-post-grid post-49716 post type-post status-publish format-standard hentry category-kattilat category-kattilat-kalvis category-pelletti-ja-hybridikattilat-kalvis\">\n<div class=\"fusion-post-wrapper\" style=\"background-color:rgba(255,255,255,1);border:1px solid #a82c23;border-bottom-width:3px;\">\n\n<div class=\"fusion-post-content-wrapper\" style=\"padding:30px 25px 25px 25px;\"><div class=\"fusion-post-content post-content\"><h2 class=\"blog-shortcode-post-title entry-title\"><a href=\"https:\/\/www.kaminakeskus.ee\/fi\/hybridikattila-k-2-30-ndg\/\">Hybridikattila K-2-30-NDG<\/a><\/h2><div class=\"fusion-post-content-container\"><p><a href=\"https:\/\/www.kaminakeskus.ee\/wp-content\/uploads\/2018\/04\/Katel-Kalvis-2-20NDG-150x150.jpg\"><img decoding=\"async\" class=\"size-thumbnail wp-image-37872\" src=\"https:\/\/www.kaminakeskus.ee\/wp-content\/uploads\/2018\/04\/Katel-Kalvis-2-20NDG-150x150.jpg\" alt=\"\" width=\"150\" height=\"150\"><\/a><\/p>\n<p><strong>Calvis-2-30-NDG<br \/>\n<\/strong> Teho: 8-30kW<br \/>\nL\u00e4mmitetty alue: jopa 534 (1120) m2<br \/>\nPolttoaine: pelletti (\u00d86-8mm) puuta<br \/>\nVeden m\u00e4\u00e4r\u00e4: 103 l<br \/>\nK \/ L \/ S: 1450x770x1340mm<br \/>\nSavupiippu: \u00d8180mm<br \/>\nPaino: 592kg<br \/>\n<strong>Hinta: 7859 \u20ac<\/strong><\/p>\n<\/div><\/div><\/div><div class=\"fusion-clearfix\"><\/div><\/div>\n<\/article>\n<article id=\"blog-1-post-49717\" class=\"fusion-post-grid post-49717 post type-post status-publish format-standard hentry category-kattilat category-kattilat-kalvis category-pelletti-ja-hybridikattilat-kalvis\">\n<div class=\"fusion-post-wrapper\" style=\"background-color:rgba(255,255,255,1);border:1px solid #a82c23;border-bottom-width:3px;\">\n\n<div class=\"fusion-post-content-wrapper\" style=\"padding:30px 25px 25px 25px;\"><div class=\"fusion-post-content post-content\"><h2 class=\"blog-shortcode-post-title entry-title\"><a href=\"https:\/\/www.kaminakeskus.ee\/fi\/hybridikattila-k-2-20-ndg\/\">Hybridikattila K-2-20-NDG<\/a><\/h2><div class=\"fusion-post-content-container\"><p>          <a href=\"https:\/\/www.kaminakeskus.ee\/wp-content\/uploads\/2018\/04\/Katel-Kalvis-2-20NDG-150x150.jpg\"><br \/>\n            <img decoding=\"async\" class=\"size-thumbnail wp-image-21677 aligncenter\" src=\"https:\/\/www.kaminakeskus.ee\/wp-content\/uploads\/2018\/04\/Katel-Kalvis-2-20NDG-150x150.jpg\" alt=\"\" width=\"150\" height=\"150\"><br \/>\n          <\/a><\/p>\n<p style=\"text-align: center;\"><strong>Kalvis-2-20-NDG<br \/>\n<\/strong> Teho: 5-20 kW<br \/>\n L\u00e4mmitetty pinta-ala: jopa 334 (700) m2<br \/>\n Polttoaine: pelletti (\u00d86-8mm)puu<br \/>\n Vesitilavuus: 72 l<br \/>\n K\/L\/S: 1350x790x1570mm<br \/>\n Savuhormi: \u00d8160mm<br \/>\n Paino: 385 kg<br \/>\n <strong>Hinta: 5225 \u20ac<\/strong><\/p>\n<\/div><\/div><\/div><div class=\"fusion-clearfix\"><\/div><\/div>\n<\/article>\n<article id=\"blog-1-post-49748\" class=\"fusion-post-grid post-49748 post type-post status-publish format-standard hentry category-kattilat category-kattilat-kalvis category-pelletti-ja-hybridikattilat-kalvis\">\n<div class=\"fusion-post-wrapper\" style=\"background-color:rgba(255,255,255,1);border:1px solid #a82c23;border-bottom-width:3px;\">\n\n<div class=\"fusion-post-content-wrapper\" style=\"padding:30px 25px 25px 25px;\"><div class=\"fusion-post-content post-content\"><h2 class=\"blog-shortcode-post-title entry-title\"><a href=\"https:\/\/www.kaminakeskus.ee\/fi\/hybridikattila-k-2-16ndg\/\">Hybridikattila K-2-16NDG<\/a><\/h2><div class=\"fusion-post-content-container\"><p><a href=\"https:\/\/www.kaminakeskus.ee\/wp-content\/uploads\/2018\/04\/Katel-Kalvis-2-20NDG-150x150.jpg\"><img decoding=\"async\" class=\"size-thumbnail wp-image-37872\" src=\"https:\/\/www.kaminakeskus.ee\/wp-content\/uploads\/2018\/04\/Katel-Kalvis-2-20NDG-150x150.jpg\" alt=\"\" width=\"150\" height=\"150\"><\/a><\/p>\n<p><strong>Kalvis-2-16-NDG<\/strong><br \/>\nTeho: 5-16 kW<br \/>\nL\u00e4mmitetty alue: jopa 267 (560) m2<br \/>\nPolttoaine: pelletti (\u00d86-8mm) puuta<br \/>\nVeden m\u00e4\u00e4r\u00e4: 46 l<br \/>\nK \/ L \/ S: 1160x690x1400mm<br \/>\nSavupiippu: \u00d8160mm<br \/>\nPaino: 360kg<br \/>\n<strong>Hinta: 5905 \u20ac<\/strong><strong><br \/>\n<\/strong><\/p>\n<\/div><\/div><\/div><div class=\"fusion-clearfix\"><\/div><\/div>\n<\/article>\n<div class=\"fusion-clearfix\"><\/div><\/div><\/div><\/div><\/div><\/div><\/div><div class=\"fusion-fullwidth fullwidth-box fusion-builder-row-2 fusion-flex-container nonhundred-percent-fullwidth non-hundred-percent-height-scrolling\" style=\"--awb-border-radius-top-left:0px;--awb-border-radius-top-right:0px;--awb-border-radius-bottom-right:0px;--awb-border-radius-bottom-left:0px;--awb-flex-wrap:wrap;\" ><div class=\"fusion-builder-row fusion-row fusion-flex-align-items-flex-start fusion-flex-content-wrap\" style=\"max-width:2392px;margin-left: calc(-4% \/ 2 );margin-right: calc(-4% \/ 2 );\"><div class=\"fusion-layout-column fusion_builder_column fusion-builder-column-1 fusion_builder_column_1_1 1_1 fusion-flex-column\" style=\"--awb-bg-size:cover;--awb-width-large:100%;--awb-margin-top-large:0px;--awb-spacing-right-large:1.92%;--awb-margin-bottom-large:20px;--awb-spacing-left-large:1.92%;--awb-width-medium:100%;--awb-order-medium:0;--awb-spacing-right-medium:1.92%;--awb-spacing-left-medium:1.92%;--awb-width-small:100%;--awb-order-small:0;--awb-spacing-right-small:1.92%;--awb-spacing-left-small:1.92%;\"><div class=\"fusion-column-wrapper fusion-column-has-shadow fusion-flex-justify-content-flex-start fusion-content-layout-column\"><\/div><\/div><\/div><\/div><\/p>\n","protected":false},"excerpt":{"rendered":"<p>ei<\/p>\n","protected":false},"author":3,"featured_media":0,"parent":0,"menu_order":0,"comment_status":"closed","ping_status":"closed","template":"","meta":{"footnotes":""},"class_list":["post-55099","page","type-page","status-publish","hentry"],"yoast_head":"<!-- This site is optimized with the Yoast SEO Premium plugin v27.3 (Yoast SEO v27.3) - https:\/\/yoast.com\/product\/yoast-seo-premium-wordpress\/ -->\n<title>KaminaKeskus<\/title>\n<meta name=\"description\" content=\"Kaminate, pliitide, ahjude ja korstnate m\u00fc\u00fck\" \/>\n<meta name=\"robots\" content=\"index, follow, max-snippet:-1, max-image-preview:large, max-video-preview:-1\" \/>\n<link rel=\"canonical\" href=\"https:\/\/www.kaminakeskus.ee\/fi\/pelletti-ja-hybridikattot-vaskuissa\/\" \/>\n<meta property=\"og:locale\" content=\"fi_FI\" \/>\n<meta property=\"og:type\" content=\"article\" \/>\n<meta property=\"og:title\" content=\"PELLETTI- JA HYBRIDIKATTOT VASKUISSA - Kaminakeskus | Kaminad, Ahjud, Pliidid, Saunaahjud, Korstnad, Katlad\" \/>\n<meta property=\"og:description\" content=\"Kaminate, pliitide, ahjude ja korstnate m\u00fc\u00fck\" \/>\n<meta property=\"og:url\" content=\"https:\/\/www.kaminakeskus.ee\/fi\/pelletti-ja-hybridikattot-vaskuissa\/\" \/>\n<meta property=\"og:site_name\" content=\"Kaminakeskus | Kaminad, Ahjud, Pliidid, Saunaahjud, Korstnad, Katlad\" \/>\n<meta property=\"article:publisher\" content=\"https:\/\/www.facebook.com\/kaminakeskus\/yoast\" \/>\n<meta property=\"article:modified_time\" content=\"2021-09-02T16:14:31+00:00\" \/>\n<meta name=\"twitter:card\" content=\"summary_large_image\" \/>\n<meta name=\"twitter:label1\" content=\"Est. reading time\" \/>\n\t<meta name=\"twitter:data1\" content=\"6 minutes\" \/>\n<script type=\"application\/ld+json\" class=\"yoast-schema-graph\">{\"@context\":\"https:\\\/\\\/schema.org\",\"@graph\":[{\"@type\":\"WebPage\",\"@id\":\"https:\\\/\\\/www.kaminakeskus.ee\\\/fi\\\/pelletti-ja-hybridikattot-vaskuissa\\\/\",\"url\":\"https:\\\/\\\/www.kaminakeskus.ee\\\/fi\\\/pelletti-ja-hybridikattot-vaskuissa\\\/\",\"name\":\"KaminaKeskus\",\"isPartOf\":{\"@id\":\"https:\\\/\\\/www.kaminakeskus.ee\\\/fi\\\/#website\"},\"datePublished\":\"2021-08-29T11:03:24+00:00\",\"dateModified\":\"2021-09-02T16:14:31+00:00\",\"description\":\"Kaminate, pliitide, ahjude ja korstnate m\u00fc\u00fck\",\"breadcrumb\":{\"@id\":\"https:\\\/\\\/www.kaminakeskus.ee\\\/fi\\\/pelletti-ja-hybridikattot-vaskuissa\\\/#breadcrumb\"},\"inLanguage\":\"fi-FI\",\"potentialAction\":[{\"@type\":\"ReadAction\",\"target\":[\"https:\\\/\\\/www.kaminakeskus.ee\\\/fi\\\/pelletti-ja-hybridikattot-vaskuissa\\\/\"]}]},{\"@type\":\"BreadcrumbList\",\"@id\":\"https:\\\/\\\/www.kaminakeskus.ee\\\/fi\\\/pelletti-ja-hybridikattot-vaskuissa\\\/#breadcrumb\",\"itemListElement\":[{\"@type\":\"ListItem\",\"position\":1,\"name\":\"Home\",\"item\":\"https:\\\/\\\/www.kaminakeskus.ee\\\/fi\\\/\"},{\"@type\":\"ListItem\",\"position\":2,\"name\":\"PELLETTI- JA HYBRIDIKATTOT VASKUISSA\"}]},{\"@type\":\"WebSite\",\"@id\":\"https:\\\/\\\/www.kaminakeskus.ee\\\/fi\\\/#website\",\"url\":\"https:\\\/\\\/www.kaminakeskus.ee\\\/fi\\\/\",\"name\":\"Kaminakeskus | Kaminad, Ahjud, Pliidid, Saunaahjud, Korstnad, Korsten, Moodulkorsten, Katlad\",\"description\":\"Kamin Kaminad Ahi Ahjud Pliit Pliidid Korstnad Katlad\",\"publisher\":{\"@id\":\"https:\\\/\\\/www.kaminakeskus.ee\\\/fi\\\/#organization\"},\"potentialAction\":[{\"@type\":\"SearchAction\",\"target\":{\"@type\":\"EntryPoint\",\"urlTemplate\":\"https:\\\/\\\/www.kaminakeskus.ee\\\/fi\\\/?s={search_term_string}\"},\"query-input\":{\"@type\":\"PropertyValueSpecification\",\"valueRequired\":true,\"valueName\":\"search_term_string\"}}],\"inLanguage\":\"fi-FI\"},{\"@type\":[\"Organization\",\"Place\"],\"@id\":\"https:\\\/\\\/www.kaminakeskus.ee\\\/fi\\\/#organization\",\"name\":\"R\u00e4ndr\u00fc\u00fctel HP O\u00dc\",\"alternateName\":\"KaminaKeskus\",\"url\":\"https:\\\/\\\/www.kaminakeskus.ee\\\/\",\"logo\":{\"@type\":\"ImageObject\",\"inLanguage\":\"fi-FI\",\"@id\":\"https:\\\/\\\/www.kaminakeskus.ee\\\/fi\\\/#\\\/schema\\\/logo\\\/image\\\/\",\"url\":\"https:\\\/\\\/www.kaminakeskus.ee\\\/wp-content\\\/uploads\\\/2026\\\/02\\\/Kaminakeskus-logo-1-1.jpg\",\"contentUrl\":\"https:\\\/\\\/www.kaminakeskus.ee\\\/wp-content\\\/uploads\\\/2026\\\/02\\\/Kaminakeskus-logo-1-1.jpg\",\"width\":2068,\"height\":532,\"caption\":\"R\u00e4ndr\u00fc\u00fctel HP O\u00dc\"},\"image\":{\"@id\":\"https:\\\/\\\/www.kaminakeskus.ee\\\/fi\\\/#\\\/schema\\\/logo\\\/image\\\/\"},\"sameAs\":[\"https:\\\/\\\/www.facebook.com\\\/kaminakeskus\\\/yoast\"],\"description\":\"Sales of fireplaces, chimneys and related goods. Kaminate, ahjude, pliitide, korstnate ja nendega seotud toodete m\u00fc\u00fck.\",\"legalName\":\"R\u00e4ndr\u00fc\u00fctel HP O\u00dc\",\"foundingDate\":\"1997-05-13\",\"leiCode\":\"9845007FC4HB963C8D65\",\"numberOfEmployees\":{\"@type\":\"QuantitativeValue\",\"minValue\":\"1\",\"maxValue\":\"10\"},\"telephone\":[\"+372 5543239\",\"+372 58812360\"],\"contactPoint\":{\"@type\":\"ContactPoint\",\"telephone\":\"+372 5543239\",\"email\":\"kaminakeskus@gmail.com\"},\"email\":\"kaminakeskus@gmail.com\",\"vatID\":\"EE100831739\",\"taxID\":\"10208374\"}]}<\/script>\n<!-- \/ Yoast SEO Premium plugin. -->","yoast_head_json":{"title":"KaminaKeskus","description":"Kaminate, pliitide, ahjude ja korstnate m\u00fc\u00fck","robots":{"index":"index","follow":"follow","max-snippet":"max-snippet:-1","max-image-preview":"max-image-preview:large","max-video-preview":"max-video-preview:-1"},"canonical":"https:\/\/www.kaminakeskus.ee\/fi\/pelletti-ja-hybridikattot-vaskuissa\/","og_locale":"fi_FI","og_type":"article","og_title":"PELLETTI- JA HYBRIDIKATTOT VASKUISSA - Kaminakeskus | Kaminad, Ahjud, Pliidid, Saunaahjud, Korstnad, Katlad","og_description":"Kaminate, pliitide, ahjude ja korstnate m\u00fc\u00fck","og_url":"https:\/\/www.kaminakeskus.ee\/fi\/pelletti-ja-hybridikattot-vaskuissa\/","og_site_name":"Kaminakeskus | Kaminad, Ahjud, Pliidid, Saunaahjud, Korstnad, Katlad","article_publisher":"https:\/\/www.facebook.com\/kaminakeskus\/yoast","article_modified_time":"2021-09-02T16:14:31+00:00","twitter_card":"summary_large_image","twitter_misc":{"Est. reading time":"6 minutes"},"schema":{"@context":"https:\/\/schema.org","@graph":[{"@type":"WebPage","@id":"https:\/\/www.kaminakeskus.ee\/fi\/pelletti-ja-hybridikattot-vaskuissa\/","url":"https:\/\/www.kaminakeskus.ee\/fi\/pelletti-ja-hybridikattot-vaskuissa\/","name":"KaminaKeskus","isPartOf":{"@id":"https:\/\/www.kaminakeskus.ee\/fi\/#website"},"datePublished":"2021-08-29T11:03:24+00:00","dateModified":"2021-09-02T16:14:31+00:00","description":"Kaminate, pliitide, ahjude ja korstnate m\u00fc\u00fck","breadcrumb":{"@id":"https:\/\/www.kaminakeskus.ee\/fi\/pelletti-ja-hybridikattot-vaskuissa\/#breadcrumb"},"inLanguage":"fi-FI","potentialAction":[{"@type":"ReadAction","target":["https:\/\/www.kaminakeskus.ee\/fi\/pelletti-ja-hybridikattot-vaskuissa\/"]}]},{"@type":"BreadcrumbList","@id":"https:\/\/www.kaminakeskus.ee\/fi\/pelletti-ja-hybridikattot-vaskuissa\/#breadcrumb","itemListElement":[{"@type":"ListItem","position":1,"name":"Home","item":"https:\/\/www.kaminakeskus.ee\/fi\/"},{"@type":"ListItem","position":2,"name":"PELLETTI- JA HYBRIDIKATTOT VASKUISSA"}]},{"@type":"WebSite","@id":"https:\/\/www.kaminakeskus.ee\/fi\/#website","url":"https:\/\/www.kaminakeskus.ee\/fi\/","name":"Kaminakeskus | Kaminad, Ahjud, Pliidid, Saunaahjud, Korstnad, Korsten, Moodulkorsten, Katlad","description":"Kamin Kaminad Ahi Ahjud Pliit Pliidid Korstnad Katlad","publisher":{"@id":"https:\/\/www.kaminakeskus.ee\/fi\/#organization"},"potentialAction":[{"@type":"SearchAction","target":{"@type":"EntryPoint","urlTemplate":"https:\/\/www.kaminakeskus.ee\/fi\/?s={search_term_string}"},"query-input":{"@type":"PropertyValueSpecification","valueRequired":true,"valueName":"search_term_string"}}],"inLanguage":"fi-FI"},{"@type":["Organization","Place"],"@id":"https:\/\/www.kaminakeskus.ee\/fi\/#organization","name":"R\u00e4ndr\u00fc\u00fctel HP O\u00dc","alternateName":"KaminaKeskus","url":"https:\/\/www.kaminakeskus.ee\/","logo":{"@type":"ImageObject","inLanguage":"fi-FI","@id":"https:\/\/www.kaminakeskus.ee\/fi\/#\/schema\/logo\/image\/","url":"https:\/\/www.kaminakeskus.ee\/wp-content\/uploads\/2026\/02\/Kaminakeskus-logo-1-1.jpg","contentUrl":"https:\/\/www.kaminakeskus.ee\/wp-content\/uploads\/2026\/02\/Kaminakeskus-logo-1-1.jpg","width":2068,"height":532,"caption":"R\u00e4ndr\u00fc\u00fctel HP O\u00dc"},"image":{"@id":"https:\/\/www.kaminakeskus.ee\/fi\/#\/schema\/logo\/image\/"},"sameAs":["https:\/\/www.facebook.com\/kaminakeskus\/yoast"],"description":"Sales of fireplaces, chimneys and related goods. Kaminate, ahjude, pliitide, korstnate ja nendega seotud toodete m\u00fc\u00fck.","legalName":"R\u00e4ndr\u00fc\u00fctel HP O\u00dc","foundingDate":"1997-05-13","leiCode":"9845007FC4HB963C8D65","numberOfEmployees":{"@type":"QuantitativeValue","minValue":"1","maxValue":"10"},"telephone":["+372 5543239","+372 58812360"],"contactPoint":{"@type":"ContactPoint","telephone":"+372 5543239","email":"kaminakeskus@gmail.com"},"email":"kaminakeskus@gmail.com","vatID":"EE100831739","taxID":"10208374"}]}},"_links":{"self":[{"href":"https:\/\/www.kaminakeskus.ee\/fi\/wp-json\/wp\/v2\/pages\/55099","targetHints":{"allow":["GET"]}}],"collection":[{"href":"https:\/\/www.kaminakeskus.ee\/fi\/wp-json\/wp\/v2\/pages"}],"about":[{"href":"https:\/\/www.kaminakeskus.ee\/fi\/wp-json\/wp\/v2\/types\/page"}],"author":[{"embeddable":true,"href":"https:\/\/www.kaminakeskus.ee\/fi\/wp-json\/wp\/v2\/users\/3"}],"replies":[{"embeddable":true,"href":"https:\/\/www.kaminakeskus.ee\/fi\/wp-json\/wp\/v2\/comments?post=55099"}],"version-history":[{"count":3,"href":"https:\/\/www.kaminakeskus.ee\/fi\/wp-json\/wp\/v2\/pages\/55099\/revisions"}],"predecessor-version":[{"id":55969,"href":"https:\/\/www.kaminakeskus.ee\/fi\/wp-json\/wp\/v2\/pages\/55099\/revisions\/55969"}],"wp:attachment":[{"href":"https:\/\/www.kaminakeskus.ee\/fi\/wp-json\/wp\/v2\/media?parent=55099"}],"curies":[{"name":"wp","href":"https:\/\/api.w.org\/{rel}","templated":true}]}}