{"id":81226,"date":"2025-01-24T14:38:09","date_gmt":"2025-01-24T14:38:09","guid":{"rendered":"https:\/\/www.kaminakeskus.ee\/?page_id=81226"},"modified":"2025-01-24T14:38:09","modified_gmt":"2025-01-24T14:38:09","slug":"kaminad-thorma","status":"publish","type":"page","link":"https:\/\/www.kaminakeskus.ee\/lv\/kaminad-thorma\/","title":{"rendered":"KAMINAD Thorma"},"content":{"rendered":"<p><div class=\"fusion-fullwidth fullwidth-box fusion-builder-row-1 fusion-flex-container hundred-percent-fullwidth non-hundred-percent-height-scrolling\" style=\"--awb-border-radius-top-left:0px;--awb-border-radius-top-right:0px;--awb-border-radius-bottom-right:0px;--awb-border-radius-bottom-left:0px;--awb-margin-top:40px;--awb-flex-wrap:wrap;\" ><div class=\"fusion-builder-row fusion-row fusion-flex-align-items-flex-start fusion-flex-content-wrap\" style=\"width:104% !important;max-width:104% !important;margin-left: calc(-4% \/ 2 );margin-right: calc(-4% \/ 2 );\"><div class=\"fusion-layout-column fusion_builder_column fusion-builder-column-0 fusion_builder_column_1_1 1_1 fusion-flex-column\" style=\"--awb-bg-size:cover;--awb-width-large:100%;--awb-margin-top-large:0px;--awb-spacing-right-large:1.92%;--awb-margin-bottom-large:20px;--awb-spacing-left-large:1.92%;--awb-width-medium:100%;--awb-order-medium:0;--awb-spacing-right-medium:1.92%;--awb-spacing-left-medium:1.92%;--awb-width-small:100%;--awb-order-small:0;--awb-spacing-right-small:1.92%;--awb-spacing-left-small:1.92%;\"><div class=\"fusion-column-wrapper fusion-column-has-shadow fusion-flex-justify-content-flex-start fusion-content-layout-column\"><div class=\"fusion-blog-shortcode fusion-blog-shortcode-1 fusion-blog-archive fusion-blog-layout-grid-wrapper fusion-blog-no\"><style type=\"text\/css\">.fusion-blog-shortcode-1 .fusion-blog-layout-grid .fusion-post-grid{padding:12.5px;}.fusion-blog-shortcode-1 .fusion-posts-container{margin-left: -12.5px !important; margin-right:-12.5px !important;}<\/style><div class=\"fusion-posts-container fusion-posts-container-no fusion-no-meta-info fusion-blog-rollover fusion-blog-layout-grid fusion-blog-layout-grid-4 isotope fusion-blog-equal-heights\" data-pages=\"0\" data-grid-col-space=\"25\" style=\"margin: -12.5px -12.5px 0;min-height:500px;\"><article id=\"blog-1-post-82659\" class=\"fusion-post-grid post-82659 post type-post status-publish format-standard hentry category-kaminad-thorma-lv category-kamini category-kamini-lv-2 category-kamini-lv category-pliidid-thorma-lv category-plitis category-plitis-lv\">\n<div class=\"fusion-post-wrapper\" style=\"background-color:rgba(255,255,255,1);border:1px solid #a82c23;border-bottom-width:3px;\">\n\n<div class=\"fusion-post-content-wrapper\" style=\"padding:30px 25px 25px 25px;\"><div class=\"fusion-post-content post-content\"><h2 class=\"blog-shortcode-post-title entry-title\"><a href=\"https:\/\/www.kaminakeskus.ee\/lv\/kamin-pliit-sissi-basic\/\">Kamin-pliit Sissi Basic<\/a><\/h2><div class=\"fusion-post-content-container\"><div id=\"attachment_82653\" style=\"width: 78px\" class=\"wp-caption aligncenter\"><a href=\"https:\/\/www.kaminakeskus.ee\/wp-content\/uploads\/2025\/04\/kaminpliit-sissi-basic-68x150.jpg\"><img decoding=\"async\" aria-describedby=\"caption-attachment-82653\" class=\"size-thumbnail wp-image-82653\" src=\"https:\/\/www.kaminakeskus.ee\/wp-content\/uploads\/2025\/04\/kaminpliit-sissi-basic-68x150.jpg\" alt=\"\" width=\"68\" height=\"150\" srcset=\"https:\/\/www.kaminakeskus.ee\/wp-content\/uploads\/2025\/04\/kaminpliit-sissi-basic-68x150.jpg 68w, https:\/\/www.kaminakeskus.ee\/wp-content\/uploads\/2025\/04\/kaminpliit-sissi-basic-135x300.jpg 135w, https:\/\/www.kaminakeskus.ee\/wp-content\/uploads\/2025\/04\/kaminpliit-sissi-basic-200x444.jpg 200w, https:\/\/www.kaminakeskus.ee\/wp-content\/uploads\/2025\/04\/kaminpliit-sissi-basic.jpg 248w\" sizes=\"(max-width: 68px) 100vw, 68px\" \/><\/a><p id=\"caption-attachment-82653\" class=\"wp-caption-text\"><strong>Kamin-pliit Sissi Basic<\/strong><\/p><\/div>\n<p style=\"text-align: center;\">V\u00f5imsus: 5 kW<br \/>\nK\u00f5rgus: 906 mm<br \/>\nLaius: 326 mm<br \/>\nS\u00fcgavus: 345 mm<br \/>\nL\u00f5\u00f5ri l\u00e4bim\u00f5\u00f5t: 120 mm<br \/>\nKaal: 59 kg<br \/>\n<strong>Hind: 395 EUR<\/strong><\/p>\n<\/div><\/div><\/div><div class=\"fusion-clearfix\"><\/div><\/div>\n<\/article>\n<article id=\"blog-1-post-81262\" class=\"fusion-post-grid post-81262 post type-post status-publish format-standard hentry category-kaminad-thorma-lv category-kamini-lv category-kamini-lv-2 category-pliidid-thorma-lv category-plitis category-plitis-lv\">\n<div class=\"fusion-post-wrapper\" style=\"background-color:rgba(255,255,255,1);border:1px solid #a82c23;border-bottom-width:3px;\">\n\n<div class=\"fusion-post-content-wrapper\" style=\"padding:30px 25px 25px 25px;\"><div class=\"fusion-post-content post-content\"><h2 class=\"blog-shortcode-post-title entry-title\"><a href=\"https:\/\/www.kaminakeskus.ee\/lv\/kamin-pliit-thorma-sissi-max\/\">Kamin-pliit Thorma Sissi Max<\/a><\/h2><div class=\"fusion-post-content-container\"><div id=\"attachment_81256\" style=\"width: 95px\" class=\"wp-caption aligncenter\"><a href=\"https:\/\/www.kaminakeskus.ee\/wp-content\/uploads\/2025\/01\/pliit-thorma-sissi-max-85x150.jpg\"><img decoding=\"async\" aria-describedby=\"caption-attachment-81256\" class=\"size-thumbnail wp-image-81256\" src=\"https:\/\/www.kaminakeskus.ee\/wp-content\/uploads\/2025\/01\/pliit-thorma-sissi-max-85x150.jpg\" alt=\"\" width=\"85\" height=\"150\" srcset=\"https:\/\/www.kaminakeskus.ee\/wp-content\/uploads\/2025\/01\/pliit-thorma-sissi-max-85x150.jpg 85w, https:\/\/www.kaminakeskus.ee\/wp-content\/uploads\/2025\/01\/pliit-thorma-sissi-max-171x300.jpg 171w, https:\/\/www.kaminakeskus.ee\/wp-content\/uploads\/2025\/01\/pliit-thorma-sissi-max-200x351.jpg 200w, https:\/\/www.kaminakeskus.ee\/wp-content\/uploads\/2025\/01\/pliit-thorma-sissi-max.jpg 313w\" sizes=\"(max-width: 85px) 100vw, 85px\" \/><\/a><p id=\"caption-attachment-81256\" class=\"wp-caption-text\"><strong>Kamin-pliit Thorma Sissi Max<\/strong><\/p><\/div>\n<p style=\"text-align: center;\">V\u00f5imsus: 7 kW<br \/>\nK\u00f5rgus: 882 mm<br \/>\nLaius: 400 mm<br \/>\nS\u00fcgavus: 534 mm<br \/>\nL\u00f5\u00f5ri l\u00e4bim\u00f5\u00f5t: 120 mm<br \/>\nKaal: 75 kg<br \/>\n<strong>Hind: 634 EUR<\/strong><\/p>\n<\/div><\/div><\/div><div class=\"fusion-clearfix\"><\/div><\/div>\n<\/article>\n<article id=\"blog-1-post-81245\" class=\"fusion-post-grid post-81245 post type-post status-publish format-standard hentry category-kaminad-thorma-lv category-kamini-lv-2 category-kamini-lv category-pliidid-thorma-lv category-plitis-lv category-plitis\">\n<div class=\"fusion-post-wrapper\" style=\"background-color:rgba(255,255,255,1);border:1px solid #a82c23;border-bottom-width:3px;\">\n\n<div class=\"fusion-post-content-wrapper\" style=\"padding:30px 25px 25px 25px;\"><div class=\"fusion-post-content post-content\"><h2 class=\"blog-shortcode-post-title entry-title\"><a href=\"https:\/\/www.kaminakeskus.ee\/lv\/kamin-pliit-thorma-sissi\/\">Kamin-pliit Thorma Sissi<\/a><\/h2><div class=\"fusion-post-content-container\"><div id=\"attachment_81239\" style=\"width: 87px\" class=\"wp-caption aligncenter\"><a href=\"https:\/\/www.kaminakeskus.ee\/wp-content\/uploads\/2025\/01\/kamin-pliit-thorma-sissi-77x150.jpg\"><img decoding=\"async\" aria-describedby=\"caption-attachment-81239\" class=\"wp-image-81239 size-thumbnail\" title=\"Kamin-pliit Sissi\" src=\"https:\/\/www.kaminakeskus.ee\/wp-content\/uploads\/2025\/01\/kamin-pliit-thorma-sissi-77x150.jpg\" alt=\"Kamin-pliit Sissi\" width=\"77\" height=\"150\" srcset=\"https:\/\/www.kaminakeskus.ee\/wp-content\/uploads\/2025\/01\/kamin-pliit-thorma-sissi-77x150.jpg 77w, https:\/\/www.kaminakeskus.ee\/wp-content\/uploads\/2025\/01\/kamin-pliit-thorma-sissi-153x300.jpg 153w, https:\/\/www.kaminakeskus.ee\/wp-content\/uploads\/2025\/01\/kamin-pliit-thorma-sissi-200x391.jpg 200w, https:\/\/www.kaminakeskus.ee\/wp-content\/uploads\/2025\/01\/kamin-pliit-thorma-sissi.jpg 281w\" sizes=\"(max-width: 77px) 100vw, 77px\" \/><\/a><p id=\"caption-attachment-81239\" class=\"wp-caption-text\"><strong>Kamin-pliit Sissi<\/strong><\/p><\/div>\n<p style=\"text-align: center;\">V\u00f5imsus: 5kW<br \/>\nK\u00f5rgus: 890mm<br \/>\nLaius: 380mm<br \/>\nS\u00fcgavus: 360mm<br \/>\nL\u00f5\u00f5ri l\u00e4bim\u00f5\u00f5t: 120mm<br \/>\nKaal: 69kg<br \/>\n<strong>Hind: 498 EUR<\/strong><\/p>\n<\/div><\/div><\/div><div class=\"fusion-clearfix\"><\/div><\/div>\n<\/article>\n<div class=\"fusion-clearfix\"><\/div><\/div><\/div><\/div><\/div><\/div><\/div><div class=\"fusion-fullwidth fullwidth-box fusion-builder-row-2 fusion-flex-container nonhundred-percent-fullwidth non-hundred-percent-height-scrolling\" style=\"--awb-border-radius-top-left:0px;--awb-border-radius-top-right:0px;--awb-border-radius-bottom-right:0px;--awb-border-radius-bottom-left:0px;--awb-flex-wrap:wrap;\" ><div class=\"fusion-builder-row fusion-row fusion-flex-align-items-flex-start fusion-flex-content-wrap\" style=\"max-width:2392px;margin-left: calc(-4% \/ 2 );margin-right: calc(-4% \/ 2 );\"><div class=\"fusion-layout-column fusion_builder_column fusion-builder-column-1 fusion_builder_column_1_1 1_1 fusion-flex-column\" style=\"--awb-bg-size:cover;--awb-width-large:100%;--awb-margin-top-large:0px;--awb-spacing-right-large:1.92%;--awb-margin-bottom-large:20px;--awb-spacing-left-large:1.92%;--awb-width-medium:100%;--awb-order-medium:0;--awb-spacing-right-medium:1.92%;--awb-spacing-left-medium:1.92%;--awb-width-small:100%;--awb-order-small:0;--awb-spacing-right-small:1.92%;--awb-spacing-left-small:1.92%;\"><div class=\"fusion-column-wrapper fusion-column-has-shadow fusion-flex-justify-content-flex-start fusion-content-layout-column\"><\/div><\/div><\/div><\/div><\/p>\n","protected":false},"excerpt":{"rendered":"","protected":false},"author":3,"featured_media":0,"parent":0,"menu_order":0,"comment_status":"closed","ping_status":"closed","template":"","meta":{"footnotes":""},"class_list":["post-81226","page","type-page","status-publish","hentry"],"yoast_head":"<!-- This site is optimized with the Yoast SEO Premium plugin v27.3 (Yoast SEO v27.3) - https:\/\/yoast.com\/product\/yoast-seo-premium-wordpress\/ -->\n<title>KaminaKeskus<\/title>\n<meta name=\"description\" content=\"Kaminate, pliitide, ahjude ja korstnate m\u00fc\u00fck\" \/>\n<meta name=\"robots\" content=\"index, follow, max-snippet:-1, max-image-preview:large, max-video-preview:-1\" \/>\n<link rel=\"canonical\" href=\"https:\/\/www.kaminakeskus.ee\/lv\/kaminad-thorma\/\" \/>\n<meta property=\"og:locale\" content=\"lv_LV\" \/>\n<meta property=\"og:type\" content=\"article\" \/>\n<meta property=\"og:title\" content=\"KAMINAD Thorma - Kaminakeskus | Kaminad, Ahjud, Pliidid, Saunaahjud, Korstnad, Katlad\" \/>\n<meta property=\"og:description\" content=\"Kaminate, pliitide, ahjude ja korstnate m\u00fc\u00fck\" \/>\n<meta property=\"og:url\" content=\"https:\/\/www.kaminakeskus.ee\/lv\/kaminad-thorma\/\" \/>\n<meta property=\"og:site_name\" content=\"Kaminakeskus | Kaminad, Ahjud, Pliidid, Saunaahjud, Korstnad, Katlad\" \/>\n<meta property=\"article:publisher\" content=\"https:\/\/www.facebook.com\/kaminakeskus\/yoast\" \/>\n<meta name=\"twitter:card\" content=\"summary_large_image\" \/>\n<meta name=\"twitter:label1\" content=\"Est. reading time\" \/>\n\t<meta name=\"twitter:data1\" content=\"6 min\u016btes\" \/>\n<script type=\"application\/ld+json\" class=\"yoast-schema-graph\">{\"@context\":\"https:\\\/\\\/schema.org\",\"@graph\":[{\"@type\":\"WebPage\",\"@id\":\"https:\\\/\\\/www.kaminakeskus.ee\\\/lv\\\/kaminad-thorma\\\/\",\"url\":\"https:\\\/\\\/www.kaminakeskus.ee\\\/lv\\\/kaminad-thorma\\\/\",\"name\":\"KaminaKeskus\",\"isPartOf\":{\"@id\":\"https:\\\/\\\/www.kaminakeskus.ee\\\/lv\\\/#website\"},\"datePublished\":\"2025-01-24T14:38:09+00:00\",\"description\":\"Kaminate, pliitide, ahjude ja korstnate m\u00fc\u00fck\",\"breadcrumb\":{\"@id\":\"https:\\\/\\\/www.kaminakeskus.ee\\\/lv\\\/kaminad-thorma\\\/#breadcrumb\"},\"inLanguage\":\"lv-LV\",\"potentialAction\":[{\"@type\":\"ReadAction\",\"target\":[\"https:\\\/\\\/www.kaminakeskus.ee\\\/lv\\\/kaminad-thorma\\\/\"]}]},{\"@type\":\"BreadcrumbList\",\"@id\":\"https:\\\/\\\/www.kaminakeskus.ee\\\/lv\\\/kaminad-thorma\\\/#breadcrumb\",\"itemListElement\":[{\"@type\":\"ListItem\",\"position\":1,\"name\":\"Home\",\"item\":\"https:\\\/\\\/www.kaminakeskus.ee\\\/lv\\\/\"},{\"@type\":\"ListItem\",\"position\":2,\"name\":\"KAMINAD Thorma\"}]},{\"@type\":\"WebSite\",\"@id\":\"https:\\\/\\\/www.kaminakeskus.ee\\\/lv\\\/#website\",\"url\":\"https:\\\/\\\/www.kaminakeskus.ee\\\/lv\\\/\",\"name\":\"Kaminakeskus | Kaminad, Ahjud, Pliidid, Saunaahjud, Korstnad, Korsten, Moodulkorsten, Katlad\",\"description\":\"Kamin Kaminad Ahi Ahjud Pliit Pliidid Korstnad Katlad\",\"publisher\":{\"@id\":\"https:\\\/\\\/www.kaminakeskus.ee\\\/lv\\\/#organization\"},\"potentialAction\":[{\"@type\":\"SearchAction\",\"target\":{\"@type\":\"EntryPoint\",\"urlTemplate\":\"https:\\\/\\\/www.kaminakeskus.ee\\\/lv\\\/?s={search_term_string}\"},\"query-input\":{\"@type\":\"PropertyValueSpecification\",\"valueRequired\":true,\"valueName\":\"search_term_string\"}}],\"inLanguage\":\"lv-LV\"},{\"@type\":[\"Organization\",\"Place\"],\"@id\":\"https:\\\/\\\/www.kaminakeskus.ee\\\/lv\\\/#organization\",\"name\":\"R\u00e4ndr\u00fc\u00fctel HP O\u00dc\",\"alternateName\":\"KaminaKeskus\",\"url\":\"https:\\\/\\\/www.kaminakeskus.ee\\\/\",\"logo\":{\"@type\":\"ImageObject\",\"inLanguage\":\"lv-LV\",\"@id\":\"https:\\\/\\\/www.kaminakeskus.ee\\\/lv\\\/#\\\/schema\\\/logo\\\/image\\\/\",\"url\":\"https:\\\/\\\/www.kaminakeskus.ee\\\/wp-content\\\/uploads\\\/2026\\\/02\\\/Kaminakeskus-logo-1-1.jpg\",\"contentUrl\":\"https:\\\/\\\/www.kaminakeskus.ee\\\/wp-content\\\/uploads\\\/2026\\\/02\\\/Kaminakeskus-logo-1-1.jpg\",\"width\":2068,\"height\":532,\"caption\":\"R\u00e4ndr\u00fc\u00fctel HP O\u00dc\"},\"image\":{\"@id\":\"https:\\\/\\\/www.kaminakeskus.ee\\\/lv\\\/#\\\/schema\\\/logo\\\/image\\\/\"},\"sameAs\":[\"https:\\\/\\\/www.facebook.com\\\/kaminakeskus\\\/yoast\"],\"description\":\"Sales of fireplaces, chimneys and related goods. Kaminate, ahjude, pliitide, korstnate ja nendega seotud toodete m\u00fc\u00fck.\",\"legalName\":\"R\u00e4ndr\u00fc\u00fctel HP O\u00dc\",\"foundingDate\":\"1997-05-13\",\"leiCode\":\"9845007FC4HB963C8D65\",\"numberOfEmployees\":{\"@type\":\"QuantitativeValue\",\"minValue\":\"1\",\"maxValue\":\"10\"},\"telephone\":[\"+372 5543239\",\"+372 58812360\"],\"contactPoint\":{\"@type\":\"ContactPoint\",\"telephone\":\"+372 5543239\",\"email\":\"kaminakeskus@gmail.com\"},\"email\":\"kaminakeskus@gmail.com\",\"vatID\":\"EE100831739\",\"taxID\":\"10208374\"}]}<\/script>\n<!-- \/ Yoast SEO Premium plugin. -->","yoast_head_json":{"title":"KaminaKeskus","description":"Kaminate, pliitide, ahjude ja korstnate m\u00fc\u00fck","robots":{"index":"index","follow":"follow","max-snippet":"max-snippet:-1","max-image-preview":"max-image-preview:large","max-video-preview":"max-video-preview:-1"},"canonical":"https:\/\/www.kaminakeskus.ee\/lv\/kaminad-thorma\/","og_locale":"lv_LV","og_type":"article","og_title":"KAMINAD Thorma - Kaminakeskus | Kaminad, Ahjud, Pliidid, Saunaahjud, Korstnad, Katlad","og_description":"Kaminate, pliitide, ahjude ja korstnate m\u00fc\u00fck","og_url":"https:\/\/www.kaminakeskus.ee\/lv\/kaminad-thorma\/","og_site_name":"Kaminakeskus | Kaminad, Ahjud, Pliidid, Saunaahjud, Korstnad, Katlad","article_publisher":"https:\/\/www.facebook.com\/kaminakeskus\/yoast","twitter_card":"summary_large_image","twitter_misc":{"Est. reading time":"6 min\u016btes"},"schema":{"@context":"https:\/\/schema.org","@graph":[{"@type":"WebPage","@id":"https:\/\/www.kaminakeskus.ee\/lv\/kaminad-thorma\/","url":"https:\/\/www.kaminakeskus.ee\/lv\/kaminad-thorma\/","name":"KaminaKeskus","isPartOf":{"@id":"https:\/\/www.kaminakeskus.ee\/lv\/#website"},"datePublished":"2025-01-24T14:38:09+00:00","description":"Kaminate, pliitide, ahjude ja korstnate m\u00fc\u00fck","breadcrumb":{"@id":"https:\/\/www.kaminakeskus.ee\/lv\/kaminad-thorma\/#breadcrumb"},"inLanguage":"lv-LV","potentialAction":[{"@type":"ReadAction","target":["https:\/\/www.kaminakeskus.ee\/lv\/kaminad-thorma\/"]}]},{"@type":"BreadcrumbList","@id":"https:\/\/www.kaminakeskus.ee\/lv\/kaminad-thorma\/#breadcrumb","itemListElement":[{"@type":"ListItem","position":1,"name":"Home","item":"https:\/\/www.kaminakeskus.ee\/lv\/"},{"@type":"ListItem","position":2,"name":"KAMINAD Thorma"}]},{"@type":"WebSite","@id":"https:\/\/www.kaminakeskus.ee\/lv\/#website","url":"https:\/\/www.kaminakeskus.ee\/lv\/","name":"Kaminakeskus | Kaminad, Ahjud, Pliidid, Saunaahjud, Korstnad, Korsten, Moodulkorsten, Katlad","description":"Kamin Kaminad Ahi Ahjud Pliit Pliidid Korstnad Katlad","publisher":{"@id":"https:\/\/www.kaminakeskus.ee\/lv\/#organization"},"potentialAction":[{"@type":"SearchAction","target":{"@type":"EntryPoint","urlTemplate":"https:\/\/www.kaminakeskus.ee\/lv\/?s={search_term_string}"},"query-input":{"@type":"PropertyValueSpecification","valueRequired":true,"valueName":"search_term_string"}}],"inLanguage":"lv-LV"},{"@type":["Organization","Place"],"@id":"https:\/\/www.kaminakeskus.ee\/lv\/#organization","name":"R\u00e4ndr\u00fc\u00fctel HP O\u00dc","alternateName":"KaminaKeskus","url":"https:\/\/www.kaminakeskus.ee\/","logo":{"@type":"ImageObject","inLanguage":"lv-LV","@id":"https:\/\/www.kaminakeskus.ee\/lv\/#\/schema\/logo\/image\/","url":"https:\/\/www.kaminakeskus.ee\/wp-content\/uploads\/2026\/02\/Kaminakeskus-logo-1-1.jpg","contentUrl":"https:\/\/www.kaminakeskus.ee\/wp-content\/uploads\/2026\/02\/Kaminakeskus-logo-1-1.jpg","width":2068,"height":532,"caption":"R\u00e4ndr\u00fc\u00fctel HP O\u00dc"},"image":{"@id":"https:\/\/www.kaminakeskus.ee\/lv\/#\/schema\/logo\/image\/"},"sameAs":["https:\/\/www.facebook.com\/kaminakeskus\/yoast"],"description":"Sales of fireplaces, chimneys and related goods. Kaminate, ahjude, pliitide, korstnate ja nendega seotud toodete m\u00fc\u00fck.","legalName":"R\u00e4ndr\u00fc\u00fctel HP O\u00dc","foundingDate":"1997-05-13","leiCode":"9845007FC4HB963C8D65","numberOfEmployees":{"@type":"QuantitativeValue","minValue":"1","maxValue":"10"},"telephone":["+372 5543239","+372 58812360"],"contactPoint":{"@type":"ContactPoint","telephone":"+372 5543239","email":"kaminakeskus@gmail.com"},"email":"kaminakeskus@gmail.com","vatID":"EE100831739","taxID":"10208374"}]}},"_links":{"self":[{"href":"https:\/\/www.kaminakeskus.ee\/lv\/wp-json\/wp\/v2\/pages\/81226","targetHints":{"allow":["GET"]}}],"collection":[{"href":"https:\/\/www.kaminakeskus.ee\/lv\/wp-json\/wp\/v2\/pages"}],"about":[{"href":"https:\/\/www.kaminakeskus.ee\/lv\/wp-json\/wp\/v2\/types\/page"}],"author":[{"embeddable":true,"href":"https:\/\/www.kaminakeskus.ee\/lv\/wp-json\/wp\/v2\/users\/3"}],"replies":[{"embeddable":true,"href":"https:\/\/www.kaminakeskus.ee\/lv\/wp-json\/wp\/v2\/comments?post=81226"}],"version-history":[{"count":1,"href":"https:\/\/www.kaminakeskus.ee\/lv\/wp-json\/wp\/v2\/pages\/81226\/revisions"}],"predecessor-version":[{"id":81229,"href":"https:\/\/www.kaminakeskus.ee\/lv\/wp-json\/wp\/v2\/pages\/81226\/revisions\/81229"}],"wp:attachment":[{"href":"https:\/\/www.kaminakeskus.ee\/lv\/wp-json\/wp\/v2\/media?parent=81226"}],"curies":[{"name":"wp","href":"https:\/\/api.w.org\/{rel}","templated":true}]}}