{"id":55806,"date":"2021-08-29T11:04:42","date_gmt":"2021-08-29T11:04:42","guid":{"rendered":"https:\/\/www.kaminakeskus.ee\/%d0%ba%d0%be%d1%82%d0%bb%d1%8b-mbs\/"},"modified":"2021-09-02T16:14:53","modified_gmt":"2021-09-02T16:14:53","slug":"%d0%ba%d0%be%d1%82%d0%bb%d1%8b-mbs","status":"publish","type":"page","link":"https:\/\/www.kaminakeskus.ee\/ru\/%d0%ba%d0%be%d1%82%d0%bb%d1%8b-mbs\/","title":{"rendered":"\u041a\u041e\u0422\u041b\u042b MBS"},"content":{"rendered":"<p><div class=\"fusion-fullwidth fullwidth-box fusion-builder-row-1 fusion-flex-container hundred-percent-fullwidth non-hundred-percent-height-scrolling\" style=\"--awb-border-radius-top-left:0px;--awb-border-radius-top-right:0px;--awb-border-radius-bottom-right:0px;--awb-border-radius-bottom-left:0px;--awb-margin-top:40px;--awb-flex-wrap:wrap;\" ><div class=\"fusion-builder-row fusion-row fusion-flex-align-items-flex-start fusion-flex-content-wrap\" style=\"width:104% !important;max-width:104% !important;margin-left: calc(-4% \/ 2 );margin-right: calc(-4% \/ 2 );\"><div class=\"fusion-layout-column fusion_builder_column fusion-builder-column-0 fusion_builder_column_1_1 1_1 fusion-flex-column\" style=\"--awb-bg-size:cover;--awb-width-large:100%;--awb-margin-top-large:0px;--awb-spacing-right-large:1.92%;--awb-margin-bottom-large:20px;--awb-spacing-left-large:1.92%;--awb-width-medium:100%;--awb-order-medium:0;--awb-spacing-right-medium:1.92%;--awb-spacing-left-medium:1.92%;--awb-width-small:100%;--awb-order-small:0;--awb-spacing-right-small:1.92%;--awb-spacing-left-small:1.92%;\"><div class=\"fusion-column-wrapper fusion-column-has-shadow fusion-flex-justify-content-flex-start fusion-content-layout-column\"><div class=\"fusion-blog-shortcode fusion-blog-shortcode-1 fusion-blog-archive fusion-blog-layout-grid-wrapper fusion-blog-no\"><style type=\"text\/css\">.fusion-blog-shortcode-1 .fusion-blog-layout-grid .fusion-post-grid{padding:12.5px;}.fusion-blog-shortcode-1 .fusion-posts-container{margin-left: -12.5px !important; margin-right:-12.5px !important;}<\/style><div class=\"fusion-posts-container fusion-posts-container-no fusion-no-meta-info fusion-blog-rollover fusion-blog-layout-grid fusion-blog-layout-grid-4 isotope fusion-blog-equal-heights\" data-pages=\"0\" data-grid-col-space=\"25\" style=\"margin: -12.5px -12.5px 0;min-height:500px;\"><article id=\"blog-1-post-50876\" class=\"fusion-post-grid post-50876 post type-post status-publish format-standard hentry category-861 category--mbs\">\n<div class=\"fusion-post-wrapper\" style=\"background-color:rgba(255,255,255,1);border:1px solid #a82c23;border-bottom-width:3px;\">\n\n<div class=\"fusion-post-content-wrapper\" style=\"padding:30px 25px 25px 25px;\"><div class=\"fusion-post-content post-content\"><h2 class=\"blog-shortcode-post-title entry-title\"><a href=\"https:\/\/www.kaminakeskus.ee\/ru\/%d0%bf%d0%b5%d0%bb%d0%bb%d0%b5%d1%82%d0%bd%d1%8b%d0%b9-%d0%ba%d0%be%d1%82%d0%b5%d0%bb-%d0%bc%d0%b1%d1%81-40-%d0%ba%d0%b2%d1%82\/\">\u041f\u0435\u043b\u043b\u0435\u0442\u043d\u044b\u0439 \u043a\u043e\u0442\u0435\u043b \u041c\u0411\u0421 40 \u043a\u0412\u0442<\/a><\/h2><div class=\"fusion-post-content-container\"><div id=\"attachment_32770\" style=\"width: 160px\" class=\"wp-caption alignnone\"><a href=\"http:\/\/www.kaminakeskus.ee\/wp-content\/uploads\/2013\/03\/Pelletkatel-MBS-40-KW.jpg\"><img decoding=\"async\" aria-describedby=\"caption-attachment-32770\" class=\"size-thumbnail wp-image-12978\" title=\"Pelletkatel MBS 40 KW\" src=\"http:\/\/www.kaminakeskus.ee\/wp-content\/uploads\/2013\/03\/Pelletkatel-MBS-40-KW-150x150.jpg\" alt=\"\u043a\u0430\u043c\u0438\u043d\u044b, \u043f\u0435\u0447\u0438, \u043f\u043b\u0438\u0442\u044b, \u0431\u043e\u0439\u043b\u0435\u0440\u044b, \u0431\u0430\u043d\u043d\u044b\u0435 \u043f\u0435\u0447\u0438, \u0434\u044b\u043c\u043e\u0445\u043e\u0434\u044b, \u0434\u044b\u043c\u043e\u0445\u043e\u0434\u044b, \u043c\u043e\u0434\u0443\u043b\u044c\u043d\u044b\u0435 \u0434\u044b\u043c\u043e\u0445\u043e\u0434\u044b\" width=\"150\" height=\"150\" srcset=\"https:\/\/www.kaminakeskus.ee\/wp-content\/uploads\/2013\/03\/Pelletkatel-MBS-40-KW-150x150.jpg 150w, https:\/\/www.kaminakeskus.ee\/wp-content\/uploads\/2013\/03\/Pelletkatel-MBS-40-KW.jpg 600w\" sizes=\"(max-width: 150px) 100vw, 150px\" \/><\/a><p id=\"caption-attachment-32770\" class=\"wp-caption-text\">Pelletkatel MBS 40 KW<\/p><\/div>\n<p><strong>\u041f\u0435\u043b\u043b\u0435\u0442\u043d\u044b\u0439 \u043a\u043e\u0442\u0435\u043b \u041c\u0411\u0421 40\u043a\u0412\u0442<\/strong><br \/>\n\u041c\u043e\u0449\u043d\u043e\u0441\u0442\u044c: 40 \u043a\u0412\u0442<br \/>\n\u0412\u044b\u0441\u043e\u0442\u0430: 1630 \u043c\u043c<br \/>\n\u0428\u0438\u0440\u0438\u043d\u0430: 1200 \u043c\u043c<br \/>\n<span style=\"font-size: 13px; line-height: 19px;\">\u0413\u043b\u0443\u0431\u0438\u043d\u0430: 790 \u043c\u043c<br \/>\n<strong>\u0426\u0435\u043d\u0430: 5200 EUR <\/strong><\/span><\/p>\n<\/div><\/div><\/div><div class=\"fusion-clearfix\"><\/div><\/div>\n<\/article>\n<article id=\"blog-1-post-51079\" class=\"fusion-post-grid post-51079 post type-post status-publish format-standard hentry category-861 category--mbs\">\n<div class=\"fusion-post-wrapper\" style=\"background-color:rgba(255,255,255,1);border:1px solid #a82c23;border-bottom-width:3px;\">\n\n<div class=\"fusion-post-content-wrapper\" style=\"padding:30px 25px 25px 25px;\"><div class=\"fusion-post-content post-content\"><h2 class=\"blog-shortcode-post-title entry-title\"><a href=\"https:\/\/www.kaminakeskus.ee\/ru\/%d0%bf%d0%b5%d0%bb%d0%bb%d0%b5%d1%82%d0%bd%d1%8b%d0%b9-%d0%ba%d0%be%d1%82%d0%b5%d0%bb-%d0%bc%d0%b1%d1%81-25-%d0%b8-35-%d0%ba%d0%b2%d1%82\/\">\u041f\u0435\u043b\u043b\u0435\u0442\u043d\u044b\u0439 \u043a\u043e\u0442\u0435\u043b \u041c\u0411\u0421 25 \u0438 35 \u043a\u0412\u0442<\/a><\/h2><div class=\"fusion-post-content-container\"><div id=\"attachment_32778\" style=\"width: 160px\" class=\"wp-caption alignnone\"><a href=\"http:\/\/www.kaminakeskus.ee\/wp-content\/uploads\/2013\/03\/Pelletkatel-MBS-25-35-kw1.jpg\"><img decoding=\"async\" aria-describedby=\"caption-attachment-32778\" class=\"size-thumbnail wp-image-32778\" title=\"\u041f\u0435\u043b\u043b\u0435\u0442\u043d\u044b\u0439 \u043a\u043e\u0442\u0435\u043b \u041c\u0411\u0421 25; 35 \u043a\u0432\u0442\" src=\"https:\/\/www.kaminakeskus.ee\/wp-content\/uploads\/2013\/03\/Pelletkatel-MBS-25-35-kw1-150x150.jpg\" alt=\"\u043a\u0430\u043c\u0438\u043d\u044b, \u043f\u0435\u0447\u0438, \u043f\u043b\u0438\u0442\u044b, \u0431\u043e\u0439\u043b\u0435\u0440\u044b, \u0431\u0430\u043d\u043d\u044b\u0435 \u043f\u0435\u0447\u0438, \u0434\u044b\u043c\u043e\u0445\u043e\u0434\u044b, \u0434\u044b\u043c\u043e\u0445\u043e\u0434\u044b, \u043c\u043e\u0434\u0443\u043b\u044c\u043d\u044b\u0435 \u0434\u044b\u043c\u043e\u0445\u043e\u0434\u044b\" width=\"150\" height=\"150\"><\/a><p id=\"caption-attachment-32778\" class=\"wp-caption-text\">\u041f\u0435\u043b\u043b\u0435\u0442\u043d\u044b\u0439 \u043a\u043e\u0442\u0435\u043b \u041c\u0411\u0421 33 \u043a\u0412\u0442<\/p><\/div>\n<p><strong>\u041f\u0435\u043b\u043b\u0435\u0442\u043d\u044b\u0439 \u043a\u043e\u0442\u0435\u043b \u041c\u0411\u042133\u043a\u0412\u0442<\/strong><br \/>\n\u041c\u043e\u0449\u043d\u043e\u0441\u0442\u044c: 33 \u043a\u0412\u0442<br \/>\n\u0412\u044b\u0441\u043e\u0442\u0430: 1580 \u043c\u043c<br \/>\n\u0428\u0438\u0440\u0438\u043d\u0430: 676 \u043c\u043c<br \/>\n\u0413\u043b\u0443\u0431\u0438\u043d\u0430: 900 \u043c\u043c<br \/>\n<strong style=\"font-size: 13px; line-height: 19px;\">\u0426\u0435\u043d\u0430: 3695 \u0435\u0432\u0440\u043e<\/strong><\/p>\n<\/div><\/div><\/div><div class=\"fusion-clearfix\"><\/div><\/div>\n<\/article>\n<div class=\"fusion-clearfix\"><\/div><\/div><\/div><\/div><\/div><\/div><\/div><div class=\"fusion-fullwidth fullwidth-box fusion-builder-row-2 fusion-flex-container nonhundred-percent-fullwidth non-hundred-percent-height-scrolling\" style=\"--awb-border-radius-top-left:0px;--awb-border-radius-top-right:0px;--awb-border-radius-bottom-right:0px;--awb-border-radius-bottom-left:0px;--awb-flex-wrap:wrap;\" ><div class=\"fusion-builder-row fusion-row fusion-flex-align-items-flex-start fusion-flex-content-wrap\" style=\"max-width:2392px;margin-left: calc(-4% \/ 2 );margin-right: calc(-4% \/ 2 );\"><div class=\"fusion-layout-column fusion_builder_column fusion-builder-column-1 fusion_builder_column_1_1 1_1 fusion-flex-column\" style=\"--awb-bg-size:cover;--awb-width-large:100%;--awb-margin-top-large:0px;--awb-spacing-right-large:1.92%;--awb-margin-bottom-large:20px;--awb-spacing-left-large:1.92%;--awb-width-medium:100%;--awb-order-medium:0;--awb-spacing-right-medium:1.92%;--awb-spacing-left-medium:1.92%;--awb-width-small:100%;--awb-order-small:0;--awb-spacing-right-small:1.92%;--awb-spacing-left-small:1.92%;\"><div class=\"fusion-column-wrapper fusion-column-has-shadow fusion-flex-justify-content-flex-start fusion-content-layout-column\"><\/div><\/div><\/div><\/div><\/p>\n","protected":false},"excerpt":{"rendered":"","protected":false},"author":3,"featured_media":0,"parent":0,"menu_order":0,"comment_status":"closed","ping_status":"closed","template":"","meta":{"footnotes":""},"class_list":["post-55806","page","type-page","status-publish","hentry"],"yoast_head":"<!-- This site is optimized with the Yoast SEO Premium plugin v27.3 (Yoast SEO v27.3) - https:\/\/yoast.com\/product\/yoast-seo-premium-wordpress\/ -->\n<title>KaminaKeskus<\/title>\n<meta name=\"description\" content=\"Kaminate, pliitide, ahjude ja korstnate m\u00fc\u00fck\" \/>\n<meta name=\"robots\" content=\"index, follow, max-snippet:-1, max-image-preview:large, max-video-preview:-1\" \/>\n<link rel=\"canonical\" href=\"https:\/\/www.kaminakeskus.ee\/ru\/%d0%ba%d0%be%d1%82%d0%bb%d1%8b-mbs\/\" \/>\n<meta property=\"og:locale\" content=\"ru_RU\" \/>\n<meta property=\"og:type\" content=\"article\" \/>\n<meta property=\"og:title\" content=\"\u041a\u041e\u0422\u041b\u042b MBS - Kaminakeskus | Kaminad, Ahjud, Pliidid, Saunaahjud, Korstnad, Katlad\" \/>\n<meta property=\"og:description\" content=\"Kaminate, pliitide, ahjude ja korstnate m\u00fc\u00fck\" \/>\n<meta property=\"og:url\" content=\"https:\/\/www.kaminakeskus.ee\/ru\/%d0%ba%d0%be%d1%82%d0%bb%d1%8b-mbs\/\" \/>\n<meta property=\"og:site_name\" content=\"Kaminakeskus | Kaminad, Ahjud, Pliidid, Saunaahjud, Korstnad, Katlad\" \/>\n<meta property=\"article:publisher\" content=\"https:\/\/www.facebook.com\/kaminakeskus\/yoast\" \/>\n<meta property=\"article:modified_time\" content=\"2021-09-02T16:14:53+00:00\" \/>\n<meta name=\"twitter:card\" content=\"summary_large_image\" \/>\n<meta name=\"twitter:label1\" content=\"\u041f\u0440\u0438\u043c\u0435\u0440\u043d\u043e\u0435 \u0432\u0440\u0435\u043c\u044f \u0434\u043b\u044f \u0447\u0442\u0435\u043d\u0438\u044f\" \/>\n\t<meta name=\"twitter:data1\" content=\"6 \u043c\u0438\u043d\u0443\u0442\" \/>\n<script type=\"application\/ld+json\" class=\"yoast-schema-graph\">{\"@context\":\"https:\\\/\\\/schema.org\",\"@graph\":[{\"@type\":\"WebPage\",\"@id\":\"https:\\\/\\\/www.kaminakeskus.ee\\\/ru\\\/%d0%ba%d0%be%d1%82%d0%bb%d1%8b-mbs\\\/\",\"url\":\"https:\\\/\\\/www.kaminakeskus.ee\\\/ru\\\/%d0%ba%d0%be%d1%82%d0%bb%d1%8b-mbs\\\/\",\"name\":\"KaminaKeskus\",\"isPartOf\":{\"@id\":\"https:\\\/\\\/www.kaminakeskus.ee\\\/ru\\\/#website\"},\"datePublished\":\"2021-08-29T11:04:42+00:00\",\"dateModified\":\"2021-09-02T16:14:53+00:00\",\"description\":\"Kaminate, pliitide, ahjude ja korstnate m\u00fc\u00fck\",\"breadcrumb\":{\"@id\":\"https:\\\/\\\/www.kaminakeskus.ee\\\/ru\\\/%d0%ba%d0%be%d1%82%d0%bb%d1%8b-mbs\\\/#breadcrumb\"},\"inLanguage\":\"ru-RU\",\"potentialAction\":[{\"@type\":\"ReadAction\",\"target\":[\"https:\\\/\\\/www.kaminakeskus.ee\\\/ru\\\/%d0%ba%d0%be%d1%82%d0%bb%d1%8b-mbs\\\/\"]}]},{\"@type\":\"BreadcrumbList\",\"@id\":\"https:\\\/\\\/www.kaminakeskus.ee\\\/ru\\\/%d0%ba%d0%be%d1%82%d0%bb%d1%8b-mbs\\\/#breadcrumb\",\"itemListElement\":[{\"@type\":\"ListItem\",\"position\":1,\"name\":\"Home\",\"item\":\"https:\\\/\\\/www.kaminakeskus.ee\\\/ru\\\/\"},{\"@type\":\"ListItem\",\"position\":2,\"name\":\"\u041a\u041e\u0422\u041b\u042b MBS\"}]},{\"@type\":\"WebSite\",\"@id\":\"https:\\\/\\\/www.kaminakeskus.ee\\\/ru\\\/#website\",\"url\":\"https:\\\/\\\/www.kaminakeskus.ee\\\/ru\\\/\",\"name\":\"Kaminakeskus | Kaminad, Ahjud, Pliidid, Saunaahjud, Korstnad, Korsten, Moodulkorsten, Katlad\",\"description\":\"Kamin Kaminad Ahi Ahjud Pliit Pliidid Korstnad Katlad\",\"publisher\":{\"@id\":\"https:\\\/\\\/www.kaminakeskus.ee\\\/ru\\\/#organization\"},\"potentialAction\":[{\"@type\":\"SearchAction\",\"target\":{\"@type\":\"EntryPoint\",\"urlTemplate\":\"https:\\\/\\\/www.kaminakeskus.ee\\\/ru\\\/?s={search_term_string}\"},\"query-input\":{\"@type\":\"PropertyValueSpecification\",\"valueRequired\":true,\"valueName\":\"search_term_string\"}}],\"inLanguage\":\"ru-RU\"},{\"@type\":[\"Organization\",\"Place\"],\"@id\":\"https:\\\/\\\/www.kaminakeskus.ee\\\/ru\\\/#organization\",\"name\":\"R\u00e4ndr\u00fc\u00fctel HP O\u00dc\",\"alternateName\":\"KaminaKeskus\",\"url\":\"https:\\\/\\\/www.kaminakeskus.ee\\\/\",\"logo\":{\"@type\":\"ImageObject\",\"inLanguage\":\"ru-RU\",\"@id\":\"https:\\\/\\\/www.kaminakeskus.ee\\\/ru\\\/#\\\/schema\\\/logo\\\/image\\\/\",\"url\":\"https:\\\/\\\/www.kaminakeskus.ee\\\/wp-content\\\/uploads\\\/2026\\\/02\\\/Kaminakeskus-logo-1-1.jpg\",\"contentUrl\":\"https:\\\/\\\/www.kaminakeskus.ee\\\/wp-content\\\/uploads\\\/2026\\\/02\\\/Kaminakeskus-logo-1-1.jpg\",\"width\":2068,\"height\":532,\"caption\":\"R\u00e4ndr\u00fc\u00fctel HP O\u00dc\"},\"image\":{\"@id\":\"https:\\\/\\\/www.kaminakeskus.ee\\\/ru\\\/#\\\/schema\\\/logo\\\/image\\\/\"},\"sameAs\":[\"https:\\\/\\\/www.facebook.com\\\/kaminakeskus\\\/yoast\"],\"description\":\"Sales of fireplaces, chimneys and related goods. Kaminate, ahjude, pliitide, korstnate ja nendega seotud toodete m\u00fc\u00fck.\",\"legalName\":\"R\u00e4ndr\u00fc\u00fctel HP O\u00dc\",\"foundingDate\":\"1997-05-13\",\"leiCode\":\"9845007FC4HB963C8D65\",\"numberOfEmployees\":{\"@type\":\"QuantitativeValue\",\"minValue\":\"1\",\"maxValue\":\"10\"},\"telephone\":[\"+372 5543239\",\"+372 58812360\"],\"contactPoint\":{\"@type\":\"ContactPoint\",\"telephone\":\"+372 5543239\",\"email\":\"kaminakeskus@gmail.com\"},\"email\":\"kaminakeskus@gmail.com\",\"vatID\":\"EE100831739\",\"taxID\":\"10208374\"}]}<\/script>\n<!-- \/ Yoast SEO Premium plugin. -->","yoast_head_json":{"title":"KaminaKeskus","description":"Kaminate, pliitide, ahjude ja korstnate m\u00fc\u00fck","robots":{"index":"index","follow":"follow","max-snippet":"max-snippet:-1","max-image-preview":"max-image-preview:large","max-video-preview":"max-video-preview:-1"},"canonical":"https:\/\/www.kaminakeskus.ee\/ru\/%d0%ba%d0%be%d1%82%d0%bb%d1%8b-mbs\/","og_locale":"ru_RU","og_type":"article","og_title":"\u041a\u041e\u0422\u041b\u042b MBS - Kaminakeskus | Kaminad, Ahjud, Pliidid, Saunaahjud, Korstnad, Katlad","og_description":"Kaminate, pliitide, ahjude ja korstnate m\u00fc\u00fck","og_url":"https:\/\/www.kaminakeskus.ee\/ru\/%d0%ba%d0%be%d1%82%d0%bb%d1%8b-mbs\/","og_site_name":"Kaminakeskus | Kaminad, Ahjud, Pliidid, Saunaahjud, Korstnad, Katlad","article_publisher":"https:\/\/www.facebook.com\/kaminakeskus\/yoast","article_modified_time":"2021-09-02T16:14:53+00:00","twitter_card":"summary_large_image","twitter_misc":{"\u041f\u0440\u0438\u043c\u0435\u0440\u043d\u043e\u0435 \u0432\u0440\u0435\u043c\u044f \u0434\u043b\u044f \u0447\u0442\u0435\u043d\u0438\u044f":"6 \u043c\u0438\u043d\u0443\u0442"},"schema":{"@context":"https:\/\/schema.org","@graph":[{"@type":"WebPage","@id":"https:\/\/www.kaminakeskus.ee\/ru\/%d0%ba%d0%be%d1%82%d0%bb%d1%8b-mbs\/","url":"https:\/\/www.kaminakeskus.ee\/ru\/%d0%ba%d0%be%d1%82%d0%bb%d1%8b-mbs\/","name":"KaminaKeskus","isPartOf":{"@id":"https:\/\/www.kaminakeskus.ee\/ru\/#website"},"datePublished":"2021-08-29T11:04:42+00:00","dateModified":"2021-09-02T16:14:53+00:00","description":"Kaminate, pliitide, ahjude ja korstnate m\u00fc\u00fck","breadcrumb":{"@id":"https:\/\/www.kaminakeskus.ee\/ru\/%d0%ba%d0%be%d1%82%d0%bb%d1%8b-mbs\/#breadcrumb"},"inLanguage":"ru-RU","potentialAction":[{"@type":"ReadAction","target":["https:\/\/www.kaminakeskus.ee\/ru\/%d0%ba%d0%be%d1%82%d0%bb%d1%8b-mbs\/"]}]},{"@type":"BreadcrumbList","@id":"https:\/\/www.kaminakeskus.ee\/ru\/%d0%ba%d0%be%d1%82%d0%bb%d1%8b-mbs\/#breadcrumb","itemListElement":[{"@type":"ListItem","position":1,"name":"Home","item":"https:\/\/www.kaminakeskus.ee\/ru\/"},{"@type":"ListItem","position":2,"name":"\u041a\u041e\u0422\u041b\u042b MBS"}]},{"@type":"WebSite","@id":"https:\/\/www.kaminakeskus.ee\/ru\/#website","url":"https:\/\/www.kaminakeskus.ee\/ru\/","name":"Kaminakeskus | Kaminad, Ahjud, Pliidid, Saunaahjud, Korstnad, Korsten, Moodulkorsten, Katlad","description":"Kamin Kaminad Ahi Ahjud Pliit Pliidid Korstnad Katlad","publisher":{"@id":"https:\/\/www.kaminakeskus.ee\/ru\/#organization"},"potentialAction":[{"@type":"SearchAction","target":{"@type":"EntryPoint","urlTemplate":"https:\/\/www.kaminakeskus.ee\/ru\/?s={search_term_string}"},"query-input":{"@type":"PropertyValueSpecification","valueRequired":true,"valueName":"search_term_string"}}],"inLanguage":"ru-RU"},{"@type":["Organization","Place"],"@id":"https:\/\/www.kaminakeskus.ee\/ru\/#organization","name":"R\u00e4ndr\u00fc\u00fctel HP O\u00dc","alternateName":"KaminaKeskus","url":"https:\/\/www.kaminakeskus.ee\/","logo":{"@type":"ImageObject","inLanguage":"ru-RU","@id":"https:\/\/www.kaminakeskus.ee\/ru\/#\/schema\/logo\/image\/","url":"https:\/\/www.kaminakeskus.ee\/wp-content\/uploads\/2026\/02\/Kaminakeskus-logo-1-1.jpg","contentUrl":"https:\/\/www.kaminakeskus.ee\/wp-content\/uploads\/2026\/02\/Kaminakeskus-logo-1-1.jpg","width":2068,"height":532,"caption":"R\u00e4ndr\u00fc\u00fctel HP O\u00dc"},"image":{"@id":"https:\/\/www.kaminakeskus.ee\/ru\/#\/schema\/logo\/image\/"},"sameAs":["https:\/\/www.facebook.com\/kaminakeskus\/yoast"],"description":"Sales of fireplaces, chimneys and related goods. Kaminate, ahjude, pliitide, korstnate ja nendega seotud toodete m\u00fc\u00fck.","legalName":"R\u00e4ndr\u00fc\u00fctel HP O\u00dc","foundingDate":"1997-05-13","leiCode":"9845007FC4HB963C8D65","numberOfEmployees":{"@type":"QuantitativeValue","minValue":"1","maxValue":"10"},"telephone":["+372 5543239","+372 58812360"],"contactPoint":{"@type":"ContactPoint","telephone":"+372 5543239","email":"kaminakeskus@gmail.com"},"email":"kaminakeskus@gmail.com","vatID":"EE100831739","taxID":"10208374"}]}},"_links":{"self":[{"href":"https:\/\/www.kaminakeskus.ee\/ru\/wp-json\/wp\/v2\/pages\/55806","targetHints":{"allow":["GET"]}}],"collection":[{"href":"https:\/\/www.kaminakeskus.ee\/ru\/wp-json\/wp\/v2\/pages"}],"about":[{"href":"https:\/\/www.kaminakeskus.ee\/ru\/wp-json\/wp\/v2\/types\/page"}],"author":[{"embeddable":true,"href":"https:\/\/www.kaminakeskus.ee\/ru\/wp-json\/wp\/v2\/users\/3"}],"replies":[{"embeddable":true,"href":"https:\/\/www.kaminakeskus.ee\/ru\/wp-json\/wp\/v2\/comments?post=55806"}],"version-history":[{"count":3,"href":"https:\/\/www.kaminakeskus.ee\/ru\/wp-json\/wp\/v2\/pages\/55806\/revisions"}],"predecessor-version":[{"id":55985,"href":"https:\/\/www.kaminakeskus.ee\/ru\/wp-json\/wp\/v2\/pages\/55806\/revisions\/55985"}],"wp:attachment":[{"href":"https:\/\/www.kaminakeskus.ee\/ru\/wp-json\/wp\/v2\/media?parent=55806"}],"curies":[{"name":"wp","href":"https:\/\/api.w.org\/{rel}","templated":true}]}}