{"id":55834,"date":"2021-08-29T11:02:19","date_gmt":"2021-08-29T11:02:19","guid":{"rendered":"https:\/\/www.kaminakeskus.ee\/%d0%ba%d0%be%d1%82%d0%bb%d1%8b-%d0%bd%d0%b0-%d0%bf%d0%b5%d0%bb%d0%bb%d0%b5%d1%82%d0%b0%d1%85-grandeg\/"},"modified":"2021-09-02T16:14:31","modified_gmt":"2021-09-02T16:14:31","slug":"%d0%ba%d0%be%d1%82%d0%bb%d1%8b-%d0%bd%d0%b0-%d0%bf%d0%b5%d0%bb%d0%bb%d0%b5%d1%82%d0%b0%d1%85-grandeg","status":"publish","type":"page","link":"https:\/\/www.kaminakeskus.ee\/ru\/%d0%ba%d0%be%d1%82%d0%bb%d1%8b-%d0%bd%d0%b0-%d0%bf%d0%b5%d0%bb%d0%bb%d0%b5%d1%82%d0%b0%d1%85-grandeg\/","title":{"rendered":"\u041a\u041e\u0422\u041b\u042b \u041d\u0410 \u041f\u0415\u041b\u041b\u0415\u0422\u0410\u0425 GRANDEG"},"content":{"rendered":"<p><div class=\"fusion-fullwidth fullwidth-box fusion-builder-row-1 fusion-flex-container hundred-percent-fullwidth non-hundred-percent-height-scrolling\" style=\"--awb-border-radius-top-left:0px;--awb-border-radius-top-right:0px;--awb-border-radius-bottom-right:0px;--awb-border-radius-bottom-left:0px;--awb-margin-top:40px;--awb-flex-wrap:wrap;\" ><div class=\"fusion-builder-row fusion-row fusion-flex-align-items-flex-start fusion-flex-content-wrap\" style=\"width:104% !important;max-width:104% !important;margin-left: calc(-4% \/ 2 );margin-right: calc(-4% \/ 2 );\"><div class=\"fusion-layout-column fusion_builder_column fusion-builder-column-0 fusion_builder_column_1_1 1_1 fusion-flex-column\" style=\"--awb-bg-size:cover;--awb-width-large:100%;--awb-margin-top-large:0px;--awb-spacing-right-large:1.92%;--awb-margin-bottom-large:20px;--awb-spacing-left-large:1.92%;--awb-width-medium:100%;--awb-order-medium:0;--awb-spacing-right-medium:1.92%;--awb-spacing-left-medium:1.92%;--awb-width-small:100%;--awb-order-small:0;--awb-spacing-right-small:1.92%;--awb-spacing-left-small:1.92%;\"><div class=\"fusion-column-wrapper fusion-column-has-shadow fusion-flex-justify-content-flex-start fusion-content-layout-column\"><div class=\"fusion-blog-shortcode fusion-blog-shortcode-1 fusion-blog-archive fusion-blog-layout-grid-wrapper fusion-blog-no\"><style type=\"text\/css\">.fusion-blog-shortcode-1 .fusion-blog-layout-grid .fusion-post-grid{padding:12.5px;}.fusion-blog-shortcode-1 .fusion-posts-container{margin-left: -12.5px !important; margin-right:-12.5px !important;}<\/style><div class=\"fusion-posts-container fusion-posts-container-no fusion-no-meta-info fusion-blog-rollover fusion-blog-layout-grid fusion-blog-layout-grid-4 isotope fusion-blog-equal-heights\" data-pages=\"0\" data-grid-col-space=\"25\" style=\"margin: -12.5px -12.5px 0;min-height:500px;\"><article id=\"blog-1-post-46917\" class=\"fusion-post-grid post-46917 post type-post status-publish format-standard hentry category-861 category---grandeg\">\n<div class=\"fusion-post-wrapper\" style=\"background-color:rgba(255,255,255,1);border:1px solid #a82c23;border-bottom-width:3px;\">\n\n<div class=\"fusion-post-content-wrapper\" style=\"padding:30px 25px 25px 25px;\"><div class=\"fusion-post-content post-content\"><h2 class=\"blog-shortcode-post-title entry-title\"><a href=\"https:\/\/www.kaminakeskus.ee\/ru\/%d0%bf%d0%b5%d0%bb%d0%bb%d0%b5%d1%82%d0%bd%d1%8b%d0%b9-%d0%ba%d0%be%d1%82%d0%b5%d0%bb-airo\/\">\u041f\u0435\u043b\u043b\u0435\u0442\u043d\u044b\u0439 \u043a\u043e\u0442\u0435\u043b AIRO<\/a><\/h2><div class=\"fusion-post-content-container\"><div id=\"attachment_38186\" style=\"width: 160px\" class=\"wp-caption alignleft\"><a href=\"https:\/\/www.kaminakeskus.ee\/wp-content\/uploads\/2018\/06\/AIRO-kuuma-%C3%B5hu-graanulkatel.jpg\"><img decoding=\"async\" aria-describedby=\"caption-attachment-38186\" class=\"size-thumbnail wp-image-22025\" src=\"https:\/\/www.kaminakeskus.ee\/wp-content\/uploads\/2018\/06\/AIRO-kuuma-%C3%B5hu-graanulkatel-150x150.jpg\" alt=\"\" width=\"150\" height=\"150\"><\/a><p id=\"caption-attachment-38186\" class=\"wp-caption-text\">\u041f\u0435\u043b\u043b\u0435\u0442\u043d\u044b\u0439 \u043a\u043e\u0442\u0435\u043b AIRO<\/p><\/div>\n<p><strong>AIRO \u0433\u043e\u0440\u044f\u0447\u0438\u0439 <\/strong><br \/>\n<strong>\u0432\u043e\u0437\u0434\u0443\u0448\u043d\u044b\u0439 \u043f\u0435\u043b\u043b\u0435\u0442\u043d\u044b\u0439 \u043a\u043e\u0442\u0435\u043b<\/strong><br \/>\nAIRO 40\u043a\u0412\u0442- 8419\u20ac<br \/>\nAIRO 70 \u043a\u0412\u0442 \u2013 112 700 \u0435\u0432\u0440\u043e<br \/>\nAIRO 100\u043a\u0412\u0442- 14120\u20ac<br \/>\n<a href=\"http:\/\/site-174366.mozfiles.com\/files\/174366\/GRANDEG_Airo_40-70-100_EN_2016.pdf\">\u0422\u0435\u0445\u043d\u0438\u0447\u0435\u0441\u043a\u0438\u0435 \u0445\u0430\u0440\u0430\u043a\u0442\u0435\u0440\u0438\u0441\u0442\u0438\u043a\u0438<\/a><\/p>\n<\/div><\/div><\/div><div class=\"fusion-clearfix\"><\/div><\/div>\n<\/article>\n<article id=\"blog-1-post-47054\" class=\"fusion-post-grid post-47054 post type-post status-publish format-standard hentry category-861 category---grandeg\">\n<div class=\"fusion-post-wrapper\" style=\"background-color:rgba(255,255,255,1);border:1px solid #a82c23;border-bottom-width:3px;\">\n\n<div class=\"fusion-post-content-wrapper\" style=\"padding:30px 25px 25px 25px;\"><div class=\"fusion-post-content post-content\"><h2 class=\"blog-shortcode-post-title entry-title\"><a href=\"https:\/\/www.kaminakeskus.ee\/ru\/%d0%b1%d0%b8%d0%be-%d1%81-%d0%bf%d0%b5%d0%bb%d0%bb%d0%b5%d1%82%d0%bd%d1%8b%d0%bc-%d0%be%d1%82%d0%be%d0%bf%d0%bb%d0%b5%d0%bd%d0%b8%d0%b5%d0%bc-%d1%81-%d0%bf%d0%b5%d0%bb%d0%bb%d0%b5%d1%82%d0%bd%d1%8b\/\">\u0411\u0418\u041e \u0441 \u043f\u0435\u043b\u043b\u0435\u0442\u043d\u044b\u043c \u043e\u0442\u043e\u043f\u043b\u0435\u043d\u0438\u0435\u043c \u0441 \u043f\u0435\u043b\u043b\u0435\u0442\u043d\u044b\u043c \u043a\u043e\u0442\u043b\u043e\u043c<\/a><\/h2><div class=\"fusion-post-content-container\"><div id=\"attachment_38182\" style=\"width: 160px\" class=\"wp-caption alignleft\"><a href=\"https:\/\/www.kaminakeskus.ee\/wp-content\/uploads\/2018\/06\/BIO-haluk%C3%BCtte-v%C3%B5imalusega-graanulkatel.jpg\"><img decoding=\"async\" aria-describedby=\"caption-attachment-38182\" class=\"size-thumbnail wp-image-22022\" src=\"https:\/\/www.kaminakeskus.ee\/wp-content\/uploads\/2018\/06\/BIO-haluk%C3%BCtte-v%C3%B5imalusega-graanulkatel-150x150.jpg\" alt=\"\" width=\"150\" height=\"150\"><\/a><p id=\"caption-attachment-38182\" class=\"wp-caption-text\">\u0411\u0418\u041e \u0441 \u043f\u0435\u043b\u043b\u0435\u0442\u043d\u044b\u043c \u043e\u0442\u043e\u043f\u043b\u0435\u043d\u0438\u0435\u043c \u0441 \u043f\u0435\u043b\u043b\u0435\u0442\u043d\u044b\u043c \u043a\u043e\u0442\u043b\u043e\u043c<\/p><\/div>\n<p><strong>\u0411\u0418\u041e \u0433\u0430\u043b\u043e \u043e\u0442\u043e\u043f\u043b\u0435\u043d\u0438\u0435 <\/strong><br \/>\n<strong>\u0441 \u0432\u043e\u0437\u043c\u043e\u0436\u043d\u043e\u0441\u0442\u044c\u044e \u043f\u0435\u043b\u043b\u0435\u0442<\/strong><br \/>\n \u0411\u0418\u041e 25\u043a\u0412\u0442- 4720\u20ac<br \/>\n\u0411\u0418\u041e 40\u043a\u0412\u0442 &#8212; 5865 \u20ac<br \/>\n\u0411\u0418\u041e 70\u043a\u0412\u0442- 11625\u20ac<br \/>\n\u0411\u0418\u041e 100\u043a\u0412\u0442- 13325\u20ac<br \/>\n<a href=\"http:\/\/site-174366.mozfiles.com\/files\/174366\/GRANDEG_Bio_15-25-40_EN_2016.pdf\">\u0422\u0435\u0445\u043d\u0438\u0447\u0435\u0441\u043a\u0438\u0435 \u0445\u0430\u0440\u0430\u043a\u0442\u0435\u0440\u0438\u0441\u0442\u0438\u043a\u0438<\/a><\/p>\n<\/div><\/div><\/div><div class=\"fusion-clearfix\"><\/div><\/div>\n<\/article>\n<article id=\"blog-1-post-46961\" class=\"fusion-post-grid post-46961 post type-post status-publish format-standard hentry category-861 category---grandeg\">\n<div class=\"fusion-post-wrapper\" style=\"background-color:rgba(255,255,255,1);border:1px solid #a82c23;border-bottom-width:3px;\">\n\n<div class=\"fusion-post-content-wrapper\" style=\"padding:30px 25px 25px 25px;\"><div class=\"fusion-post-content post-content\"><h2 class=\"blog-shortcode-post-title entry-title\"><a href=\"https:\/\/www.kaminakeskus.ee\/ru\/%d1%81%d0%b0%d0%bc%d0%be%d0%be%d1%87%d0%b8%d1%89%d0%b0%d1%8e%d1%89%d0%b8%d0%b9%d1%81%d1%8f-%d0%bf%d0%be%d0%bb%d0%bd%d0%be%d1%81%d1%82%d1%8c%d1%8e-%d0%b0%d0%b2%d1%82%d0%be%d0%bc%d0%b0%d1%82%d0%b8%d1%87\/\">\u0421\u0430\u043c\u043e\u043e\u0447\u0438\u0449\u0430\u044e\u0449\u0438\u0439\u0441\u044f \u043f\u043e\u043b\u043d\u043e\u0441\u0442\u044c\u044e \u0430\u0432\u0442\u043e\u043c\u0430\u0442\u0438\u0447\u0435\u0441\u043a\u0438\u0439 \u043f\u0435\u043b\u043b\u0435\u0442\u043d\u044b\u0439 \u043a\u043e\u0442\u0435\u043b TURBO<\/a><\/h2><div class=\"fusion-post-content-container\"><div id=\"attachment_38178\" style=\"width: 160px\" class=\"wp-caption alignleft\"><a href=\"https:\/\/www.kaminakeskus.ee\/wp-content\/uploads\/2018\/06\/TURBO-isepuhastuv-t%C3%A4isautomaatne-graanulkatel.jpg\"><img decoding=\"async\" aria-describedby=\"caption-attachment-38178\" class=\"size-thumbnail wp-image-22019\" src=\"https:\/\/www.kaminakeskus.ee\/wp-content\/uploads\/2018\/06\/TURBO-isepuhastuv-t%C3%A4isautomaatne-graanulkatel-150x150.jpg\" alt=\"\" width=\"150\" height=\"150\"><\/a><p id=\"caption-attachment-38178\" class=\"wp-caption-text\">\u0421\u0430\u043c\u043e\u043e\u0447\u0438\u0449\u0430\u044e\u0449\u0438\u0439\u0441\u044f \u043f\u043e\u043b\u043d\u043e\u0441\u0442\u044c\u044e \u0430\u0432\u0442\u043e\u043c\u0430\u0442\u0438\u0447\u0435\u0441\u043a\u0438\u0439 \u043f\u0435\u043b\u043b\u0435\u0442\u043d\u044b\u0439 \u043a\u043e\u0442\u0435\u043b TURBO<\/p><\/div>\n<p>          <strong>TURBO \u0441\u0430\u043c\u043e\u043e\u0447\u0438\u0449\u0435\u043d\u0438\u0435 <\/strong><\/p>\n<p>          <strong>\u043f\u043e\u043b\u043d\u043e\u0441\u0442\u044c\u044e \u0430\u0432\u0442\u043e\u043c\u0430\u0442\u0438\u0447\u0435\u0441\u043a\u0438\u0439 \u043a\u043e\u0442\u0435\u043b \u043d\u0430 \u043f\u0435\u043b\u043b\u0435\u0442\u0430\u0445<\/strong><\/p>\n<p>          <a href=\"http:\/\/site-174366.mozfiles.com\/files\/174366\/GRANDEG_Turbo_70-100_EN_2016.pdf\">\u0422\u0423\u0420\u0411\u041e 70\u043a\u0412\u0442 &#8212; 20 499 \u0435\u0432\u0440\u043e<\/a><\/p>\n<p>          <a href=\"http:\/\/site-174366.mozfiles.com\/files\/174366\/GRANDEG_Turbo_70-100_EN_2016.pdf\">\u0422\u0423\u0420\u0411\u041e 100\u043a\u0412\u0442- 25240\u20ac<\/a><\/p>\n<p>          <a href=\"http:\/\/site-174366.mozfiles.com\/files\/174366\/GRANDEG_Turbo_200-300-500_EN_2016.pdf\">\u0422\u0423\u0420\u0411\u041e 200 \u043a\u0412\u0442 \u2014 39 499 \u0435\u0432\u0440\u043e<\/a><\/p>\n<p>          <a href=\"http:\/\/site-174366.mozfiles.com\/files\/174366\/GRANDEG_Turbo_200-300-500_EN_2016.pdf\">\u0422\u0423\u0420\u0411\u041e 300 \u043a\u0412\u0442 \u2014 53 753 \u0435\u0432\u0440\u043e<\/a><\/p>\n<p>          <a href=\"http:\/\/site-174366.mozfiles.com\/files\/174366\/GRANDEG_Turbo_200-300-500_EN_2016.pdf\">\u0422\u0423\u0420\u0411\u041e 500 \u043a\u0412\u0442 &#8212; 70 860 \u0435\u0432\u0440\u043e<\/a><\/p>\n<\/div><\/div><\/div><div class=\"fusion-clearfix\"><\/div><\/div>\n<\/article>\n<article id=\"blog-1-post-46968\" class=\"fusion-post-grid post-46968 post type-post status-publish format-standard hentry category-861 category---grandeg\">\n<div class=\"fusion-post-wrapper\" style=\"background-color:rgba(255,255,255,1);border:1px solid #a82c23;border-bottom-width:3px;\">\n\n<div class=\"fusion-post-content-wrapper\" style=\"padding:30px 25px 25px 25px;\"><div class=\"fusion-post-content post-content\"><h2 class=\"blog-shortcode-post-title entry-title\"><a href=\"https:\/\/www.kaminakeskus.ee\/ru\/%d1%81%d0%bf%d0%b5%d1%86%d0%b8%d0%b0%d0%bb%d1%8c%d0%bd%d1%8b%d0%b9-%d0%bf%d0%b5%d0%bb%d0%bb%d0%b5%d1%82%d0%bd%d1%8b%d0%b9-%d0%ba%d0%be%d1%82%d0%b5%d0%bb-eco\/\">\u0421\u043f\u0435\u0446\u0438\u0430\u043b\u044c\u043d\u044b\u0439 \u043f\u0435\u043b\u043b\u0435\u0442\u043d\u044b\u0439 \u043a\u043e\u0442\u0435\u043b ECO<\/a><\/h2><div class=\"fusion-post-content-container\"><div id=\"attachment_38174\" style=\"width: 160px\" class=\"wp-caption alignleft\"><a href=\"https:\/\/www.kaminakeskus.ee\/wp-content\/uploads\/2018\/06\/GRANDEG_Eco_25-40-150x150.jpg\"><img decoding=\"async\" aria-describedby=\"caption-attachment-38174\" class=\"size-thumbnail wp-image-22016\" src=\"https:\/\/www.kaminakeskus.ee\/wp-content\/uploads\/2018\/06\/GRANDEG_Eco_25-40-150x150.jpg\" alt=\"\" width=\"150\" height=\"150\"><\/a><p id=\"caption-attachment-38174\" class=\"wp-caption-text\">\u041f\u0435\u043b\u043b\u0435\u0442\u043d\u044b\u0439 \u043a\u043e\u0442\u0435\u043b Grandeg ECO<\/p><\/div>\n<p>          <strong>\u0413\u0440\u0430\u043d\u0443\u043b\u0443\u043b\u044c\u043a\u0430\u0442\u0435\u043b\u044c <\/strong><\/p>\n<p>          <strong>\u0413\u0440\u0430\u043d\u0434\u0435\u0433 \u042d\u041a\u041e<\/strong><\/p>\n<p>          <a href=\"http:\/\/site-174366.mozfiles.com\/files\/174366\/GRANDEG_Eco_25-40_EN_2016.pdf\">\u042d\u041a\u041e 25\u043a\u0412\u0442 &#8212; 4719 \u0435\u0432\u0440\u043e<\/a><\/p>\n<p>          <a href=\"http:\/\/site-174366.mozfiles.com\/files\/174366\/GRANDEG_Eco_25-40_EN_2016.pdf\">\u042d\u041a\u041e 40\u043a\u0412\u0442- 5580\u20ac<\/a><\/p>\n<p>          <a href=\"http:\/\/site-174366.mozfiles.com\/files\/174366\/GRANDEG_Eco_70-100_EN_2016.pdf\">\u042d\u041a\u041e 70\u043a\u0412\u0442- 8830\u20ac<\/a><\/p>\n<p>          <a href=\"http:\/\/site-174366.mozfiles.com\/files\/174366\/GRANDEG_Eco_70-100_EN_2016.pdf\">\u042d\u041a\u041e 100\u043a\u0412\u0442- 11830\u20ac<\/a><\/p>\n<p>          <a href=\"http:\/\/site-174366.mozfiles.com\/files\/174366\/GRANDEG_Eco_200-300_EN_2016.pdf\">\u042d\u041a\u041e 200\u043a\u0412\u0442 &#8212; 18 398 \u0435\u0432\u0440\u043e<\/a><\/p>\n<p>          <a href=\"http:\/\/site-174366.mozfiles.com\/files\/174366\/GRANDEG_Eco_200-300_EN_2016.pdf\">\u042d\u041a\u041e 300\u043a\u0412\u0442 &#8212; 25 525 \u0435\u0432\u0440\u043e<\/a><\/p>\n<\/div><\/div><\/div><div class=\"fusion-clearfix\"><\/div><\/div>\n<\/article>\n<div class=\"fusion-clearfix\"><\/div><\/div><\/div><\/div><\/div><\/div><\/div><div class=\"fusion-fullwidth fullwidth-box fusion-builder-row-2 fusion-flex-container nonhundred-percent-fullwidth non-hundred-percent-height-scrolling\" style=\"--awb-border-radius-top-left:0px;--awb-border-radius-top-right:0px;--awb-border-radius-bottom-right:0px;--awb-border-radius-bottom-left:0px;--awb-flex-wrap:wrap;\" ><div class=\"fusion-builder-row fusion-row fusion-flex-align-items-flex-start fusion-flex-content-wrap\" style=\"max-width:2392px;margin-left: calc(-4% \/ 2 );margin-right: calc(-4% \/ 2 );\"><div class=\"fusion-layout-column fusion_builder_column fusion-builder-column-1 fusion_builder_column_1_1 1_1 fusion-flex-column\" style=\"--awb-bg-size:cover;--awb-width-large:100%;--awb-margin-top-large:0px;--awb-spacing-right-large:1.92%;--awb-margin-bottom-large:20px;--awb-spacing-left-large:1.92%;--awb-width-medium:100%;--awb-order-medium:0;--awb-spacing-right-medium:1.92%;--awb-spacing-left-medium:1.92%;--awb-width-small:100%;--awb-order-small:0;--awb-spacing-right-small:1.92%;--awb-spacing-left-small:1.92%;\"><div class=\"fusion-column-wrapper fusion-column-has-shadow fusion-flex-justify-content-flex-start fusion-content-layout-column\"><\/div><\/div><\/div><\/div><\/p>\n","protected":false},"excerpt":{"rendered":"","protected":false},"author":3,"featured_media":0,"parent":0,"menu_order":0,"comment_status":"closed","ping_status":"closed","template":"","meta":{"footnotes":""},"class_list":["post-55834","page","type-page","status-publish","hentry"],"yoast_head":"<!-- This site is optimized with the Yoast SEO Premium plugin v27.5 (Yoast SEO v27.5) - https:\/\/yoast.com\/product\/yoast-seo-premium-wordpress\/ -->\n<title>KaminaKeskus<\/title>\n<meta name=\"description\" content=\"Kaminate, pliitide, ahjude ja korstnate m\u00fc\u00fck\" \/>\n<meta name=\"robots\" content=\"index, follow, max-snippet:-1, max-image-preview:large, max-video-preview:-1\" \/>\n<link rel=\"canonical\" href=\"https:\/\/www.kaminakeskus.ee\/ru\/%d0%ba%d0%be%d1%82%d0%bb%d1%8b-%d0%bd%d0%b0-%d0%bf%d0%b5%d0%bb%d0%bb%d0%b5%d1%82%d0%b0%d1%85-grandeg\/\" \/>\n<meta property=\"og:locale\" content=\"ru_RU\" \/>\n<meta property=\"og:type\" content=\"article\" \/>\n<meta property=\"og:title\" content=\"\u041a\u041e\u0422\u041b\u042b \u041d\u0410 \u041f\u0415\u041b\u041b\u0415\u0422\u0410\u0425 GRANDEG - Kaminakeskus | Kaminad, Ahjud, Pliidid, Saunaahjud, Korstnad, Katlad\" \/>\n<meta property=\"og:description\" content=\"Kaminate, pliitide, ahjude ja korstnate m\u00fc\u00fck\" \/>\n<meta property=\"og:url\" content=\"https:\/\/www.kaminakeskus.ee\/ru\/%d0%ba%d0%be%d1%82%d0%bb%d1%8b-%d0%bd%d0%b0-%d0%bf%d0%b5%d0%bb%d0%bb%d0%b5%d1%82%d0%b0%d1%85-grandeg\/\" \/>\n<meta property=\"og:site_name\" content=\"Kaminakeskus | Kaminad, Ahjud, Pliidid, Saunaahjud, Korstnad, Katlad\" \/>\n<meta property=\"article:publisher\" content=\"https:\/\/www.facebook.com\/kaminakeskus\/yoast\" \/>\n<meta property=\"article:modified_time\" content=\"2021-09-02T16:14:31+00:00\" \/>\n<meta name=\"twitter:card\" content=\"summary_large_image\" \/>\n<meta name=\"twitter:label1\" content=\"\u041f\u0440\u0438\u043c\u0435\u0440\u043d\u043e\u0435 \u0432\u0440\u0435\u043c\u044f \u0434\u043b\u044f \u0447\u0442\u0435\u043d\u0438\u044f\" \/>\n\t<meta name=\"twitter:data1\" content=\"6 \u043c\u0438\u043d\u0443\u0442\" \/>\n<script type=\"application\/ld+json\" class=\"yoast-schema-graph\">{\"@context\":\"https:\\\/\\\/schema.org\",\"@graph\":[{\"@type\":\"WebPage\",\"@id\":\"https:\\\/\\\/www.kaminakeskus.ee\\\/ru\\\/%d0%ba%d0%be%d1%82%d0%bb%d1%8b-%d0%bd%d0%b0-%d0%bf%d0%b5%d0%bb%d0%bb%d0%b5%d1%82%d0%b0%d1%85-grandeg\\\/\",\"url\":\"https:\\\/\\\/www.kaminakeskus.ee\\\/ru\\\/%d0%ba%d0%be%d1%82%d0%bb%d1%8b-%d0%bd%d0%b0-%d0%bf%d0%b5%d0%bb%d0%bb%d0%b5%d1%82%d0%b0%d1%85-grandeg\\\/\",\"name\":\"KaminaKeskus\",\"isPartOf\":{\"@id\":\"https:\\\/\\\/www.kaminakeskus.ee\\\/ru\\\/#website\"},\"datePublished\":\"2021-08-29T11:02:19+00:00\",\"dateModified\":\"2021-09-02T16:14:31+00:00\",\"description\":\"Kaminate, pliitide, ahjude ja korstnate m\u00fc\u00fck\",\"breadcrumb\":{\"@id\":\"https:\\\/\\\/www.kaminakeskus.ee\\\/ru\\\/%d0%ba%d0%be%d1%82%d0%bb%d1%8b-%d0%bd%d0%b0-%d0%bf%d0%b5%d0%bb%d0%bb%d0%b5%d1%82%d0%b0%d1%85-grandeg\\\/#breadcrumb\"},\"inLanguage\":\"ru-RU\",\"potentialAction\":[{\"@type\":\"ReadAction\",\"target\":[\"https:\\\/\\\/www.kaminakeskus.ee\\\/ru\\\/%d0%ba%d0%be%d1%82%d0%bb%d1%8b-%d0%bd%d0%b0-%d0%bf%d0%b5%d0%bb%d0%bb%d0%b5%d1%82%d0%b0%d1%85-grandeg\\\/\"]}]},{\"@type\":\"BreadcrumbList\",\"@id\":\"https:\\\/\\\/www.kaminakeskus.ee\\\/ru\\\/%d0%ba%d0%be%d1%82%d0%bb%d1%8b-%d0%bd%d0%b0-%d0%bf%d0%b5%d0%bb%d0%bb%d0%b5%d1%82%d0%b0%d1%85-grandeg\\\/#breadcrumb\",\"itemListElement\":[{\"@type\":\"ListItem\",\"position\":1,\"name\":\"Home\",\"item\":\"https:\\\/\\\/www.kaminakeskus.ee\\\/ru\\\/\"},{\"@type\":\"ListItem\",\"position\":2,\"name\":\"\u041a\u041e\u0422\u041b\u042b \u041d\u0410 \u041f\u0415\u041b\u041b\u0415\u0422\u0410\u0425 GRANDEG\"}]},{\"@type\":\"WebSite\",\"@id\":\"https:\\\/\\\/www.kaminakeskus.ee\\\/ru\\\/#website\",\"url\":\"https:\\\/\\\/www.kaminakeskus.ee\\\/ru\\\/\",\"name\":\"Kaminakeskus | Kaminad, Ahjud, Pliidid, Saunaahjud, Korstnad, Korsten, Moodulkorsten, Katlad\",\"description\":\"Kamin Kaminad Ahi Ahjud Pliit Pliidid Korstnad Katlad\",\"publisher\":{\"@id\":\"https:\\\/\\\/www.kaminakeskus.ee\\\/ru\\\/#organization\"},\"potentialAction\":[{\"@type\":\"SearchAction\",\"target\":{\"@type\":\"EntryPoint\",\"urlTemplate\":\"https:\\\/\\\/www.kaminakeskus.ee\\\/ru\\\/?s={search_term_string}\"},\"query-input\":{\"@type\":\"PropertyValueSpecification\",\"valueRequired\":true,\"valueName\":\"search_term_string\"}}],\"inLanguage\":\"ru-RU\"},{\"@type\":[\"Organization\",\"Place\"],\"@id\":\"https:\\\/\\\/www.kaminakeskus.ee\\\/ru\\\/#organization\",\"name\":\"R\u00e4ndr\u00fc\u00fctel HP O\u00dc\",\"alternateName\":\"KaminaKeskus\",\"url\":\"https:\\\/\\\/www.kaminakeskus.ee\\\/\",\"logo\":{\"@type\":\"ImageObject\",\"inLanguage\":\"ru-RU\",\"@id\":\"https:\\\/\\\/www.kaminakeskus.ee\\\/ru\\\/#\\\/schema\\\/logo\\\/image\\\/\",\"url\":\"https:\\\/\\\/www.kaminakeskus.ee\\\/wp-content\\\/uploads\\\/2026\\\/02\\\/Kaminakeskus-logo-1-1.jpg\",\"contentUrl\":\"https:\\\/\\\/www.kaminakeskus.ee\\\/wp-content\\\/uploads\\\/2026\\\/02\\\/Kaminakeskus-logo-1-1.jpg\",\"width\":2068,\"height\":532,\"caption\":\"R\u00e4ndr\u00fc\u00fctel HP O\u00dc\"},\"image\":{\"@id\":\"https:\\\/\\\/www.kaminakeskus.ee\\\/ru\\\/#\\\/schema\\\/logo\\\/image\\\/\"},\"sameAs\":[\"https:\\\/\\\/www.facebook.com\\\/kaminakeskus\\\/yoast\"],\"description\":\"Sales of fireplaces, chimneys and related goods. Kaminate, ahjude, pliitide, korstnate ja nendega seotud toodete m\u00fc\u00fck.\",\"legalName\":\"R\u00e4ndr\u00fc\u00fctel HP O\u00dc\",\"foundingDate\":\"1997-05-13\",\"leiCode\":\"9845007FC4HB963C8D65\",\"numberOfEmployees\":{\"@type\":\"QuantitativeValue\",\"minValue\":\"1\",\"maxValue\":\"10\"},\"telephone\":[\"+372 5543239\",\"+372 58812360\"],\"contactPoint\":{\"@type\":\"ContactPoint\",\"telephone\":\"+372 5543239\",\"email\":\"kaminakeskus@gmail.com\"},\"email\":\"kaminakeskus@gmail.com\",\"vatID\":\"EE100831739\",\"taxID\":\"10208374\"}]}<\/script>\n<!-- \/ Yoast SEO Premium plugin. -->","yoast_head_json":{"title":"KaminaKeskus","description":"Kaminate, pliitide, ahjude ja korstnate m\u00fc\u00fck","robots":{"index":"index","follow":"follow","max-snippet":"max-snippet:-1","max-image-preview":"max-image-preview:large","max-video-preview":"max-video-preview:-1"},"canonical":"https:\/\/www.kaminakeskus.ee\/ru\/%d0%ba%d0%be%d1%82%d0%bb%d1%8b-%d0%bd%d0%b0-%d0%bf%d0%b5%d0%bb%d0%bb%d0%b5%d1%82%d0%b0%d1%85-grandeg\/","og_locale":"ru_RU","og_type":"article","og_title":"\u041a\u041e\u0422\u041b\u042b \u041d\u0410 \u041f\u0415\u041b\u041b\u0415\u0422\u0410\u0425 GRANDEG - Kaminakeskus | Kaminad, Ahjud, Pliidid, Saunaahjud, Korstnad, Katlad","og_description":"Kaminate, pliitide, ahjude ja korstnate m\u00fc\u00fck","og_url":"https:\/\/www.kaminakeskus.ee\/ru\/%d0%ba%d0%be%d1%82%d0%bb%d1%8b-%d0%bd%d0%b0-%d0%bf%d0%b5%d0%bb%d0%bb%d0%b5%d1%82%d0%b0%d1%85-grandeg\/","og_site_name":"Kaminakeskus | Kaminad, Ahjud, Pliidid, Saunaahjud, Korstnad, Katlad","article_publisher":"https:\/\/www.facebook.com\/kaminakeskus\/yoast","article_modified_time":"2021-09-02T16:14:31+00:00","twitter_card":"summary_large_image","twitter_misc":{"\u041f\u0440\u0438\u043c\u0435\u0440\u043d\u043e\u0435 \u0432\u0440\u0435\u043c\u044f \u0434\u043b\u044f \u0447\u0442\u0435\u043d\u0438\u044f":"6 \u043c\u0438\u043d\u0443\u0442"},"schema":{"@context":"https:\/\/schema.org","@graph":[{"@type":"WebPage","@id":"https:\/\/www.kaminakeskus.ee\/ru\/%d0%ba%d0%be%d1%82%d0%bb%d1%8b-%d0%bd%d0%b0-%d0%bf%d0%b5%d0%bb%d0%bb%d0%b5%d1%82%d0%b0%d1%85-grandeg\/","url":"https:\/\/www.kaminakeskus.ee\/ru\/%d0%ba%d0%be%d1%82%d0%bb%d1%8b-%d0%bd%d0%b0-%d0%bf%d0%b5%d0%bb%d0%bb%d0%b5%d1%82%d0%b0%d1%85-grandeg\/","name":"KaminaKeskus","isPartOf":{"@id":"https:\/\/www.kaminakeskus.ee\/ru\/#website"},"datePublished":"2021-08-29T11:02:19+00:00","dateModified":"2021-09-02T16:14:31+00:00","description":"Kaminate, pliitide, ahjude ja korstnate m\u00fc\u00fck","breadcrumb":{"@id":"https:\/\/www.kaminakeskus.ee\/ru\/%d0%ba%d0%be%d1%82%d0%bb%d1%8b-%d0%bd%d0%b0-%d0%bf%d0%b5%d0%bb%d0%bb%d0%b5%d1%82%d0%b0%d1%85-grandeg\/#breadcrumb"},"inLanguage":"ru-RU","potentialAction":[{"@type":"ReadAction","target":["https:\/\/www.kaminakeskus.ee\/ru\/%d0%ba%d0%be%d1%82%d0%bb%d1%8b-%d0%bd%d0%b0-%d0%bf%d0%b5%d0%bb%d0%bb%d0%b5%d1%82%d0%b0%d1%85-grandeg\/"]}]},{"@type":"BreadcrumbList","@id":"https:\/\/www.kaminakeskus.ee\/ru\/%d0%ba%d0%be%d1%82%d0%bb%d1%8b-%d0%bd%d0%b0-%d0%bf%d0%b5%d0%bb%d0%bb%d0%b5%d1%82%d0%b0%d1%85-grandeg\/#breadcrumb","itemListElement":[{"@type":"ListItem","position":1,"name":"Home","item":"https:\/\/www.kaminakeskus.ee\/ru\/"},{"@type":"ListItem","position":2,"name":"\u041a\u041e\u0422\u041b\u042b \u041d\u0410 \u041f\u0415\u041b\u041b\u0415\u0422\u0410\u0425 GRANDEG"}]},{"@type":"WebSite","@id":"https:\/\/www.kaminakeskus.ee\/ru\/#website","url":"https:\/\/www.kaminakeskus.ee\/ru\/","name":"Kaminakeskus | Kaminad, Ahjud, Pliidid, Saunaahjud, Korstnad, Korsten, Moodulkorsten, Katlad","description":"Kamin Kaminad Ahi Ahjud Pliit Pliidid Korstnad Katlad","publisher":{"@id":"https:\/\/www.kaminakeskus.ee\/ru\/#organization"},"potentialAction":[{"@type":"SearchAction","target":{"@type":"EntryPoint","urlTemplate":"https:\/\/www.kaminakeskus.ee\/ru\/?s={search_term_string}"},"query-input":{"@type":"PropertyValueSpecification","valueRequired":true,"valueName":"search_term_string"}}],"inLanguage":"ru-RU"},{"@type":["Organization","Place"],"@id":"https:\/\/www.kaminakeskus.ee\/ru\/#organization","name":"R\u00e4ndr\u00fc\u00fctel HP O\u00dc","alternateName":"KaminaKeskus","url":"https:\/\/www.kaminakeskus.ee\/","logo":{"@type":"ImageObject","inLanguage":"ru-RU","@id":"https:\/\/www.kaminakeskus.ee\/ru\/#\/schema\/logo\/image\/","url":"https:\/\/www.kaminakeskus.ee\/wp-content\/uploads\/2026\/02\/Kaminakeskus-logo-1-1.jpg","contentUrl":"https:\/\/www.kaminakeskus.ee\/wp-content\/uploads\/2026\/02\/Kaminakeskus-logo-1-1.jpg","width":2068,"height":532,"caption":"R\u00e4ndr\u00fc\u00fctel HP O\u00dc"},"image":{"@id":"https:\/\/www.kaminakeskus.ee\/ru\/#\/schema\/logo\/image\/"},"sameAs":["https:\/\/www.facebook.com\/kaminakeskus\/yoast"],"description":"Sales of fireplaces, chimneys and related goods. Kaminate, ahjude, pliitide, korstnate ja nendega seotud toodete m\u00fc\u00fck.","legalName":"R\u00e4ndr\u00fc\u00fctel HP O\u00dc","foundingDate":"1997-05-13","leiCode":"9845007FC4HB963C8D65","numberOfEmployees":{"@type":"QuantitativeValue","minValue":"1","maxValue":"10"},"telephone":["+372 5543239","+372 58812360"],"contactPoint":{"@type":"ContactPoint","telephone":"+372 5543239","email":"kaminakeskus@gmail.com"},"email":"kaminakeskus@gmail.com","vatID":"EE100831739","taxID":"10208374"}]}},"_links":{"self":[{"href":"https:\/\/www.kaminakeskus.ee\/ru\/wp-json\/wp\/v2\/pages\/55834","targetHints":{"allow":["GET"]}}],"collection":[{"href":"https:\/\/www.kaminakeskus.ee\/ru\/wp-json\/wp\/v2\/pages"}],"about":[{"href":"https:\/\/www.kaminakeskus.ee\/ru\/wp-json\/wp\/v2\/types\/page"}],"author":[{"embeddable":true,"href":"https:\/\/www.kaminakeskus.ee\/ru\/wp-json\/wp\/v2\/users\/3"}],"replies":[{"embeddable":true,"href":"https:\/\/www.kaminakeskus.ee\/ru\/wp-json\/wp\/v2\/comments?post=55834"}],"version-history":[{"count":3,"href":"https:\/\/www.kaminakeskus.ee\/ru\/wp-json\/wp\/v2\/pages\/55834\/revisions"}],"predecessor-version":[{"id":55967,"href":"https:\/\/www.kaminakeskus.ee\/ru\/wp-json\/wp\/v2\/pages\/55834\/revisions\/55967"}],"wp:attachment":[{"href":"https:\/\/www.kaminakeskus.ee\/ru\/wp-json\/wp\/v2\/media?parent=55834"}],"curies":[{"name":"wp","href":"https:\/\/api.w.org\/{rel}","templated":true}]}}