{"id":82588,"date":"2025-04-07T08:30:02","date_gmt":"2025-04-07T08:30:02","guid":{"rendered":"https:\/\/www.kaminakeskus.ee\/?page_id=82588"},"modified":"2025-04-07T08:30:02","modified_gmt":"2025-04-07T08:30:02","slug":"kaminad-allstoves","status":"publish","type":"page","link":"https:\/\/www.kaminakeskus.ee\/ru\/kaminad-allstoves\/","title":{"rendered":"KAMINAD ALLSTOVES"},"content":{"rendered":"<p><div class=\"fusion-fullwidth fullwidth-box fusion-builder-row-1 fusion-flex-container hundred-percent-fullwidth non-hundred-percent-height-scrolling\" style=\"--awb-border-radius-top-left:0px;--awb-border-radius-top-right:0px;--awb-border-radius-bottom-right:0px;--awb-border-radius-bottom-left:0px;--awb-margin-top:40px;--awb-flex-wrap:wrap;\" ><div class=\"fusion-builder-row fusion-row fusion-flex-align-items-flex-start fusion-flex-content-wrap\" style=\"width:104% !important;max-width:104% !important;margin-left: calc(-4% \/ 2 );margin-right: calc(-4% \/ 2 );\"><div class=\"fusion-layout-column fusion_builder_column fusion-builder-column-0 fusion_builder_column_1_1 1_1 fusion-flex-column\" style=\"--awb-bg-size:cover;--awb-width-large:100%;--awb-margin-top-large:0px;--awb-spacing-right-large:1.92%;--awb-margin-bottom-large:20px;--awb-spacing-left-large:1.92%;--awb-width-medium:100%;--awb-order-medium:0;--awb-spacing-right-medium:1.92%;--awb-spacing-left-medium:1.92%;--awb-width-small:100%;--awb-order-small:0;--awb-spacing-right-small:1.92%;--awb-spacing-left-small:1.92%;\"><div class=\"fusion-column-wrapper fusion-column-has-shadow fusion-flex-justify-content-flex-start fusion-content-layout-column\"><div class=\"fusion-blog-shortcode fusion-blog-shortcode-1 fusion-blog-archive fusion-blog-layout-grid-wrapper fusion-blog-no\"><style type=\"text\/css\">.fusion-blog-shortcode-1 .fusion-blog-layout-grid .fusion-post-grid{padding:12.5px;}.fusion-blog-shortcode-1 .fusion-posts-container{margin-left: -12.5px !important; margin-right:-12.5px !important;}<\/style><div class=\"fusion-posts-container fusion-posts-container-no fusion-no-meta-info fusion-blog-rollover fusion-blog-layout-grid fusion-blog-layout-grid-4 isotope fusion-blog-equal-heights\" data-pages=\"0\" data-grid-col-space=\"25\" style=\"margin: -12.5px -12.5px 0;min-height:500px;\"><article id=\"blog-1-post-82651\" class=\"fusion-post-grid post-82651 post type-post status-publish format-standard hentry category-kaminad-allstoves-ru category-4 category--ru\">\n<div class=\"fusion-post-wrapper\" style=\"background-color:rgba(255,255,255,1);border:1px solid #a82c23;border-bottom-width:3px;\">\n\n<div class=\"fusion-post-content-wrapper\" style=\"padding:30px 25px 25px 25px;\"><div class=\"fusion-post-content post-content\"><h2 class=\"blog-shortcode-post-title entry-title\"><a href=\"https:\/\/www.kaminakeskus.ee\/ru\/malmkamin-selecta-maxim-35wd\/\">Malmkamin Selecta Maxim 35WD<\/a><\/h2><div class=\"fusion-post-content-container\"><div id=\"attachment_82644\" style=\"width: 123px\" class=\"wp-caption aligncenter\"><a href=\"https:\/\/www.kaminakeskus.ee\/wp-content\/uploads\/2025\/04\/malmkamin-Selecta-maxim-35WD-113x150.jpg\"><img decoding=\"async\" aria-describedby=\"caption-attachment-82644\" class=\"size-thumbnail wp-image-82644\" src=\"https:\/\/www.kaminakeskus.ee\/wp-content\/uploads\/2025\/04\/malmkamin-Selecta-maxim-35WD-113x150.jpg\" alt=\"\" width=\"113\" height=\"150\" srcset=\"https:\/\/www.kaminakeskus.ee\/wp-content\/uploads\/2025\/04\/malmkamin-Selecta-maxim-35WD-113x150.jpg 113w, https:\/\/www.kaminakeskus.ee\/wp-content\/uploads\/2025\/04\/malmkamin-Selecta-maxim-35WD-200x267.jpg 200w, https:\/\/www.kaminakeskus.ee\/wp-content\/uploads\/2025\/04\/malmkamin-Selecta-maxim-35WD-225x300.jpg 225w, https:\/\/www.kaminakeskus.ee\/wp-content\/uploads\/2025\/04\/malmkamin-Selecta-maxim-35WD-400x533.jpg 400w, https:\/\/www.kaminakeskus.ee\/wp-content\/uploads\/2025\/04\/malmkamin-Selecta-maxim-35WD.jpg 600w\" sizes=\"(max-width: 113px) 100vw, 113px\" \/><\/a><p id=\"caption-attachment-82644\" class=\"wp-caption-text\"><strong>Malmkamin Selecta Maxim 35WD<\/strong><\/p><\/div>\n<p style=\"text-align: center;\">V\u00f5imsus: 3,3-8,5 KW<br \/>\nK\u00f5rgus: 745 mm<br \/>\nLaius: 520 mm<br \/>\nS\u00fcgavus: 365 mm<br \/>\nKaal: 85 kg<br \/>\nL\u00f5\u00f5ri l\u00e4bim\u00f5\u00f5t: \u00d8 150 mm<br \/>\nL\u00f5\u00f5ri \u00fchendus: Pealt\/tagant<br \/>\nV\u00e4rv: Antratsiit<br \/>\nHalu pikkus: kuni 35 cm<br \/>\n<strong>Hind: 1830 EUR<\/strong><\/p>\n<\/div><\/div><\/div><div class=\"fusion-clearfix\"><\/div><\/div>\n<\/article>\n<article id=\"blog-1-post-82642\" class=\"fusion-post-grid post-82642 post type-post status-publish format-standard hentry category-kaminad-allstoves-ru category--ru category-4\">\n<div class=\"fusion-post-wrapper\" style=\"background-color:rgba(255,255,255,1);border:1px solid #a82c23;border-bottom-width:3px;\">\n\n<div class=\"fusion-post-content-wrapper\" style=\"padding:30px 25px 25px 25px;\"><div class=\"fusion-post-content post-content\"><h2 class=\"blog-shortcode-post-title entry-title\"><a href=\"https:\/\/www.kaminakeskus.ee\/ru\/malmkamin-selecta-classic-45\/\">Malmkamin Selecta Classic 45<\/a><\/h2><div class=\"fusion-post-content-container\"><div id=\"attachment_82635\" style=\"width: 123px\" class=\"wp-caption aligncenter\"><a href=\"https:\/\/www.kaminakeskus.ee\/wp-content\/uploads\/2025\/04\/malmkamin-selecta_classic_45-113x150.jpg\"><img decoding=\"async\" aria-describedby=\"caption-attachment-82635\" class=\"wp-image-82635 size-thumbnail\" title=\"Malmkamin Selecta Classic 45\" src=\"https:\/\/www.kaminakeskus.ee\/wp-content\/uploads\/2025\/04\/malmkamin-selecta_classic_45-113x150.jpg\" alt=\"Malmkamin Selecta Classic 45\" width=\"113\" height=\"150\" srcset=\"https:\/\/www.kaminakeskus.ee\/wp-content\/uploads\/2025\/04\/malmkamin-selecta_classic_45-113x150.jpg 113w, https:\/\/www.kaminakeskus.ee\/wp-content\/uploads\/2025\/04\/malmkamin-selecta_classic_45-200x267.jpg 200w, https:\/\/www.kaminakeskus.ee\/wp-content\/uploads\/2025\/04\/malmkamin-selecta_classic_45-225x300.jpg 225w, https:\/\/www.kaminakeskus.ee\/wp-content\/uploads\/2025\/04\/malmkamin-selecta_classic_45-400x533.jpg 400w, https:\/\/www.kaminakeskus.ee\/wp-content\/uploads\/2025\/04\/malmkamin-selecta_classic_45.jpg 600w\" sizes=\"(max-width: 113px) 100vw, 113px\" \/><\/a><p id=\"caption-attachment-82635\" class=\"wp-caption-text\"><strong>Malmkamin Selecta Classic 45<\/strong><\/p><\/div>\n<p style=\"text-align: center;\">V\u00f5imsus: 3-11 KW<br \/>\nK\u00f5rgus: 690 mm<br \/>\nLaius: 630 mm<br \/>\nS\u00fcgavus: 495 mm<br \/>\nKaal: 165 kg<br \/>\nL\u00f5\u00f5ri l\u00e4bim\u00f5\u00f5t: \u00d8 150 mm<br \/>\nL\u00f5\u00f5ri \u00fchendus: Pealt\/tagant<br \/>\nV\u00e4rv: Antratsiit<br \/>\nPuuhalu pikkus: kuni 45 cm<br \/>\n<strong>Hind: 2515 EUR<\/strong><\/p>\n<\/div><\/div><\/div><div class=\"fusion-clearfix\"><\/div><\/div>\n<\/article>\n<article id=\"blog-1-post-82633\" class=\"fusion-post-grid post-82633 post type-post status-publish format-standard hentry category-kaminad-allstoves-ru category--ru category-4\">\n<div class=\"fusion-post-wrapper\" style=\"background-color:rgba(255,255,255,1);border:1px solid #a82c23;border-bottom-width:3px;\">\n\n<div class=\"fusion-post-content-wrapper\" style=\"padding:30px 25px 25px 25px;\"><div class=\"fusion-post-content post-content\"><h2 class=\"blog-shortcode-post-title entry-title\"><a href=\"https:\/\/www.kaminakeskus.ee\/ru\/malmkamin-selecta-maxim-45wd\/\">Malmkamin Selecta Maxim 45WD<\/a><\/h2><div class=\"fusion-post-content-container\"><div id=\"attachment_82626\" style=\"width: 123px\" class=\"wp-caption aligncenter\"><a href=\"https:\/\/www.kaminakeskus.ee\/wp-content\/uploads\/2025\/04\/malmkamin-selecta_maxim_45_wd-113x150.jpg\"><img decoding=\"async\" aria-describedby=\"caption-attachment-82626\" class=\"size-thumbnail wp-image-82626\" src=\"https:\/\/www.kaminakeskus.ee\/wp-content\/uploads\/2025\/04\/malmkamin-selecta_maxim_45_wd-113x150.jpg\" alt=\"\" width=\"113\" height=\"150\" srcset=\"https:\/\/www.kaminakeskus.ee\/wp-content\/uploads\/2025\/04\/malmkamin-selecta_maxim_45_wd-113x150.jpg 113w, https:\/\/www.kaminakeskus.ee\/wp-content\/uploads\/2025\/04\/malmkamin-selecta_maxim_45_wd-200x267.jpg 200w, https:\/\/www.kaminakeskus.ee\/wp-content\/uploads\/2025\/04\/malmkamin-selecta_maxim_45_wd-225x300.jpg 225w, https:\/\/www.kaminakeskus.ee\/wp-content\/uploads\/2025\/04\/malmkamin-selecta_maxim_45_wd-400x533.jpg 400w, https:\/\/www.kaminakeskus.ee\/wp-content\/uploads\/2025\/04\/malmkamin-selecta_maxim_45_wd.jpg 600w\" sizes=\"(max-width: 113px) 100vw, 113px\" \/><\/a><p id=\"caption-attachment-82626\" class=\"wp-caption-text\"><strong>Malmkamin Selecta Maxim 45WD<\/strong><\/p><\/div>\n<p style=\"text-align: center;\">V\u00f5imsus: 3-11 KW<br \/>\nK\u00f5rgus: 800 mm<br \/>\nLaius: 615 mm<br \/>\nS\u00fcgavus: 425 mm<br \/>\nKaal: 155 kg<br \/>\nL\u00f5\u00f5ri l\u00e4bim\u00f5\u00f5t: \u00d8 150 mm<br \/>\nL\u00f5\u00f5ri \u00fchendus: Pealt\/tagant<br \/>\nV\u00e4rv: Antratsiit<br \/>\nPuuhalu pikkus: kuni 45 cm<br \/>\n<strong>Hind: 2315 EUR<\/strong><\/p>\n<\/div><\/div><\/div><div class=\"fusion-clearfix\"><\/div><\/div>\n<\/article>\n<article id=\"blog-1-post-82624\" class=\"fusion-post-grid post-82624 post type-post status-publish format-standard hentry category-kaminad-allstoves-ru category--ru category-4\">\n<div class=\"fusion-post-wrapper\" style=\"background-color:rgba(255,255,255,1);border:1px solid #a82c23;border-bottom-width:3px;\">\n\n<div class=\"fusion-post-content-wrapper\" style=\"padding:30px 25px 25px 25px;\"><div class=\"fusion-post-content post-content\"><h2 class=\"blog-shortcode-post-title entry-title\"><a href=\"https:\/\/www.kaminakeskus.ee\/ru\/malmkamin-selecta-maxim-55wd\/\">Malmkamin Selecta Maxim 55WD<\/a><\/h2><div class=\"fusion-post-content-container\"><div id=\"attachment_82617\" style=\"width: 123px\" class=\"wp-caption aligncenter\"><a href=\"https:\/\/www.kaminakeskus.ee\/wp-content\/uploads\/2025\/04\/malmkamin-selecta_maxim_55_wd-113x150.jpg\"><img decoding=\"async\" aria-describedby=\"caption-attachment-82617\" class=\"wp-image-82617 size-thumbnail\" title=\"Malmkamin Selecta Maxim 55WD\" src=\"https:\/\/www.kaminakeskus.ee\/wp-content\/uploads\/2025\/04\/malmkamin-selecta_maxim_55_wd-113x150.jpg\" alt=\"Malmkamin Selecta Maxim 55WD\" width=\"113\" height=\"150\" srcset=\"https:\/\/www.kaminakeskus.ee\/wp-content\/uploads\/2025\/04\/malmkamin-selecta_maxim_55_wd-113x150.jpg 113w, https:\/\/www.kaminakeskus.ee\/wp-content\/uploads\/2025\/04\/malmkamin-selecta_maxim_55_wd-200x267.jpg 200w, https:\/\/www.kaminakeskus.ee\/wp-content\/uploads\/2025\/04\/malmkamin-selecta_maxim_55_wd-225x300.jpg 225w, https:\/\/www.kaminakeskus.ee\/wp-content\/uploads\/2025\/04\/malmkamin-selecta_maxim_55_wd-400x533.jpg 400w, https:\/\/www.kaminakeskus.ee\/wp-content\/uploads\/2025\/04\/malmkamin-selecta_maxim_55_wd.jpg 600w\" sizes=\"(max-width: 113px) 100vw, 113px\" \/><\/a><p id=\"caption-attachment-82617\" class=\"wp-caption-text\"><strong>Malmkamin Selecta Maxim 55WD<\/strong><\/p><\/div>\n<p style=\"text-align: center;\">V\u00f5imsus: 4-13 KW<br \/>\nK\u00f5rgus: 800 mm<br \/>\nLaius: 715 mm<br \/>\nS\u00fcgavus: 465 mm<br \/>\nKaal: 185 kg<br \/>\nL\u00f5\u00f5ri l\u00e4bim\u00f5\u00f5t: \u00d8 150 mm<br \/>\nL\u00f5\u00f5ri \u00fchendus: Pealt\/tagant<br \/>\nV\u00e4rv: Antratsiit<br \/>\nPuuhalu pikkus: kuni 55 cm<br \/>\n<strong>Hind: 2516 EUR<\/strong><\/p>\n<\/div><\/div><\/div><div class=\"fusion-clearfix\"><\/div><\/div>\n<\/article>\n<article id=\"blog-1-post-82611\" class=\"fusion-post-grid post-82611 post type-post status-publish format-standard hentry category-kaminad-allstoves-ru category--ru category-4\">\n<div class=\"fusion-post-wrapper\" style=\"background-color:rgba(255,255,255,1);border:1px solid #a82c23;border-bottom-width:3px;\">\n\n<div class=\"fusion-post-content-wrapper\" style=\"padding:30px 25px 25px 25px;\"><div class=\"fusion-post-content post-content\"><h2 class=\"blog-shortcode-post-title entry-title\"><a href=\"https:\/\/www.kaminakeskus.ee\/ru\/malmkamin-selecta-classic-55\/\">Malmkamin Selecta Classic 55<\/a><\/h2><div class=\"fusion-post-content-container\"><div id=\"attachment_82604\" style=\"width: 123px\" class=\"wp-caption aligncenter\"><a href=\"https:\/\/www.kaminakeskus.ee\/wp-content\/uploads\/2025\/04\/malmkamin-Selecta_classic_55-113x150.jpg\"><img decoding=\"async\" aria-describedby=\"caption-attachment-82604\" class=\"wp-image-82604 size-thumbnail\" title=\"Malmkamin Selecta Classic 55\" src=\"https:\/\/www.kaminakeskus.ee\/wp-content\/uploads\/2025\/04\/malmkamin-Selecta_classic_55-113x150.jpg\" alt=\"Malmkamin Selecta Classic 55\" width=\"113\" height=\"150\" srcset=\"https:\/\/www.kaminakeskus.ee\/wp-content\/uploads\/2025\/04\/malmkamin-Selecta_classic_55-113x150.jpg 113w, https:\/\/www.kaminakeskus.ee\/wp-content\/uploads\/2025\/04\/malmkamin-Selecta_classic_55-200x267.jpg 200w, https:\/\/www.kaminakeskus.ee\/wp-content\/uploads\/2025\/04\/malmkamin-Selecta_classic_55-225x300.jpg 225w, https:\/\/www.kaminakeskus.ee\/wp-content\/uploads\/2025\/04\/malmkamin-Selecta_classic_55-400x533.jpg 400w, https:\/\/www.kaminakeskus.ee\/wp-content\/uploads\/2025\/04\/malmkamin-Selecta_classic_55.jpg 600w\" sizes=\"(max-width: 113px) 100vw, 113px\" \/><\/a><p id=\"caption-attachment-82604\" class=\"wp-caption-text\"><strong>Malmkamin Selecta Classic 55<\/strong><\/p><\/div>\n<p style=\"text-align: center;\">V\u00f5imsus: 4-13kW<br \/>\nK\u00f5rgus: 800mm<br \/>\nLaius: 715mm<br \/>\nS\u00fcgavus: 465mm<br \/>\nKaal: 185kg<br \/>\nL\u00f5\u00f5ri l\u00e4bim\u00f5\u00f5t: \u00d8 150mm<br \/>\nL\u00f5\u00f5ri \u00fchendus: Pealt\/tagalt<br \/>\nV\u00e4rv: Antratsiit<br \/>\nPuuhalu pikkus: kuni 55cm<br \/>\n<strong>Hind: 2719 EUR<\/strong><\/p>\n<\/div><\/div><\/div><div class=\"fusion-clearfix\"><\/div><\/div>\n<\/article>\n<article id=\"blog-1-post-82602\" class=\"fusion-post-grid post-82602 post type-post status-publish format-standard hentry category-kaminad-allstoves-ru category-4 category--ru\">\n<div class=\"fusion-post-wrapper\" style=\"background-color:rgba(255,255,255,1);border:1px solid #a82c23;border-bottom-width:3px;\">\n\n<div class=\"fusion-post-content-wrapper\" style=\"padding:30px 25px 25px 25px;\"><div class=\"fusion-post-content post-content\"><h2 class=\"blog-shortcode-post-title entry-title\"><a href=\"https:\/\/www.kaminakeskus.ee\/ru\/malmkamin-selecta-maxim-55m\/\">Malmkamin Selecta Maxim 55M<\/a><\/h2><div class=\"fusion-post-content-container\"><div id=\"attachment_82595\" style=\"width: 123px\" class=\"wp-caption aligncenter\"><a href=\"https:\/\/www.kaminakeskus.ee\/wp-content\/uploads\/2025\/04\/malmkamin-selecta_maxim_55_M-113x150.jpg\"><img decoding=\"async\" aria-describedby=\"caption-attachment-82595\" class=\"size-thumbnail wp-image-82595\" src=\"https:\/\/www.kaminakeskus.ee\/wp-content\/uploads\/2025\/04\/malmkamin-selecta_maxim_55_M-113x150.jpg\" alt=\"\" width=\"113\" height=\"150\" srcset=\"https:\/\/www.kaminakeskus.ee\/wp-content\/uploads\/2025\/04\/malmkamin-selecta_maxim_55_M-113x150.jpg 113w, https:\/\/www.kaminakeskus.ee\/wp-content\/uploads\/2025\/04\/malmkamin-selecta_maxim_55_M-200x267.jpg 200w, https:\/\/www.kaminakeskus.ee\/wp-content\/uploads\/2025\/04\/malmkamin-selecta_maxim_55_M-225x300.jpg 225w, https:\/\/www.kaminakeskus.ee\/wp-content\/uploads\/2025\/04\/malmkamin-selecta_maxim_55_M-400x533.jpg 400w, https:\/\/www.kaminakeskus.ee\/wp-content\/uploads\/2025\/04\/malmkamin-selecta_maxim_55_M.jpg 600w\" sizes=\"(max-width: 113px) 100vw, 113px\" \/><\/a><p id=\"caption-attachment-82595\" class=\"wp-caption-text\"><strong>Malmkamin Selecta Maxim 55M<\/strong><\/p><\/div>\n<p style=\"text-align: center;\">V\u00f5imsus: 11 KW<br \/>\nK\u00f5rgus: 800 mm<br \/>\nLaius: 715 mm<br \/>\nS\u00fcgavus: 465 mm<br \/>\nKaal: 185 kg<br \/>\nL\u00f5\u00f5ri l\u00e4bim\u00f5\u00f5t: \u00d8 150 mm<br \/>\nL\u00f5\u00f5ri \u00fchendus: Pealt\/tagant<br \/>\nV\u00e4rv: Antratsiit<br \/>\nPuuhalu pikkus: kuni 55 cm<br \/>\nS\u00f6ega k\u00fcttes autonoomne kuni 36 tundi!<br \/>\n<strong>Hind: 2819 EUR<\/strong><\/p>\n<\/div><\/div><\/div><div class=\"fusion-clearfix\"><\/div><\/div>\n<\/article>\n<div class=\"fusion-clearfix\"><\/div><\/div><\/div><\/div><\/div><\/div><\/div><div class=\"fusion-fullwidth fullwidth-box fusion-builder-row-2 fusion-flex-container nonhundred-percent-fullwidth non-hundred-percent-height-scrolling\" style=\"--awb-border-radius-top-left:0px;--awb-border-radius-top-right:0px;--awb-border-radius-bottom-right:0px;--awb-border-radius-bottom-left:0px;--awb-flex-wrap:wrap;\" ><div class=\"fusion-builder-row fusion-row fusion-flex-align-items-flex-start fusion-flex-content-wrap\" style=\"max-width:2392px;margin-left: calc(-4% \/ 2 );margin-right: calc(-4% \/ 2 );\"><div class=\"fusion-layout-column fusion_builder_column fusion-builder-column-1 fusion_builder_column_1_1 1_1 fusion-flex-column\" style=\"--awb-bg-size:cover;--awb-width-large:100%;--awb-margin-top-large:0px;--awb-spacing-right-large:1.92%;--awb-margin-bottom-large:20px;--awb-spacing-left-large:1.92%;--awb-width-medium:100%;--awb-order-medium:0;--awb-spacing-right-medium:1.92%;--awb-spacing-left-medium:1.92%;--awb-width-small:100%;--awb-order-small:0;--awb-spacing-right-small:1.92%;--awb-spacing-left-small:1.92%;\"><div class=\"fusion-column-wrapper fusion-column-has-shadow fusion-flex-justify-content-flex-start fusion-content-layout-column\"><\/div><\/div><\/div><\/div><\/p>\n","protected":false},"excerpt":{"rendered":"","protected":false},"author":3,"featured_media":0,"parent":0,"menu_order":0,"comment_status":"closed","ping_status":"closed","template":"","meta":{"footnotes":""},"class_list":["post-82588","page","type-page","status-publish","hentry"],"yoast_head":"<!-- This site is optimized with the Yoast SEO Premium plugin v27.3 (Yoast SEO v27.3) - https:\/\/yoast.com\/product\/yoast-seo-premium-wordpress\/ -->\n<title>KaminaKeskus<\/title>\n<meta name=\"description\" content=\"Kaminate, pliitide, ahjude ja korstnate m\u00fc\u00fck\" \/>\n<meta name=\"robots\" content=\"index, follow, max-snippet:-1, max-image-preview:large, max-video-preview:-1\" \/>\n<link rel=\"canonical\" href=\"https:\/\/www.kaminakeskus.ee\/ru\/kaminad-allstoves\/\" \/>\n<meta property=\"og:locale\" content=\"ru_RU\" \/>\n<meta property=\"og:type\" content=\"article\" \/>\n<meta property=\"og:title\" content=\"KAMINAD ALLSTOVES - Kaminakeskus | Kaminad, Ahjud, Pliidid, Saunaahjud, Korstnad, Katlad\" \/>\n<meta property=\"og:description\" content=\"Kaminate, pliitide, ahjude ja korstnate m\u00fc\u00fck\" \/>\n<meta property=\"og:url\" content=\"https:\/\/www.kaminakeskus.ee\/ru\/kaminad-allstoves\/\" \/>\n<meta property=\"og:site_name\" content=\"Kaminakeskus | Kaminad, Ahjud, Pliidid, Saunaahjud, Korstnad, Katlad\" \/>\n<meta property=\"article:publisher\" content=\"https:\/\/www.facebook.com\/kaminakeskus\/yoast\" \/>\n<meta name=\"twitter:card\" content=\"summary_large_image\" \/>\n<meta name=\"twitter:label1\" content=\"\u041f\u0440\u0438\u043c\u0435\u0440\u043d\u043e\u0435 \u0432\u0440\u0435\u043c\u044f \u0434\u043b\u044f \u0447\u0442\u0435\u043d\u0438\u044f\" \/>\n\t<meta name=\"twitter:data1\" content=\"6 \u043c\u0438\u043d\u0443\u0442\" \/>\n<script type=\"application\/ld+json\" class=\"yoast-schema-graph\">{\"@context\":\"https:\\\/\\\/schema.org\",\"@graph\":[{\"@type\":\"WebPage\",\"@id\":\"https:\\\/\\\/www.kaminakeskus.ee\\\/ru\\\/kaminad-allstoves\\\/\",\"url\":\"https:\\\/\\\/www.kaminakeskus.ee\\\/ru\\\/kaminad-allstoves\\\/\",\"name\":\"KaminaKeskus\",\"isPartOf\":{\"@id\":\"https:\\\/\\\/www.kaminakeskus.ee\\\/ru\\\/#website\"},\"datePublished\":\"2025-04-07T08:30:02+00:00\",\"description\":\"Kaminate, pliitide, ahjude ja korstnate m\u00fc\u00fck\",\"breadcrumb\":{\"@id\":\"https:\\\/\\\/www.kaminakeskus.ee\\\/ru\\\/kaminad-allstoves\\\/#breadcrumb\"},\"inLanguage\":\"ru-RU\",\"potentialAction\":[{\"@type\":\"ReadAction\",\"target\":[\"https:\\\/\\\/www.kaminakeskus.ee\\\/ru\\\/kaminad-allstoves\\\/\"]}]},{\"@type\":\"BreadcrumbList\",\"@id\":\"https:\\\/\\\/www.kaminakeskus.ee\\\/ru\\\/kaminad-allstoves\\\/#breadcrumb\",\"itemListElement\":[{\"@type\":\"ListItem\",\"position\":1,\"name\":\"Home\",\"item\":\"https:\\\/\\\/www.kaminakeskus.ee\\\/ru\\\/\"},{\"@type\":\"ListItem\",\"position\":2,\"name\":\"KAMINAD ALLSTOVES\"}]},{\"@type\":\"WebSite\",\"@id\":\"https:\\\/\\\/www.kaminakeskus.ee\\\/ru\\\/#website\",\"url\":\"https:\\\/\\\/www.kaminakeskus.ee\\\/ru\\\/\",\"name\":\"Kaminakeskus | Kaminad, Ahjud, Pliidid, Saunaahjud, Korstnad, Korsten, Moodulkorsten, Katlad\",\"description\":\"Kamin Kaminad Ahi Ahjud Pliit Pliidid Korstnad Katlad\",\"publisher\":{\"@id\":\"https:\\\/\\\/www.kaminakeskus.ee\\\/ru\\\/#organization\"},\"potentialAction\":[{\"@type\":\"SearchAction\",\"target\":{\"@type\":\"EntryPoint\",\"urlTemplate\":\"https:\\\/\\\/www.kaminakeskus.ee\\\/ru\\\/?s={search_term_string}\"},\"query-input\":{\"@type\":\"PropertyValueSpecification\",\"valueRequired\":true,\"valueName\":\"search_term_string\"}}],\"inLanguage\":\"ru-RU\"},{\"@type\":[\"Organization\",\"Place\"],\"@id\":\"https:\\\/\\\/www.kaminakeskus.ee\\\/ru\\\/#organization\",\"name\":\"R\u00e4ndr\u00fc\u00fctel HP O\u00dc\",\"alternateName\":\"KaminaKeskus\",\"url\":\"https:\\\/\\\/www.kaminakeskus.ee\\\/\",\"logo\":{\"@type\":\"ImageObject\",\"inLanguage\":\"ru-RU\",\"@id\":\"https:\\\/\\\/www.kaminakeskus.ee\\\/ru\\\/#\\\/schema\\\/logo\\\/image\\\/\",\"url\":\"https:\\\/\\\/www.kaminakeskus.ee\\\/wp-content\\\/uploads\\\/2026\\\/02\\\/Kaminakeskus-logo-1-1.jpg\",\"contentUrl\":\"https:\\\/\\\/www.kaminakeskus.ee\\\/wp-content\\\/uploads\\\/2026\\\/02\\\/Kaminakeskus-logo-1-1.jpg\",\"width\":2068,\"height\":532,\"caption\":\"R\u00e4ndr\u00fc\u00fctel HP O\u00dc\"},\"image\":{\"@id\":\"https:\\\/\\\/www.kaminakeskus.ee\\\/ru\\\/#\\\/schema\\\/logo\\\/image\\\/\"},\"sameAs\":[\"https:\\\/\\\/www.facebook.com\\\/kaminakeskus\\\/yoast\"],\"description\":\"Sales of fireplaces, chimneys and related goods. Kaminate, ahjude, pliitide, korstnate ja nendega seotud toodete m\u00fc\u00fck.\",\"legalName\":\"R\u00e4ndr\u00fc\u00fctel HP O\u00dc\",\"foundingDate\":\"1997-05-13\",\"leiCode\":\"9845007FC4HB963C8D65\",\"numberOfEmployees\":{\"@type\":\"QuantitativeValue\",\"minValue\":\"1\",\"maxValue\":\"10\"},\"telephone\":[\"+372 5543239\",\"+372 58812360\"],\"contactPoint\":{\"@type\":\"ContactPoint\",\"telephone\":\"+372 5543239\",\"email\":\"kaminakeskus@gmail.com\"},\"email\":\"kaminakeskus@gmail.com\",\"vatID\":\"EE100831739\",\"taxID\":\"10208374\"}]}<\/script>\n<!-- \/ Yoast SEO Premium plugin. -->","yoast_head_json":{"title":"KaminaKeskus","description":"Kaminate, pliitide, ahjude ja korstnate m\u00fc\u00fck","robots":{"index":"index","follow":"follow","max-snippet":"max-snippet:-1","max-image-preview":"max-image-preview:large","max-video-preview":"max-video-preview:-1"},"canonical":"https:\/\/www.kaminakeskus.ee\/ru\/kaminad-allstoves\/","og_locale":"ru_RU","og_type":"article","og_title":"KAMINAD ALLSTOVES - Kaminakeskus | Kaminad, Ahjud, Pliidid, Saunaahjud, Korstnad, Katlad","og_description":"Kaminate, pliitide, ahjude ja korstnate m\u00fc\u00fck","og_url":"https:\/\/www.kaminakeskus.ee\/ru\/kaminad-allstoves\/","og_site_name":"Kaminakeskus | Kaminad, Ahjud, Pliidid, Saunaahjud, Korstnad, Katlad","article_publisher":"https:\/\/www.facebook.com\/kaminakeskus\/yoast","twitter_card":"summary_large_image","twitter_misc":{"\u041f\u0440\u0438\u043c\u0435\u0440\u043d\u043e\u0435 \u0432\u0440\u0435\u043c\u044f \u0434\u043b\u044f \u0447\u0442\u0435\u043d\u0438\u044f":"6 \u043c\u0438\u043d\u0443\u0442"},"schema":{"@context":"https:\/\/schema.org","@graph":[{"@type":"WebPage","@id":"https:\/\/www.kaminakeskus.ee\/ru\/kaminad-allstoves\/","url":"https:\/\/www.kaminakeskus.ee\/ru\/kaminad-allstoves\/","name":"KaminaKeskus","isPartOf":{"@id":"https:\/\/www.kaminakeskus.ee\/ru\/#website"},"datePublished":"2025-04-07T08:30:02+00:00","description":"Kaminate, pliitide, ahjude ja korstnate m\u00fc\u00fck","breadcrumb":{"@id":"https:\/\/www.kaminakeskus.ee\/ru\/kaminad-allstoves\/#breadcrumb"},"inLanguage":"ru-RU","potentialAction":[{"@type":"ReadAction","target":["https:\/\/www.kaminakeskus.ee\/ru\/kaminad-allstoves\/"]}]},{"@type":"BreadcrumbList","@id":"https:\/\/www.kaminakeskus.ee\/ru\/kaminad-allstoves\/#breadcrumb","itemListElement":[{"@type":"ListItem","position":1,"name":"Home","item":"https:\/\/www.kaminakeskus.ee\/ru\/"},{"@type":"ListItem","position":2,"name":"KAMINAD ALLSTOVES"}]},{"@type":"WebSite","@id":"https:\/\/www.kaminakeskus.ee\/ru\/#website","url":"https:\/\/www.kaminakeskus.ee\/ru\/","name":"Kaminakeskus | Kaminad, Ahjud, Pliidid, Saunaahjud, Korstnad, Korsten, Moodulkorsten, Katlad","description":"Kamin Kaminad Ahi Ahjud Pliit Pliidid Korstnad Katlad","publisher":{"@id":"https:\/\/www.kaminakeskus.ee\/ru\/#organization"},"potentialAction":[{"@type":"SearchAction","target":{"@type":"EntryPoint","urlTemplate":"https:\/\/www.kaminakeskus.ee\/ru\/?s={search_term_string}"},"query-input":{"@type":"PropertyValueSpecification","valueRequired":true,"valueName":"search_term_string"}}],"inLanguage":"ru-RU"},{"@type":["Organization","Place"],"@id":"https:\/\/www.kaminakeskus.ee\/ru\/#organization","name":"R\u00e4ndr\u00fc\u00fctel HP O\u00dc","alternateName":"KaminaKeskus","url":"https:\/\/www.kaminakeskus.ee\/","logo":{"@type":"ImageObject","inLanguage":"ru-RU","@id":"https:\/\/www.kaminakeskus.ee\/ru\/#\/schema\/logo\/image\/","url":"https:\/\/www.kaminakeskus.ee\/wp-content\/uploads\/2026\/02\/Kaminakeskus-logo-1-1.jpg","contentUrl":"https:\/\/www.kaminakeskus.ee\/wp-content\/uploads\/2026\/02\/Kaminakeskus-logo-1-1.jpg","width":2068,"height":532,"caption":"R\u00e4ndr\u00fc\u00fctel HP O\u00dc"},"image":{"@id":"https:\/\/www.kaminakeskus.ee\/ru\/#\/schema\/logo\/image\/"},"sameAs":["https:\/\/www.facebook.com\/kaminakeskus\/yoast"],"description":"Sales of fireplaces, chimneys and related goods. Kaminate, ahjude, pliitide, korstnate ja nendega seotud toodete m\u00fc\u00fck.","legalName":"R\u00e4ndr\u00fc\u00fctel HP O\u00dc","foundingDate":"1997-05-13","leiCode":"9845007FC4HB963C8D65","numberOfEmployees":{"@type":"QuantitativeValue","minValue":"1","maxValue":"10"},"telephone":["+372 5543239","+372 58812360"],"contactPoint":{"@type":"ContactPoint","telephone":"+372 5543239","email":"kaminakeskus@gmail.com"},"email":"kaminakeskus@gmail.com","vatID":"EE100831739","taxID":"10208374"}]}},"_links":{"self":[{"href":"https:\/\/www.kaminakeskus.ee\/ru\/wp-json\/wp\/v2\/pages\/82588","targetHints":{"allow":["GET"]}}],"collection":[{"href":"https:\/\/www.kaminakeskus.ee\/ru\/wp-json\/wp\/v2\/pages"}],"about":[{"href":"https:\/\/www.kaminakeskus.ee\/ru\/wp-json\/wp\/v2\/types\/page"}],"author":[{"embeddable":true,"href":"https:\/\/www.kaminakeskus.ee\/ru\/wp-json\/wp\/v2\/users\/3"}],"replies":[{"embeddable":true,"href":"https:\/\/www.kaminakeskus.ee\/ru\/wp-json\/wp\/v2\/comments?post=82588"}],"version-history":[{"count":1,"href":"https:\/\/www.kaminakeskus.ee\/ru\/wp-json\/wp\/v2\/pages\/82588\/revisions"}],"predecessor-version":[{"id":82590,"href":"https:\/\/www.kaminakeskus.ee\/ru\/wp-json\/wp\/v2\/pages\/82588\/revisions\/82590"}],"wp:attachment":[{"href":"https:\/\/www.kaminakeskus.ee\/ru\/wp-json\/wp\/v2\/media?parent=82588"}],"curies":[{"name":"wp","href":"https:\/\/api.w.org\/{rel}","templated":true}]}}